{"id":13794,"date":"2025-11-03T11:12:48","date_gmt":"2025-11-03T11:12:48","guid":{"rendered":"https:\/\/care4birds.bg\/product\/glucovit\/"},"modified":"2026-04-09T10:21:28","modified_gmt":"2026-04-09T10:21:28","slug":"glucovit","status":"publish","type":"product","link":"https:\/\/care4birds.bg\/hu\/termek\/glucovit\/","title":{"rendered":"Glucovit"},"content":{"rendered":"<h6>A GLUCOVIT\u00a0 GLUK\u00d3Z + VITAMINOK kombin\u00e1lhat\u00f3 a CARELYT itat\u00f3v\u00edz\u00e9vel.<\/h6>\n<h6>Adagol\u00e1s<\/h6>\n<p>Az itat\u00f3v\u00edzhez adand\u00f3:<\/p>\n<ul>\n<li>Tollv\u00e1lt\u00e1s \/ t\u00e9li id\u0151szak: heti egyszer 2 ev\u0151kan\u00e1l 2 liter v\u00edzhez (kb. 40 galamb)<\/li>\n<li>Szapor\u00edt\u00e1si id\u0151szak: heti k\u00e9tszer 2 ev\u0151kan\u00e1l 2 liter v\u00edzhez (kb. 40 galamb)<\/li>\n<li>Er\u0151s, j\u00f3l n\u00f6vekv\u0151 fiataloknak, 1 hetes kort\u00f3l: 5 egym\u00e1st k\u00f6vet\u0151 nap<\/li>\n<li>Versenyid\u0151szak: heti k\u00e9tszer 2 ev\u0151kan\u00e1l 2 liter v\u00edzhez (kb. 40 galamb)<\/li>\n<li>Hossz\u00fa t\u00e1v\u00fa versenyekn\u00e9l: ak\u00e1r heti 3 alkalommal 3 ev\u0151kan\u00e1l 2 liter v\u00edzhez<\/li>\n<\/ul>\n<p>Lehet\u0151s\u00e9g van a GLUCOVIT takarm\u00e1nyhoz val\u00f3 hozz\u00e1ad\u00e1s\u00e1ra is ugyanebben az adagol\u00e1sban (\u00b1 40 galamb naponta egyszer). El\u0151sz\u00f6r nedves\u00edtse meg a magvakat, miel\u0151tt \u00f6sszekeveri a GLUCOVIT-tel.<\/p>\n<h6>\u00d6sszet\u00e9tel:<\/h6>\n<p>Vit. A 6000 i.e.<br \/>\nVit. D3 1200 i.e.<br \/>\nVit. E 20 mg.<br \/>\nVit. C 10 mg.<br \/>\nVit. K3 1,5 mg.<br \/>\nVit. B1 280 mg.<br \/>\nVit. B2 400 mg.<br \/>\nNikotinamid 30 mg.<br \/>\nPantot\u00e9nsav 10 mg.<br \/>\nKolin 100 mg.<br \/>\nNyomelemek<br \/>\nDextrose ad 1000 g.<\/p>\n","protected":false},"excerpt":{"rendered":"<p>A GLUCOVIT\u00a0 GLUK\u00d3Z + VITAMINOK kombin\u00e1lhat\u00f3 a CARELYT itat\u00f3v\u00edz\u00e9vel. Adagol\u00e1s Az itat\u00f3v\u00edzhez adand\u00f3: Tollv\u00e1lt\u00e1s \/ t\u00e9li id\u0151szak: heti egyszer 2 ev\u0151kan\u00e1l 2&hellip;<\/p>\n","protected":false},"featured_media":13515,"template":"","meta":[],"product_cat":[308],"product_tag":[],"class_list":{"0":"post-13794","1":"product","2":"type-product","3":"status-publish","4":"has-post-thumbnail","6":"product_cat-kiegeszitok-galambok-szamara","8":"first","9":"instock","10":"shipping-taxable","11":"product-type-simple"},"_links":{"self":[{"href":"https:\/\/care4birds.bg\/hu\/wp-json\/wp\/v2\/product\/13794","targetHints":{"allow":["GET"]}}],"collection":[{"href":"https:\/\/care4birds.bg\/hu\/wp-json\/wp\/v2\/product"}],"about":[{"href":"https:\/\/care4birds.bg\/hu\/wp-json\/wp\/v2\/types\/product"}],"wp:featuredmedia":[{"embeddable":true,"href":"https:\/\/care4birds.bg\/hu\/wp-json\/wp\/v2\/media\/13515"}],"wp:attachment":[{"href":"https:\/\/care4birds.bg\/hu\/wp-json\/wp\/v2\/media?parent=13794"}],"wp:term":[{"taxonomy":"product_cat","embeddable":true,"href":"https:\/\/care4birds.bg\/hu\/wp-json\/wp\/v2\/product_cat?post=13794"},{"taxonomy":"product_tag","embeddable":true,"href":"https:\/\/care4birds.bg\/hu\/wp-json\/wp\/v2\/product_tag?post=13794"}],"curies":[{"name":"wp","href":"https:\/\/api.w.org\/{rel}","templated":true}]}}