{"id":13800,"date":"2025-11-03T11:12:01","date_gmt":"2025-11-03T11:12:01","guid":{"rendered":"https:\/\/care4birds.bg\/product\/carelyt\/"},"modified":"2026-04-09T10:23:48","modified_gmt":"2026-04-09T10:23:48","slug":"carelyt","status":"publish","type":"product","link":"https:\/\/care4birds.bg\/hu\/termek\/carelyt\/","title":{"rendered":"Carelyt"},"content":{"rendered":"<h6>Jelz\u00e9s:<\/h6>\n<p>Flying Salt versenygalamboknak<br \/>\nA CARELYT figyeli a madarak sav- \u00e9s v\u00edzh\u00e1ztart\u00e1s\u00e1t. Felgyors\u00edtja a galambok regener\u00e1l\u00f3d\u00e1s\u00e1t hossz\u00fa rep\u00fcl\u00e9sek ut\u00e1n. R\u00f6vid id\u0151n bel\u00fcl vissza\u00e1ll\u00edtja a cs\u00facsform\u00e1jukat.<\/p>\n<h6>Adagol\u00e1s:<\/h6>\n<p>Etet\u00e9si utas\u00edt\u00e1sok:<br \/>\nAmikor a galambok visszat\u00e9rnek a rep\u00fcl\u00e9sb\u0151l, nagyon szomjasak. El\u0151sz\u00f6r friss, tiszta vizet adjon. K\u00e9t \u00f3ra eltelt\u00e9vel ism\u00e9t friss vizet adjon, de most keverje \u00f6ssze CARELYT-tel. Oldjon fel 25 g CARELYT-et (1 ev\u0151kan\u00e1l) 2 liter iv\u00f3v\u00edzben, \u00e9s tegye hozz\u00e1f\u00e9rhet\u0151v\u00e9 24 \u00f3r\u00e1n kereszt\u00fcl. Ezut\u00e1n t\u00e1vol\u00edtsa el, \u00e9s folytassa a norm\u00e1l friss iv\u00f3v\u00edzzel. A CARELYT haszn\u00e1lhat\u00f3 a legt\u00f6bb versenygalamboknak sz\u00e1nt gy\u00f3gyszerrel egy\u00fctt.<\/p>\n<h6>Tartalmaz:<\/h6>\n<div>600 g<\/div>\n","protected":false},"excerpt":{"rendered":"<p>Jelz\u00e9s: Flying Salt versenygalamboknak A CARELYT figyeli a madarak sav- \u00e9s v\u00edzh\u00e1ztart\u00e1s\u00e1t. Felgyors\u00edtja a galambok regener\u00e1l\u00f3d\u00e1s\u00e1t hossz\u00fa rep\u00fcl\u00e9sek ut\u00e1n. R\u00f6vid id\u0151n bel\u00fcl&hellip;<\/p>\n","protected":false},"featured_media":13520,"template":"","meta":[],"product_cat":[308],"product_tag":[],"class_list":{"0":"post-13800","1":"product","2":"type-product","3":"status-publish","4":"has-post-thumbnail","6":"product_cat-kiegeszitok-galambok-szamara","8":"first","9":"instock","10":"shipping-taxable","11":"product-type-simple"},"_links":{"self":[{"href":"https:\/\/care4birds.bg\/hu\/wp-json\/wp\/v2\/product\/13800","targetHints":{"allow":["GET"]}}],"collection":[{"href":"https:\/\/care4birds.bg\/hu\/wp-json\/wp\/v2\/product"}],"about":[{"href":"https:\/\/care4birds.bg\/hu\/wp-json\/wp\/v2\/types\/product"}],"wp:featuredmedia":[{"embeddable":true,"href":"https:\/\/care4birds.bg\/hu\/wp-json\/wp\/v2\/media\/13520"}],"wp:attachment":[{"href":"https:\/\/care4birds.bg\/hu\/wp-json\/wp\/v2\/media?parent=13800"}],"wp:term":[{"taxonomy":"product_cat","embeddable":true,"href":"https:\/\/care4birds.bg\/hu\/wp-json\/wp\/v2\/product_cat?post=13800"},{"taxonomy":"product_tag","embeddable":true,"href":"https:\/\/care4birds.bg\/hu\/wp-json\/wp\/v2\/product_tag?post=13800"}],"curies":[{"name":"wp","href":"https:\/\/api.w.org\/{rel}","templated":true}]}}