{"id":13803,"date":"2025-11-03T11:11:31","date_gmt":"2025-11-03T11:11:31","guid":{"rendered":"https:\/\/care4birds.bg\/product\/probiocare\/"},"modified":"2026-04-09T10:25:23","modified_gmt":"2026-04-09T10:25:23","slug":"probiocare","status":"publish","type":"product","link":"https:\/\/care4birds.bg\/hu\/termek\/probiocare\/","title":{"rendered":"ProbioCare"},"content":{"rendered":"<h6>Probiotikumok \u00e9s prebiotikumok a b\u00e9lfl\u00f3ra regener\u00e1ci\u00f3j\u00e1hoz<\/h6>\n<p>Probiotikum-prebiotikum kombin\u00e1ci\u00f3 a b\u00e9lfl\u00f3ra regener\u00e1ci\u00f3j\u00e1ra \u00e9s jav\u00edt\u00e1s\u00e1ra. A ProbioCare k\u00fcl\u00f6nf\u00e9le probiotikumok \u00e9s prebiotikumok speci\u00e1lis kombin\u00e1ci\u00f3j\u00e1t tartalmazza, amelyek szinergikusan m\u0171k\u00f6dnek a b\u00e9lfl\u00f3ra szab\u00e1lyoz\u00e1s\u00e1nak jav\u00edt\u00e1sa \u00e9rdek\u00e9ben. A ProbioCare kiv\u00e1l\u00f3 v\u00e1laszt\u00e1s:<\/p>\n<ul>\n<li>antibiotikum ad\u00e1sa ut\u00e1n<\/li>\n<li>olt\u00e1sok ut\u00e1n<\/li>\n<li>immuner\u0151s\u00edt\u00e9sre a versenyl\u00e9t ut\u00e1n<\/li>\n<li>ki\u00e1ll\u00edt\u00e1sok ut\u00e1n<\/li>\n<\/ul>\n<p>Az em\u00e9szt\u00e9si probl\u00e9m\u00e1k sok k\u00e1ros (patog\u00e9n) mikroorganizmus \u00e9s endoparazita el\u0151jel\u00e9t jelenthetik. Sok esetben megfigyelhet\u0151k neh\u00e9z rep\u00fcl\u00e9sek \u00e9s teny\u00e9szt\u00e9s sor\u00e1n. A ProbioCare k\u00fcl\u00f6nf\u00e9le probiotikumok mikroenkapszul\u00e1zott form\u00e1j\u00e1t, valamint egyedi sz\u00e9nhidr\u00e1tkombin\u00e1ci\u00f3t tartalmaz, amely szab\u00e1lyozza a b\u00e9lfl\u00f3r\u00e1t. A k\u00fcl\u00f6nb\u00f6z\u0151 bakt\u00e9riumok k\u00f6lcs\u00f6n\u00f6sen t\u00e1mogatj\u00e1k a galamb v\u00e9konybel\u00e9nek akt\u00edv tel\u00edtetts\u00e9g\u00e9t. Ez\u00e1ltal seg\u00edtik az em\u00e9szt\u00e9si folyamatokat, alapvet\u0151 t\u00e1panyagokat \u00e1ll\u00edtanak el\u0151, amelyek stabiliz\u00e1lj\u00e1k a b\u00e9lfl\u00f3r\u00e1t, \u00e9s er\u0151s\u00edtik az immunrendszert. Ezek a probiotikumok elnyomj\u00e1k a patog\u00e9n bakt\u00e9riumokat, p\u00e9ld\u00e1ul a Salmonell\u00e1t, E. colit, Staphylococcust, Streptococcust, valamint a gomb\u00e1s fert\u0151z\u00e9seket, mint a Candida, Kokcidi\u00f3zis \u00e9s Trichomoniasis. Ez nagyon hat\u00e9kony m\u00f3dja a b\u00e9lbetegs\u00e9gek megel\u0151z\u00e9s\u00e9nek, \u00e9s a b\u00e9lfl\u00f3ra gyorsan regener\u00e1l\u00f3dik. A ProbioCare rendszeres alkalmaz\u00e1sa n\u00f6veli a term\u00e9szetes ellen\u00e1ll\u00f3 er\u0151ket, jav\u00edtja az \u00e9tv\u00e1gyat, \u00e9s a galambok t\u00f6bb energi\u00e1val rendelkeznek a rep\u00fcl\u00e9sek sor\u00e1n.<\/p>\n<h6>Adagol\u00e1s<\/h6>\n<p>1 m\u00e9r\u0151kan\u00e1l (12,5 g) 1 kg takarm\u00e1nyhoz, hetente k\u00e9tszer (adag 25 galamb sz\u00e1m\u00e1ra)<\/p>\n","protected":false},"excerpt":{"rendered":"<p>Probiotikumok \u00e9s prebiotikumok a b\u00e9lfl\u00f3ra regener\u00e1ci\u00f3j\u00e1hoz Probiotikum-prebiotikum kombin\u00e1ci\u00f3 a b\u00e9lfl\u00f3ra regener\u00e1ci\u00f3j\u00e1ra \u00e9s jav\u00edt\u00e1s\u00e1ra. A ProbioCare k\u00fcl\u00f6nf\u00e9le probiotikumok \u00e9s prebiotikumok speci\u00e1lis kombin\u00e1ci\u00f3j\u00e1t tartalmazza,&hellip;<\/p>\n","protected":false},"featured_media":13517,"template":"","meta":[],"product_cat":[308,303],"product_tag":[],"class_list":{"0":"post-13803","1":"product","2":"type-product","3":"status-publish","4":"has-post-thumbnail","6":"product_cat-kiegeszitok-galambok-szamara","7":"product_cat-kiegeszitok-madaraknak","9":"first","10":"instock","11":"shipping-taxable","12":"product-type-simple"},"_links":{"self":[{"href":"https:\/\/care4birds.bg\/hu\/wp-json\/wp\/v2\/product\/13803","targetHints":{"allow":["GET"]}}],"collection":[{"href":"https:\/\/care4birds.bg\/hu\/wp-json\/wp\/v2\/product"}],"about":[{"href":"https:\/\/care4birds.bg\/hu\/wp-json\/wp\/v2\/types\/product"}],"wp:featuredmedia":[{"embeddable":true,"href":"https:\/\/care4birds.bg\/hu\/wp-json\/wp\/v2\/media\/13517"}],"wp:attachment":[{"href":"https:\/\/care4birds.bg\/hu\/wp-json\/wp\/v2\/media?parent=13803"}],"wp:term":[{"taxonomy":"product_cat","embeddable":true,"href":"https:\/\/care4birds.bg\/hu\/wp-json\/wp\/v2\/product_cat?post=13803"},{"taxonomy":"product_tag","embeddable":true,"href":"https:\/\/care4birds.bg\/hu\/wp-json\/wp\/v2\/product_tag?post=13803"}],"curies":[{"name":"wp","href":"https:\/\/api.w.org\/{rel}","templated":true}]}}