{"id":13807,"date":"2025-11-03T11:11:16","date_gmt":"2025-11-03T11:11:16","guid":{"rendered":"https:\/\/care4birds.bg\/product\/herbal-care\/"},"modified":"2026-04-09T10:27:11","modified_gmt":"2026-04-09T10:27:11","slug":"herbal-care","status":"publish","type":"product","link":"https:\/\/care4birds.bg\/hu\/termek\/herbal-care\/","title":{"rendered":"Herbal Care"},"content":{"rendered":"<h6>Gy\u00f3gyn\u00f6v\u00e9ny tinkt\u00fara hozz\u00e1adott szerves savakkal, vitaminokkal, \u00e1sv\u00e1nyi anyagokkal \u00e9s nyomelemekkel<\/h6>\n<p>A Herbal Care teljesen term\u00e9szetes term\u00e9k, amely er\u0151s alapot biztos\u00edt mind a rep\u00fcl\u00e9si szezonban, mind a szezonon k\u00edv\u00fcl. A term\u00e9k gy\u00f3gyn\u00f6v\u00e9ny tinkt\u00fara, kieg\u00e9sz\u00edtve szerves savakkal, \u00e9s gazdag vitaminokban, \u00e1sv\u00e1nyi anyagokban \u00e9s nyomelemekben, amelyek nagyon hat\u00e9konyak a gyomor-b\u00e9lrendszeri probl\u00e9m\u00e1k ellen. A Herbal Care jav\u00edtja a galambok kond\u00edci\u00f3j\u00e1t, n\u00f6veli az ellen\u00e1ll\u00f3 k\u00e9pess\u00e9get \u00e9s el\u0151seg\u00edti a gyorsabb regener\u00e1l\u00f3d\u00e1st a meger\u0151ltet\u00e9s ut\u00e1n. A Herbal Care fokozza a term\u00e9kenys\u00e9get \u00e9s ellen\u00e1ll\u00f3bb\u00e1 teszi a fiatal galambokat.<\/p>\n<h6>Adagol\u00e1s<\/h6>\n<p>10 ml Herbal Care 1 liter iv\u00f3v\u00edzhez<\/p>\n<ul>\n<li>Molting szezon: heti 1-2 alkalommal<\/li>\n<li>Verseny szezon: heti 1-2 alkalommal<\/li>\n<li>Fiatal galambok: heti 3-4 alkalommal<\/li>\n<li>Szapor\u00edt\u00e1si szezon: heti 2 alkalommal<\/li>\n<\/ul>\n<p>Haszn\u00e1lat el\u0151tt j\u00f3l felr\u00e1zand\u00f3!<\/p>\n<h6>Tan\u00e1csok<\/h6>\n<p>A versenyszezon el\u0151tt 7-10 napos profilaktikus kezel\u00e9s javasolt.<\/p>\n<h6>\u00d6sszet\u00e9tel<\/h6>\n<p>Gy\u00f3gyn\u00f6v\u00e9ny tinkt\u00fara: ginzeng gy\u00f6k\u00e9r, b\u00edbor kasvir\u00e1g, kis centaury, fekete \u00e1fonya lev\u00e9l, f\u0171z k\u00e9reg, tengeri alga, vad zeller gy\u00f6k\u00e9r, satureja hortensis, fah\u00e9j, s\u00e1fr\u00e1ny; bodza koncentr\u00e1tum; fekete \u00e1fonya koncentr\u00e1tum; citromsav; almaecet; gl\u00fck\u00f3z<\/p>\n","protected":false},"excerpt":{"rendered":"<p>Gy\u00f3gyn\u00f6v\u00e9ny tinkt\u00fara hozz\u00e1adott szerves savakkal, vitaminokkal, \u00e1sv\u00e1nyi anyagokkal \u00e9s nyomelemekkel A Herbal Care teljesen term\u00e9szetes term\u00e9k, amely er\u0151s alapot biztos\u00edt mind a&hellip;<\/p>\n","protected":false},"featured_media":13521,"template":"","meta":[],"product_cat":[308,303],"product_tag":[],"class_list":{"0":"post-13807","1":"product","2":"type-product","3":"status-publish","4":"has-post-thumbnail","6":"product_cat-kiegeszitok-galambok-szamara","7":"product_cat-kiegeszitok-madaraknak","9":"first","10":"instock","11":"shipping-taxable","12":"product-type-simple"},"_links":{"self":[{"href":"https:\/\/care4birds.bg\/hu\/wp-json\/wp\/v2\/product\/13807","targetHints":{"allow":["GET"]}}],"collection":[{"href":"https:\/\/care4birds.bg\/hu\/wp-json\/wp\/v2\/product"}],"about":[{"href":"https:\/\/care4birds.bg\/hu\/wp-json\/wp\/v2\/types\/product"}],"wp:featuredmedia":[{"embeddable":true,"href":"https:\/\/care4birds.bg\/hu\/wp-json\/wp\/v2\/media\/13521"}],"wp:attachment":[{"href":"https:\/\/care4birds.bg\/hu\/wp-json\/wp\/v2\/media?parent=13807"}],"wp:term":[{"taxonomy":"product_cat","embeddable":true,"href":"https:\/\/care4birds.bg\/hu\/wp-json\/wp\/v2\/product_cat?post=13807"},{"taxonomy":"product_tag","embeddable":true,"href":"https:\/\/care4birds.bg\/hu\/wp-json\/wp\/v2\/product_tag?post=13807"}],"curies":[{"name":"wp","href":"https:\/\/api.w.org\/{rel}","templated":true}]}}