{"id":13810,"date":"2025-11-03T11:10:18","date_gmt":"2025-11-03T11:10:18","guid":{"rendered":"https:\/\/care4birds.bg\/product\/caresol\/"},"modified":"2026-04-09T10:30:31","modified_gmt":"2026-04-09T10:30:31","slug":"caresol","status":"publish","type":"product","link":"https:\/\/care4birds.bg\/hu\/termek\/caresol\/","title":{"rendered":"Caresol"},"content":{"rendered":"<h6>Jelz\u00e9s:<\/h6>\n<p>Az elektrolitok \u00e9s \u00e1sv\u00e1nyi anyagok (k\u00e1lium, n\u00e1trium, magn\u00e9zium) egyed\u00fcl\u00e1ll\u00f3 kombin\u00e1ci\u00f3ja, amely a gl\u00fck\u00f3zon alapul\u00f3 energiaforr\u00e1st haszn\u00e1l, seg\u00edti a regener\u00e1l\u00f3d\u00e1si folyamat felgyors\u00edt\u00e1s\u00e1t. Hidrat\u00e1lja \u00e9s t\u00e1mogatja a madarakat sz\u00e9ls\u0151s\u00e9ges h\u0151m\u00e9rs\u00e9klet \u00e9s sz\u00e1ll\u00edt\u00e1s, valamint ki\u00e1ll\u00edt\u00e1s idej\u00e9n. Energi\u00e1t \u00e9s elektrolitokat biztos\u00edt a madarak sz\u00e1m\u00e1ra a betegs\u00e9gb\u0151l, stresszb\u0151l \u00e9s nagy ig\u00e9nybev\u00e9tel ut\u00e1n val\u00f3 regener\u00e1l\u00f3d\u00e1shoz. N\u00f6veli a vitalit\u00e1st \u00e9s \u00e9leter\u0151t a ki\u00e1ll\u00edtott vagy elad\u00e1sra sz\u00e1nt madarakn\u00e1l. Az elk\u00e9sz\u00edtett oldat k\u00f6zvetlen\u00fcl is alkalmazhat\u00f3 v\u00e9szhelyzetekben gyors energi\u00e1t biztos\u00edtva.<\/p>\n<h6>Adagol\u00e1s \u00e9s alkalmaz\u00e1s m\u00f3dja:<\/h6>\n<ul>\n<li>SZAPOR\u00cdT\u00c1SI SZEZON: az er\u0151s, j\u00f3l fejl\u0151d\u0151 fiatalok sz\u00e1m\u00e1ra: kb. 25 ml 1 liter v\u00edzhez 5 egym\u00e1st k\u00f6vet\u0151 napon, kezdve, amint a fiatalok kb. 1 hetesek.<\/li>\n<li>VERSENY SZEZON: hetente 2-3 alkalommal 15 ml 1 liter v\u00edzhez.<\/li>\n<li>NAGY MEGER\u0150LTET\u00c9S UT\u00c1N (Verseny szezon): miut\u00e1n a galambok hazat\u00e9rnek, el\u0151sz\u00f6r tiszta vizet biztos\u00edtunk, majd CARESOL-t adunk az iv\u00f3v\u00edzhez. 15 ml (1\/2 m\u00e9r\u0151kan\u00e1l) 1 liter v\u00edzhez.<\/li>\n<\/ul>\n<h6>Megjegyz\u00e9sek:<\/h6>\n<ul>\n<li>\u2022 Haszn\u00e1lat el\u0151tt j\u00f3l felr\u00e1zand\u00f3!<\/li>\n<li>\u2022 Gyermekekt\u0151l elz\u00e1rva tartand\u00f3.<\/li>\n<li>\u2022 Csak \u00e1llatok sz\u00e1jon \u00e1t t\u00f6rt\u00e9n\u0151 alkalmaz\u00e1s\u00e1ra, melyek nem emberi fogyaszt\u00e1sra sz\u00e1ntak.<\/li>\n<li>\u2022 Sz\u00e1raz, k\u00f6zvetlen napf\u00e9nyt\u0151l v\u00e9dett helyen, 0-30 \u00b0C k\u00f6z\u00f6tt t\u00e1roland\u00f3.<\/li>\n<li>\u2022 Min\u0151s\u00e9gmeg\u0151rz\u00e9si id\u0151: l\u00e1sd a csomagol\u00e1son.<\/li>\n<li>\u2022 Tartalom: 500 ml \u00e1llati takarm\u00e1ny-kieg\u00e9sz\u00edt\u0151 galambok sz\u00e1m\u00e1ra<\/li>\n<\/ul>\n","protected":false},"excerpt":{"rendered":"<p>Jelz\u00e9s: Az elektrolitok \u00e9s \u00e1sv\u00e1nyi anyagok (k\u00e1lium, n\u00e1trium, magn\u00e9zium) egyed\u00fcl\u00e1ll\u00f3 kombin\u00e1ci\u00f3ja, amely a gl\u00fck\u00f3zon alapul\u00f3 energiaforr\u00e1st haszn\u00e1l, seg\u00edti a regener\u00e1l\u00f3d\u00e1si folyamat felgyors\u00edt\u00e1s\u00e1t.&hellip;<\/p>\n","protected":false},"featured_media":13529,"template":"","meta":[],"product_cat":[308,303],"product_tag":[],"class_list":{"0":"post-13810","1":"product","2":"type-product","3":"status-publish","4":"has-post-thumbnail","6":"product_cat-kiegeszitok-galambok-szamara","7":"product_cat-kiegeszitok-madaraknak","9":"first","10":"instock","11":"shipping-taxable","12":"product-type-simple"},"_links":{"self":[{"href":"https:\/\/care4birds.bg\/hu\/wp-json\/wp\/v2\/product\/13810","targetHints":{"allow":["GET"]}}],"collection":[{"href":"https:\/\/care4birds.bg\/hu\/wp-json\/wp\/v2\/product"}],"about":[{"href":"https:\/\/care4birds.bg\/hu\/wp-json\/wp\/v2\/types\/product"}],"wp:featuredmedia":[{"embeddable":true,"href":"https:\/\/care4birds.bg\/hu\/wp-json\/wp\/v2\/media\/13529"}],"wp:attachment":[{"href":"https:\/\/care4birds.bg\/hu\/wp-json\/wp\/v2\/media?parent=13810"}],"wp:term":[{"taxonomy":"product_cat","embeddable":true,"href":"https:\/\/care4birds.bg\/hu\/wp-json\/wp\/v2\/product_cat?post=13810"},{"taxonomy":"product_tag","embeddable":true,"href":"https:\/\/care4birds.bg\/hu\/wp-json\/wp\/v2\/product_tag?post=13810"}],"curies":[{"name":"wp","href":"https:\/\/api.w.org\/{rel}","templated":true}]}}