{"id":13813,"date":"2025-11-03T11:08:49","date_gmt":"2025-11-03T11:08:49","guid":{"rendered":"https:\/\/care4birds.bg\/product\/fly-forma-drops\/"},"modified":"2026-04-09T10:32:07","modified_gmt":"2026-04-09T10:32:07","slug":"fly-forma-drops","status":"publish","type":"product","link":"https:\/\/care4birds.bg\/hu\/termek\/fly-forma-drops\/","title":{"rendered":"Fly forma drops"},"content":{"rendered":"<h6>Jelz\u00e9s:<\/h6>\n<div>A szemek tiszt\u00edt\u00e1s\u00e1ra. A szem- \u00e9s k\u00f6nnycsatorna irrit\u00e1ci\u00f3ja befoly\u00e1solhatja az ir\u00e1ny\u00edt\u00e1st \u00e9s a rep\u00fcl\u00e9si teljes\u00edtm\u00e9nyt, ami csal\u00f3d\u00e1st okozhat.<\/div>\n<h6>FORMULA:<\/h6>\n<div>Gy\u00f3gyn\u00f6v\u00e9ny kivonat (\u00c9desr\u00e9ti here, Kis eper, L\u00e1ndzs\u00e1s \u00fatif\u0171) \u00e9s Argenti proteinas.<\/div>\n<h6>Tartalmaz:<\/h6>\n<div>30 ml kezel\u0151 term\u00e9k verseny- \u00e9s d\u00edszgalambok sz\u00e1m\u00e1ra<\/div>\n<h6>ADAGOL\u00c1S \u00c9S HASZN\u00c1LATI UTAS\u00cdT\u00c1S:<\/h6>\n<div>Haszn\u00e1ljon 1\u20132 cseppet szemenk\u00e9nt. Haszn\u00e1lat el\u0151tt r\u00e1zza fel!<\/div>\n<h6>HOGYAN KELL HASZN\u00c1LNI:<\/h6>\n<div>Versenygalambok: Egy csepp minden szembe \u00e9s orrlyukba a rep\u00fcl\u00e9s el\u0151tt \u00e9s ut\u00e1n.<\/div>\n<div>Ha a galambok j\u00f3 \u00e1llapotban vannak, a csepp szinte azonnal felsz\u00edv\u00f3dik.<\/div>\n","protected":false},"excerpt":{"rendered":"<p>Jelz\u00e9s: A szemek tiszt\u00edt\u00e1s\u00e1ra. A szem- \u00e9s k\u00f6nnycsatorna irrit\u00e1ci\u00f3ja befoly\u00e1solhatja az ir\u00e1ny\u00edt\u00e1st \u00e9s a rep\u00fcl\u00e9si teljes\u00edtm\u00e9nyt, ami csal\u00f3d\u00e1st okozhat. FORMULA: Gy\u00f3gyn\u00f6v\u00e9ny kivonat&hellip;<\/p>\n","protected":false},"featured_media":13525,"template":"","meta":[],"product_cat":[308],"product_tag":[],"class_list":{"0":"post-13813","1":"product","2":"type-product","3":"status-publish","4":"has-post-thumbnail","6":"product_cat-kiegeszitok-galambok-szamara","8":"first","9":"instock","10":"shipping-taxable","11":"product-type-simple"},"_links":{"self":[{"href":"https:\/\/care4birds.bg\/hu\/wp-json\/wp\/v2\/product\/13813","targetHints":{"allow":["GET"]}}],"collection":[{"href":"https:\/\/care4birds.bg\/hu\/wp-json\/wp\/v2\/product"}],"about":[{"href":"https:\/\/care4birds.bg\/hu\/wp-json\/wp\/v2\/types\/product"}],"wp:featuredmedia":[{"embeddable":true,"href":"https:\/\/care4birds.bg\/hu\/wp-json\/wp\/v2\/media\/13525"}],"wp:attachment":[{"href":"https:\/\/care4birds.bg\/hu\/wp-json\/wp\/v2\/media?parent=13813"}],"wp:term":[{"taxonomy":"product_cat","embeddable":true,"href":"https:\/\/care4birds.bg\/hu\/wp-json\/wp\/v2\/product_cat?post=13813"},{"taxonomy":"product_tag","embeddable":true,"href":"https:\/\/care4birds.bg\/hu\/wp-json\/wp\/v2\/product_tag?post=13813"}],"curies":[{"name":"wp","href":"https:\/\/api.w.org\/{rel}","templated":true}]}}