{"id":13816,"date":"2025-11-03T11:08:27","date_gmt":"2025-11-03T11:08:27","guid":{"rendered":"https:\/\/care4birds.bg\/product\/carechol\/"},"modified":"2026-04-09T10:33:52","modified_gmt":"2026-04-09T10:33:52","slug":"carechol","status":"publish","type":"product","link":"https:\/\/care4birds.bg\/hu\/termek\/carechol\/","title":{"rendered":"Carechol"},"content":{"rendered":"<h6>Jelz\u00e9s:<\/h6>\n<div>A metionin \u00e9s a kolin l\u00e9tfontoss\u00e1g\u00fa k\u00e9ntartalm\u00fa aminosavak, amelyek v\u00e9dik a m\u00e1jat \u00e9s a ves\u00e9ket, harcolnak a m\u00e1j zs\u00edros degener\u00e1ci\u00f3ja ellen, \u00e9s biztos\u00edtj\u00e1k a zs\u00edr sejtekhez t\u00f6rt\u00e9n\u0151 sz\u00e1ll\u00edt\u00e1s\u00e1t, ami elengedhetetlen az idegrendszer megfelel\u0151 m\u0171k\u00f6d\u00e9s\u00e9hez. Hozz\u00e1j\u00e1rulnak a fiatal galambok optim\u00e1lis n\u00f6veked\u00e9s\u00e9hez, \u00e9s nagyon fontosak a vedl\u00e9si id\u0151szak alatt is. Mindezek miatt a Carechol eg\u00e9sz \u00e9vben adhat\u00f3 term\u00e9k.<\/div>\n<h6>Adagol\u00e1s:<\/h6>\n<div>Vedl\u00e9s idej\u00e9n: 10 ml 1 liter iv\u00f3v\u00edzhez vagy 1 kg takarm\u00e1nyhoz, hetente k\u00e9tszer<\/div>\n<div>Rep\u00fcl\u00e9si szezonban: 10 ml 1 liter iv\u00f3v\u00edzhez vagy 1 kg takarm\u00e1nyhoz, hetente egyszer<\/div>\n<div>Kurzusos kezel\u00e9sk\u00e9nt: 10 ml 1 liter iv\u00f3v\u00edzhez vagy 1 kg takarm\u00e1nyhoz, 5 egym\u00e1st k\u00f6vet\u0151 napon kereszt\u00fcl<\/div>\n<h6>Csomagol\u00e1s:<\/h6>\n<div>1000 ml or\u00e1lis folyad\u00e9k galambok \u00e9s kalitk\u00e1s madarak sz\u00e1m\u00e1ra, 300\u20133000 gramm \u00e9l\u0151s\u00falyig.<\/div>\n<h6>\u00d6sszet\u00e9tel:<\/h6>\n<div>Metionin: 1 % ; Kolin: 15 % ; Gl\u00fck\u00f3z: 60 % ; Inakt\u00edv \u00f6sszetev\u0151k q.s. 100 %-ig<\/div>\n","protected":false},"excerpt":{"rendered":"<p>Jelz\u00e9s: A metionin \u00e9s a kolin l\u00e9tfontoss\u00e1g\u00fa k\u00e9ntartalm\u00fa aminosavak, amelyek v\u00e9dik a m\u00e1jat \u00e9s a ves\u00e9ket, harcolnak a m\u00e1j zs\u00edros degener\u00e1ci\u00f3ja ellen,&hellip;<\/p>\n","protected":false},"featured_media":13522,"template":"","meta":[],"product_cat":[308,303],"product_tag":[],"class_list":{"0":"post-13816","1":"product","2":"type-product","3":"status-publish","4":"has-post-thumbnail","6":"product_cat-kiegeszitok-galambok-szamara","7":"product_cat-kiegeszitok-madaraknak","9":"first","10":"instock","11":"shipping-taxable","12":"product-type-simple"},"_links":{"self":[{"href":"https:\/\/care4birds.bg\/hu\/wp-json\/wp\/v2\/product\/13816","targetHints":{"allow":["GET"]}}],"collection":[{"href":"https:\/\/care4birds.bg\/hu\/wp-json\/wp\/v2\/product"}],"about":[{"href":"https:\/\/care4birds.bg\/hu\/wp-json\/wp\/v2\/types\/product"}],"wp:featuredmedia":[{"embeddable":true,"href":"https:\/\/care4birds.bg\/hu\/wp-json\/wp\/v2\/media\/13522"}],"wp:attachment":[{"href":"https:\/\/care4birds.bg\/hu\/wp-json\/wp\/v2\/media?parent=13816"}],"wp:term":[{"taxonomy":"product_cat","embeddable":true,"href":"https:\/\/care4birds.bg\/hu\/wp-json\/wp\/v2\/product_cat?post=13816"},{"taxonomy":"product_tag","embeddable":true,"href":"https:\/\/care4birds.bg\/hu\/wp-json\/wp\/v2\/product_tag?post=13816"}],"curies":[{"name":"wp","href":"https:\/\/api.w.org\/{rel}","templated":true}]}}