{"id":13819,"date":"2025-11-03T11:07:01","date_gmt":"2025-11-03T11:07:01","guid":{"rendered":"https:\/\/care4birds.bg\/product\/caremin\/"},"modified":"2026-04-09T10:35:58","modified_gmt":"2026-04-09T10:35:58","slug":"caremin","status":"publish","type":"product","link":"https:\/\/care4birds.bg\/hu\/termek\/caremin\/","title":{"rendered":"Caremin"},"content":{"rendered":"<h6>Jelz\u00e9s:<\/h6>\n<div>A CAREMIN hozz\u00e1j\u00e1rul az eg\u00e9szs\u00e9ghez \u00e9s er\u0151s\u00edti az immunrendszert fiatal \u00e9s id\u0151s galambokn\u00e1l! A CAREMIN eg\u00e9sz \u00e9vben adhat\u00f3, de n\u00e9lk\u00fcl\u00f6zhetetlen olyan id\u0151szakokban, amikor sokat k\u00f6vetelnek a galambokt\u00f3l, p\u00e9ld\u00e1ul a teny\u00e9szt\u00e9s, a rep\u00fcl\u00e9si szezon, a vedl\u00e9s \u00e9s antibiotikum- vagy olt\u00e1si k\u00fara ut\u00e1n. Adhat\u00f3 iv\u00f3v\u00edzbe vagy a takarm\u00e1nyhoz keverve.<\/div>\n<h6>Adagol\u00e1s:<\/h6>\n<div>10 ml 1 liter iv\u00f3v\u00edzhez vagy 15 ml 1 kg takarm\u00e1nyhoz, hetente k\u00e9tszer.<\/div>\n<div>Haszn\u00e1lat el\u0151tt felr\u00e1zand\u00f3!<\/div>\n<h6>Csomagol\u00e1s:<\/h6>\n<div>1000 ml or\u00e1lis folyad\u00e9k galambok \u00e9s kalitk\u00e1s madarak sz\u00e1m\u00e1ra, 300\u20133000 gramm \u00e9l\u0151s\u00falyig.<\/div>\n<h6>\u00d6sszet\u00e9tel:<\/h6>\n<div>Vitamin A: 6250 I.E.<br \/>\nVitamin D3: 1250 I.E.<br \/>\nVitamin B1: 375 mg<br \/>\nVitamin B2: 313 mg<br \/>\nVitamin B6: 500 mg<br \/>\nVitamin B12: 125 mcg<br \/>\nVitamin B3: 5 mg<br \/>\nVitamin C: 5 mg<br \/>\nVitamin E: 2,5 mg<br \/>\nVitamin K3: 750 mg<br \/>\nFolsav: 13 mg<br \/>\nKalciumpantoten\u00e1t: 1,625 mg<br \/>\nL-Arginin: 400 mg<br \/>\nL-Aspartinsav: 1,8 g<br \/>\nGlicin: 340 mg<br \/>\nLeucin: 1,7 g<br \/>\nLizine: 1,56 g<br \/>\nMetionin: 360 mg<br \/>\nTirozin: 520 mg<br \/>\nValin: 960 mg<br \/>\nInakt\u00edv \u00f6sszetev\u0151k q.s. 1000 ml-ig<\/div>\n<div>Tartsa t\u00e1vol gyermekekt\u0151l.<br \/>\nCsak sz\u00e1j\u00fcregi alkalmaz\u00e1sra \u00e1llatoknak, amelyek nem emberi fogyaszt\u00e1sra sz\u00e1ntak.<br \/>\nT\u00e1rolja sz\u00e1raz, k\u00f6zvetlen napf\u00e9nyt\u0151l v\u00e9dett helyen, 0\u201330 \u00b0C k\u00f6z\u00f6tt.<br \/>\nFelhaszn\u00e1lhat\u00f3: l\u00e1sd a csomagol\u00e1son.<\/div>\n","protected":false},"excerpt":{"rendered":"<p>Jelz\u00e9s: A CAREMIN hozz\u00e1j\u00e1rul az eg\u00e9szs\u00e9ghez \u00e9s er\u0151s\u00edti az immunrendszert fiatal \u00e9s id\u0151s galambokn\u00e1l! A CAREMIN eg\u00e9sz \u00e9vben adhat\u00f3, de n\u00e9lk\u00fcl\u00f6zhetetlen olyan&hellip;<\/p>\n","protected":false},"featured_media":13524,"template":"","meta":[],"product_cat":[308,303],"product_tag":[],"class_list":{"0":"post-13819","1":"product","2":"type-product","3":"status-publish","4":"has-post-thumbnail","6":"product_cat-kiegeszitok-galambok-szamara","7":"product_cat-kiegeszitok-madaraknak","9":"first","10":"instock","11":"shipping-taxable","12":"product-type-simple"},"_links":{"self":[{"href":"https:\/\/care4birds.bg\/hu\/wp-json\/wp\/v2\/product\/13819","targetHints":{"allow":["GET"]}}],"collection":[{"href":"https:\/\/care4birds.bg\/hu\/wp-json\/wp\/v2\/product"}],"about":[{"href":"https:\/\/care4birds.bg\/hu\/wp-json\/wp\/v2\/types\/product"}],"wp:featuredmedia":[{"embeddable":true,"href":"https:\/\/care4birds.bg\/hu\/wp-json\/wp\/v2\/media\/13524"}],"wp:attachment":[{"href":"https:\/\/care4birds.bg\/hu\/wp-json\/wp\/v2\/media?parent=13819"}],"wp:term":[{"taxonomy":"product_cat","embeddable":true,"href":"https:\/\/care4birds.bg\/hu\/wp-json\/wp\/v2\/product_cat?post=13819"},{"taxonomy":"product_tag","embeddable":true,"href":"https:\/\/care4birds.bg\/hu\/wp-json\/wp\/v2\/product_tag?post=13819"}],"curies":[{"name":"wp","href":"https:\/\/api.w.org\/{rel}","templated":true}]}}