{"id":13822,"date":"2025-11-03T11:06:31","date_gmt":"2025-11-03T11:06:31","guid":{"rendered":"https:\/\/care4birds.bg\/product\/bathsalt\/"},"modified":"2026-04-09T10:37:22","modified_gmt":"2026-04-09T10:37:22","slug":"bathsalt","status":"publish","type":"product","link":"https:\/\/care4birds.bg\/hu\/termek\/bathsalt\/","title":{"rendered":"Bathsalt"},"content":{"rendered":"<p><i>Ide\u00e1lis f\u00fcrd\u0151s\u00f3 galamboknak<\/i><\/p>\n<p>Aj\u00e1nlott minden \u00e9vszakban, k\u00fcl\u00f6n\u00f6sen vedl\u00e9s idej\u00e9n.<\/p>\n<ul>\n<li>Rugalmasabb\u00e1 teszi a tollakat<\/li>\n<li>Serkenti a pehelyv\u00e1lt\u00e1st \u00e9s elt\u00e1vol\u00edtja a b\u0151r pikkelyeit<\/li>\n<li>Er\u0151sebb tollak<\/li>\n<li>Ellaz\u00edtja az izmokat<\/li>\n<li>Elt\u00e1vol\u00edtja a b\u0151r pikkelyeit an\u00e9lk\u00fcl, hogy befoly\u00e1soln\u00e1 a galambok \u00e1llapot\u00e1t.<\/li>\n<\/ul>\n<h6>Adagol\u00e1s:<\/h6>\n<p>1 teljes m\u00e9r\u0151kan\u00e1l (20 g) 10 liter v\u00edzhez, hetente egyszer vagy k\u00e9tszer.<br \/>\nK\u00fcl\u00f6n\u00f6sen vedl\u00e9s idej\u00e9n: 2 f\u00fcrd\u0151 hetente.<\/p>\n","protected":false},"excerpt":{"rendered":"<p>Ide\u00e1lis f\u00fcrd\u0151s\u00f3 galamboknak Aj\u00e1nlott minden \u00e9vszakban, k\u00fcl\u00f6n\u00f6sen vedl\u00e9s idej\u00e9n. Rugalmasabb\u00e1 teszi a tollakat Serkenti a pehelyv\u00e1lt\u00e1st \u00e9s elt\u00e1vol\u00edtja a b\u0151r pikkelyeit Er\u0151sebb&hellip;<\/p>\n","protected":false},"featured_media":13526,"template":"","meta":[],"product_cat":[308],"product_tag":[],"class_list":{"0":"post-13822","1":"product","2":"type-product","3":"status-publish","4":"has-post-thumbnail","6":"product_cat-kiegeszitok-galambok-szamara","8":"first","9":"instock","10":"shipping-taxable","11":"product-type-simple"},"_links":{"self":[{"href":"https:\/\/care4birds.bg\/hu\/wp-json\/wp\/v2\/product\/13822","targetHints":{"allow":["GET"]}}],"collection":[{"href":"https:\/\/care4birds.bg\/hu\/wp-json\/wp\/v2\/product"}],"about":[{"href":"https:\/\/care4birds.bg\/hu\/wp-json\/wp\/v2\/types\/product"}],"wp:featuredmedia":[{"embeddable":true,"href":"https:\/\/care4birds.bg\/hu\/wp-json\/wp\/v2\/media\/13526"}],"wp:attachment":[{"href":"https:\/\/care4birds.bg\/hu\/wp-json\/wp\/v2\/media?parent=13822"}],"wp:term":[{"taxonomy":"product_cat","embeddable":true,"href":"https:\/\/care4birds.bg\/hu\/wp-json\/wp\/v2\/product_cat?post=13822"},{"taxonomy":"product_tag","embeddable":true,"href":"https:\/\/care4birds.bg\/hu\/wp-json\/wp\/v2\/product_tag?post=13822"}],"curies":[{"name":"wp","href":"https:\/\/api.w.org\/{rel}","templated":true}]}}