{"id":13825,"date":"2025-11-03T11:03:01","date_gmt":"2025-11-03T11:03:01","guid":{"rendered":"https:\/\/care4birds.bg\/product\/orni-super-mix\/"},"modified":"2026-04-09T10:38:58","modified_gmt":"2026-04-09T10:38:58","slug":"orni-super-mix","status":"publish","type":"product","link":"https:\/\/care4birds.bg\/hu\/termek\/orni-super-mix\/","title":{"rendered":"Orni Super Mix"},"content":{"rendered":"<div>\n<h6>Jelz\u00e9s:<\/h6>\n<p>Ornithosis, Mycoplasmosis, l\u00e9gz\u0151szervi probl\u00e9m\u00e1k \u00e9s kan\u00e1ris fert\u0151z\u00e9s.\n<\/p><\/div>\n<h6>T\u00fcnetek:<\/h6>\n<div>Toll\u00e1szkod\u00e1s, fejvakar\u00e1ss, v\u00f6r\u00f6s torok, \u00e1s\u00edt\u00e1s, a harmadik szemh\u00e9j gyullad\u00e1sa (k\u00fcl\u00f6n\u00f6sen fiatal galambokn\u00e1l), piszkos orrny\u00edl\u00e1sok, k\u00e9kes b\u0151r, duzzadt fej, hideg egyik szem, nedves szemek, v\u00e1lad\u00e9k.<\/div>\n<h6>Adagol\u00e1s:<\/h6>\n<div><i>ORNI SUPER MIX POR<\/i><br \/>\nMegel\u0151z\u00e9s: 1 m\u00e9r\u0151kan\u00e1l (=5 g) 2 liter iv\u00f3v\u00edzhez 1-2 napig, k\u00e9thetente,\n<\/div>\n<div>lehet\u0151leg a verseny ut\u00e1ni napon kezdve.<\/div>\n<div>Gy\u00f3gykezel\u00e9sk\u00e9nt: 1 m\u00e9r\u0151kan\u00e1l (=5 g) 2 liter iv\u00f3v\u00edzhez 5-7 egym\u00e1st k\u00f6vet\u0151 napon.<\/div>\n<div>A kezel\u00e9s sz\u00fcks\u00e9g eset\u00e9n n\u00e9h\u00e1ny nap m\u00falva megism\u00e9telhet\u0151.<\/div>\n<div>Haszn\u00e1lat el\u0151tt j\u00f3l keverje fel!<\/div>\n<div>Az Orni Super Mix v\u00edzben old\u00f3d\u00f3 por, etet\u00e9skor is adhat\u00f3.<\/div>\n<div>\nM\u00e9r\u0151kan\u00e1l 1+5 g mell\u00e9kelve.<\/p>\n<p><i>ORNI SUPER MIX TABLETTA<\/i><br \/>\nMegel\u0151z\u00e9s: 1 tabletta galambonk\u00e9nt (400-500 g testt\u00f6meg) 1-2 egym\u00e1st k\u00f6vet\u0151 napon.<br \/>\nGy\u00f3gykezel\u00e9s: 1 tabletta galambonk\u00e9nt (400-500 g testt\u00f6meg) 3-5 egym\u00e1st k\u00f6vet\u0151 napon, vagy \u00e1llatorvos utas\u00edt\u00e1sa szerint.\n<\/div>\n<h6>Tartalmaz:<\/h6>\n<p><i>ORNI SUPER MIX POR<\/i><br \/>\nDoxiciklin-hiklin\u00e1t 6%, Spiramicin-adipat 10%, Metronidazol 10%, Bromhexin HCl 2%, inakt\u00edv \u00f6sszetev\u0151k q.s. 100 g-ig.<\/p>\n<p><i>ORNI SUPER MIX TABLETTA<\/i><br \/>\n<i>Doxiciklin-hiklin\u00e1t<\/i> 102 mg\/g; <i>Spiramicin-adipat<\/i> 80 mg\/g; <i>Metronidazol<\/i> 100 mg\/g; <i>Bromhexin HCl<\/i> 20 mg\/g<\/p>\n","protected":false},"excerpt":{"rendered":"<p>Jelz\u00e9s: Ornithosis, Mycoplasmosis, l\u00e9gz\u0151szervi probl\u00e9m\u00e1k \u00e9s kan\u00e1ris fert\u0151z\u00e9s. T\u00fcnetek: Toll\u00e1szkod\u00e1s, fejvakar\u00e1ss, v\u00f6r\u00f6s torok, \u00e1s\u00edt\u00e1s, a harmadik szemh\u00e9j gyullad\u00e1sa (k\u00fcl\u00f6n\u00f6sen fiatal galambokn\u00e1l), piszkos&hellip;<\/p>\n","protected":false},"featured_media":13826,"template":"","meta":[],"product_cat":[302],"product_tag":[],"class_list":{"0":"post-13825","1":"product","2":"type-product","3":"status-publish","4":"has-post-thumbnail","6":"product_cat-gyogyszerek-galambok-szamara","8":"first","9":"instock","10":"shipping-taxable","11":"product-type-simple"},"_links":{"self":[{"href":"https:\/\/care4birds.bg\/hu\/wp-json\/wp\/v2\/product\/13825","targetHints":{"allow":["GET"]}}],"collection":[{"href":"https:\/\/care4birds.bg\/hu\/wp-json\/wp\/v2\/product"}],"about":[{"href":"https:\/\/care4birds.bg\/hu\/wp-json\/wp\/v2\/types\/product"}],"wp:featuredmedia":[{"embeddable":true,"href":"https:\/\/care4birds.bg\/hu\/wp-json\/wp\/v2\/media\/13826"}],"wp:attachment":[{"href":"https:\/\/care4birds.bg\/hu\/wp-json\/wp\/v2\/media?parent=13825"}],"wp:term":[{"taxonomy":"product_cat","embeddable":true,"href":"https:\/\/care4birds.bg\/hu\/wp-json\/wp\/v2\/product_cat?post=13825"},{"taxonomy":"product_tag","embeddable":true,"href":"https:\/\/care4birds.bg\/hu\/wp-json\/wp\/v2\/product_tag?post=13825"}],"curies":[{"name":"wp","href":"https:\/\/api.w.org\/{rel}","templated":true}]}}