{"id":13831,"date":"2025-11-03T11:00:43","date_gmt":"2025-11-03T11:00:43","guid":{"rendered":"https:\/\/care4birds.bg\/product\/respiratory-broncho-mix\/"},"modified":"2026-04-09T10:41:08","modified_gmt":"2026-04-09T10:41:08","slug":"respiratory-broncho-mix","status":"publish","type":"product","link":"https:\/\/care4birds.bg\/hu\/termek\/respiratory-broncho-mix\/","title":{"rendered":"Respiratory Broncho Mix"},"content":{"rendered":"<div>\n<h6>Jelz\u00e9s:<\/h6>\n<\/div>\n<div>A l\u00e9gz\u0151rendszert Chlamydia, Mycoplasma, bakt\u00e9riumok (k\u00fcl\u00f6n\u00f6sen E. coli), gomb\u00e1k \u00e9s v\u00edrusok fert\u0151zhetik. Ez\u00e9rt ez a kever\u00e9k t\u00f6bb akt\u00edv \u00f6sszetev\u0151t tartalmaz.<\/div>\n<h6>T\u00fcnetek:<\/h6>\n<div>T\u00fcssz\u00f6g\u00e9s, cs\u00f6kkent rep\u00fcl\u00e9si teljes\u00edtm\u00e9ny, versenyvesztes\u00e9gek, szem- \u00e9s orrv\u00e1lad\u00e9k, duzzadt cera \u00e9s sinus, nyakny\u00fajt\u00e1s \u00e9s nyel\u00e9s, \u00e1s\u00edt\u00e1s, ny\u00e1lk\u00e1s z\u00f6ld \u00fcr\u00fcl\u00e9k.<\/div>\n<h6>Adagol\u00e1s:<\/h6>\n<div><i>RESPIRATORY BRONCHO MIX POR<\/i><\/div>\n<div>Megel\u0151z\u00e9s: 1 m\u00e9r\u0151kan\u00e1l (=5 g) 2 liter iv\u00f3v\u00edzhez 1-2 napig, k\u00e9thetente,<\/div>\n<div>lehet\u0151leg a verseny ut\u00e1ni napon kezdve.<\/div>\n<div>Gy\u00f3gykezel\u00e9s: 1 m\u00e9r\u0151kan\u00e1l (=5 g) 2 liter iv\u00f3v\u00edzhez 5-7 egym\u00e1st k\u00f6vet\u0151 napon.<\/div>\n<div>A kezel\u00e9st sz\u00fcks\u00e9g eset\u00e9n n\u00e9h\u00e1ny nap m\u00falva meg lehet ism\u00e9telni.<\/div>\n<div>Haszn\u00e1lat el\u0151tt j\u00f3l keverje fel!<\/div>\n<div>A Respiratory Broncho Mix v\u00edzben old\u00f3d\u00f3 por, etet\u00e9skor is adhat\u00f3.<\/div>\n<div>\nM\u00e9r\u0151kan\u00e1l 1+5 g mell\u00e9kelve.<\/p>\n<p><i>RESPIRATORY BRONCHO TABLETTA<\/i>\n<\/div>\n<p>Prevenci\u00f3: 1 tabletta galambonk\u00e9nt (400-500 g testt\u00f6meg) 1-2 egym\u00e1st k\u00f6vet\u0151 napon.<br \/>\nGy\u00f3gykezel\u00e9s: 1 tabletta galambonk\u00e9nt (400-500 g testt\u00f6meg) 3-5 egym\u00e1st k\u00f6vet\u0151 napon vagy \u00e1llatorvos utas\u00edt\u00e1sa szerint.<\/p>\n<h6>Tartalmaz:<\/h6>\n<p><i>RESPIRATORY BRONCHO MIX POR<\/i><br \/>\nErytromicin Thioc 3,5%, Neomycin Sulf 1,0%, Streptomycin Sulf 3,5%, Futaltadone HCI 6,0%, Oxytetracycline HCI 5,0%, vitaminok, inakt\u00edv \u00f6sszetev\u0151k q.s. 100 g-ig.<\/p>\n<p><i>RESPIRATORY BRONCHO TABLETTA<\/i><br \/>\nLincomycin 250 mg\/g; Spectinomycin 75 mg\/g<\/p>\n","protected":false},"excerpt":{"rendered":"<p>Jelz\u00e9s: A l\u00e9gz\u0151rendszert Chlamydia, Mycoplasma, bakt\u00e9riumok (k\u00fcl\u00f6n\u00f6sen E. coli), gomb\u00e1k \u00e9s v\u00edrusok fert\u0151zhetik. Ez\u00e9rt ez a kever\u00e9k t\u00f6bb akt\u00edv \u00f6sszetev\u0151t tartalmaz. T\u00fcnetek:&hellip;<\/p>\n","protected":false},"featured_media":13832,"template":"","meta":[],"product_cat":[302],"product_tag":[],"class_list":{"0":"post-13831","1":"product","2":"type-product","3":"status-publish","4":"has-post-thumbnail","6":"product_cat-gyogyszerek-galambok-szamara","8":"first","9":"instock","10":"shipping-taxable","11":"product-type-simple"},"_links":{"self":[{"href":"https:\/\/care4birds.bg\/hu\/wp-json\/wp\/v2\/product\/13831","targetHints":{"allow":["GET"]}}],"collection":[{"href":"https:\/\/care4birds.bg\/hu\/wp-json\/wp\/v2\/product"}],"about":[{"href":"https:\/\/care4birds.bg\/hu\/wp-json\/wp\/v2\/types\/product"}],"wp:featuredmedia":[{"embeddable":true,"href":"https:\/\/care4birds.bg\/hu\/wp-json\/wp\/v2\/media\/13832"}],"wp:attachment":[{"href":"https:\/\/care4birds.bg\/hu\/wp-json\/wp\/v2\/media?parent=13831"}],"wp:term":[{"taxonomy":"product_cat","embeddable":true,"href":"https:\/\/care4birds.bg\/hu\/wp-json\/wp\/v2\/product_cat?post=13831"},{"taxonomy":"product_tag","embeddable":true,"href":"https:\/\/care4birds.bg\/hu\/wp-json\/wp\/v2\/product_tag?post=13831"}],"curies":[{"name":"wp","href":"https:\/\/api.w.org\/{rel}","templated":true}]}}