{"id":13837,"date":"2025-11-03T11:00:07","date_gmt":"2025-11-03T11:00:07","guid":{"rendered":"https:\/\/care4birds.bg\/product\/worm-care\/"},"modified":"2026-04-09T10:43:06","modified_gmt":"2026-04-09T10:43:06","slug":"worm-care","status":"publish","type":"product","link":"https:\/\/care4birds.bg\/hu\/termek\/worm-care\/","title":{"rendered":"Worm Care"},"content":{"rendered":"<div>\n<h6>Jelz\u00e9s:<\/h6>\n<p>Haj- \u00e9s fon\u00e1lf\u00e9reg-fert\u0151z\u00e9sek galambokban (Capilarias spp \u00e9s Ascaridia spp)\n<\/p><\/div>\n<h6>T\u00fcnetek:<\/h6>\n<div>A madarak fogyhatnak. Er\u0151sen fert\u0151z\u00f6tt galambokn\u00e1l \u00e1ltal\u00e1ban gyenge \u00e1ltal\u00e1nos \u00e1llapot, leverts\u00e9g \u00e9s kedvetlens\u00e9g figyelhet\u0151 meg, fak\u00f3, borzolt tollazattal \u00e9s k\u00fcl\u00f6nb\u00f6z\u0151 \u00e1llag\u00fa \u00fcr\u00fcl\u00e9kkel.<\/div>\n<h6>Adagol\u00e1s:<\/h6>\n<div><i>WORM CARE POR<\/i><br \/>\n5 g 2 liter iv\u00f3v\u00edzhez (kb. 40 galamb), 1 vagy 2 napig. A galambokat nem szabad f\u00e9regtelen\u00edteni a fi\u00f3kanevel\u00e9s vagy a f\u0151 vedl\u00e9si id\u0151 alatt. Ism\u00e9telje a kezel\u00e9st 10-12 nap ut\u00e1n. Worm Care v\u00edzben old\u00f3d\u00f3 por, etet\u00e9skor is adhat\u00f3.<\/div>\n<div><i>WORM CARE TABLETTA<\/i><br \/>\n1 tabletta galambonk\u00e9nt (400-500 g testt\u00f6meg) 1 napig. Ism\u00e9telje a kezel\u00e9st 10-12 nap ut\u00e1n.<\/div>\n<h6>Tartalmaz:<\/h6>\n<p><i>WORM CARE POR<\/i><br \/>\nLevamisol HCI 16%, inakt\u00edv \u00f6sszetev\u0151k q.s. 100 g-ig.<\/p>\n<p><i>WORM CARE TABLETTA<\/i><br \/>\nFlubendazol 66,7 mg\/g<\/p>\n","protected":false},"excerpt":{"rendered":"<p>Jelz\u00e9s: Haj- \u00e9s fon\u00e1lf\u00e9reg-fert\u0151z\u00e9sek galambokban (Capilarias spp \u00e9s Ascaridia spp) T\u00fcnetek: A madarak fogyhatnak. Er\u0151sen fert\u0151z\u00f6tt galambokn\u00e1l \u00e1ltal\u00e1ban gyenge \u00e1ltal\u00e1nos \u00e1llapot, leverts\u00e9g&hellip;<\/p>\n","protected":false},"featured_media":13838,"template":"","meta":[],"product_cat":[302],"product_tag":[],"class_list":{"0":"post-13837","1":"product","2":"type-product","3":"status-publish","4":"has-post-thumbnail","6":"product_cat-gyogyszerek-galambok-szamara","8":"first","9":"instock","10":"shipping-taxable","11":"product-type-simple"},"_links":{"self":[{"href":"https:\/\/care4birds.bg\/hu\/wp-json\/wp\/v2\/product\/13837","targetHints":{"allow":["GET"]}}],"collection":[{"href":"https:\/\/care4birds.bg\/hu\/wp-json\/wp\/v2\/product"}],"about":[{"href":"https:\/\/care4birds.bg\/hu\/wp-json\/wp\/v2\/types\/product"}],"wp:featuredmedia":[{"embeddable":true,"href":"https:\/\/care4birds.bg\/hu\/wp-json\/wp\/v2\/media\/13838"}],"wp:attachment":[{"href":"https:\/\/care4birds.bg\/hu\/wp-json\/wp\/v2\/media?parent=13837"}],"wp:term":[{"taxonomy":"product_cat","embeddable":true,"href":"https:\/\/care4birds.bg\/hu\/wp-json\/wp\/v2\/product_cat?post=13837"},{"taxonomy":"product_tag","embeddable":true,"href":"https:\/\/care4birds.bg\/hu\/wp-json\/wp\/v2\/product_tag?post=13837"}],"curies":[{"name":"wp","href":"https:\/\/api.w.org\/{rel}","templated":true}]}}