{"id":13843,"date":"2025-11-03T10:59:27","date_gmt":"2025-11-03T10:59:27","guid":{"rendered":"https:\/\/care4birds.bg\/product\/ronidazole\/"},"modified":"2026-04-09T10:44:52","modified_gmt":"2026-04-09T10:44:52","slug":"ronidazole","status":"publish","type":"product","link":"https:\/\/care4birds.bg\/hu\/termek\/ronidazole\/","title":{"rendered":"Ronidazole"},"content":{"rendered":"<div>\n<h6>Jelz\u00e9s:<\/h6>\n<p>Gomb\u00e1s fert\u0151z\u00e9sek (Trichomoniasis, Hexamitiasis). A Ronidazole 10% k\u00fcl\u00f6n\u00f6sen hat\u00e9kony a galambokban el\u0151fordul\u00f3 trichomonad \u00e9s hexamit fert\u0151z\u00e9sek ellen. A versenyszezonban rendszeres kezel\u00e9sek sz\u00fcks\u00e9gesek. A fiatal madarak s\u00falyos b\u00e9lfert\u0151z\u00e9se hexamitok miatt hajlamosabbak az E-coli fert\u0151z\u00e9sre. A biztons\u00e1gi hat\u00e1r sz\u00e9les, m\u00e9g fiatal \u00e1llatokn\u00e1l is.\n<\/p><\/div>\n<h6>T\u00fcnetek:<\/h6>\n<div>\u00c1llapotroml\u00e1s, rossz em\u00e9szt\u00e9s, rossz \u00fcr\u00fcl\u00e9k, begy ny\u00e1lkah\u00e1rtya gyullad\u00e1s, ornithosis komplik\u00e1ci\u00f3k, kis feh\u00e9r vagy s\u00e1rg\u00e1s foltok a sz\u00e1j\u00fcregben.<\/div>\n<h6>Adagol\u00e1s:<\/h6>\n<div><i>RONIDAZOLE 10% POR<\/i><br \/>\nMegel\u0151z\u00e9s: 2 m\u00e9r\u0151kan\u00e1l (=2g) \/ 1 liter iv\u00f3v\u00edz, 1-2 napig, k\u00e9thetente, lehet\u0151leg a verseny ut\u00e1ni napon kezdve.<\/div>\n<div>Kezeletlen esetben a versenyszezon alatt: 2 m\u00e9r\u0151kan\u00e1l (=2g) \/ 1 liter iv\u00f3v\u00edz 5-7 egym\u00e1st k\u00f6vet\u0151 napig. Sz\u00fcks\u00e9g eset\u00e9n a kezel\u00e9st p\u00e1r nap ut\u00e1n megism\u00e9telhetj\u00fck. Alaposan keverje fel haszn\u00e1lat el\u0151tt!<\/div>\n<div>Ronidazole v\u00edzben old\u00f3d\u00f3 por, etet\u00e9skor is adhat\u00f3.<\/div>\n<div>\nM\u00e9r\u0151kan\u00e1l 1+5 g tartoz\u00e9k.<\/p>\n<p><i>RONI 15% TABLETTA<\/i><br \/>\nMegel\u0151z\u00e9s: 1 tabletta galambonk\u00e9nt (400-500 g testt\u00f6meg) 1-2 egym\u00e1st k\u00f6vet\u0151 nap.<br \/>\nGy\u00f3gy\u00edt\u00e1s: 1 tabletta galambonk\u00e9nt (400-500 g testt\u00f6meg) 3-5 egym\u00e1st k\u00f6vet\u0151 napig, vagy az \u00e1llatorvos el\u0151\u00edr\u00e1sa szerint.\n<\/div>\n<h6>Tartalmaz:<\/h6>\n<div><i>RONIDAZOLE 10% POR<\/i><br \/>\nRonidazole 10%, inakt\u00edv \u00f6sszetev\u0151k q.s. 100 g-ig.<br \/>\n<i>RONI 15% TABLETTA<\/i><br \/>\nRonidazole 150 mg\/g\n<\/div>\n","protected":false},"excerpt":{"rendered":"<p>Jelz\u00e9s: Gomb\u00e1s fert\u0151z\u00e9sek (Trichomoniasis, Hexamitiasis). A Ronidazole 10% k\u00fcl\u00f6n\u00f6sen hat\u00e9kony a galambokban el\u0151fordul\u00f3 trichomonad \u00e9s hexamit fert\u0151z\u00e9sek ellen. A versenyszezonban rendszeres kezel\u00e9sek&hellip;<\/p>\n","protected":false},"featured_media":13844,"template":"","meta":[],"product_cat":[302],"product_tag":[],"class_list":{"0":"post-13843","1":"product","2":"type-product","3":"status-publish","4":"has-post-thumbnail","6":"product_cat-gyogyszerek-galambok-szamara","8":"first","9":"instock","10":"shipping-taxable","11":"product-type-simple"},"_links":{"self":[{"href":"https:\/\/care4birds.bg\/hu\/wp-json\/wp\/v2\/product\/13843","targetHints":{"allow":["GET"]}}],"collection":[{"href":"https:\/\/care4birds.bg\/hu\/wp-json\/wp\/v2\/product"}],"about":[{"href":"https:\/\/care4birds.bg\/hu\/wp-json\/wp\/v2\/types\/product"}],"wp:featuredmedia":[{"embeddable":true,"href":"https:\/\/care4birds.bg\/hu\/wp-json\/wp\/v2\/media\/13844"}],"wp:attachment":[{"href":"https:\/\/care4birds.bg\/hu\/wp-json\/wp\/v2\/media?parent=13843"}],"wp:term":[{"taxonomy":"product_cat","embeddable":true,"href":"https:\/\/care4birds.bg\/hu\/wp-json\/wp\/v2\/product_cat?post=13843"},{"taxonomy":"product_tag","embeddable":true,"href":"https:\/\/care4birds.bg\/hu\/wp-json\/wp\/v2\/product_tag?post=13843"}],"curies":[{"name":"wp","href":"https:\/\/api.w.org\/{rel}","templated":true}]}}