{"id":13850,"date":"2025-11-03T10:58:02","date_gmt":"2025-11-03T10:58:02","guid":{"rendered":"https:\/\/care4birds.bg\/product\/caremycin\/"},"modified":"2026-04-09T10:47:58","modified_gmt":"2026-04-09T10:47:58","slug":"caremycin","status":"publish","type":"product","link":"https:\/\/care4birds.bg\/hu\/termek\/caremycin\/","title":{"rendered":"Caremycin"},"content":{"rendered":"<h6>Jelz\u00e9s:<\/h6>\n<p>Salmonellosis (Paratyphus), E-coli, bakteri\u00e1lis fert\u0151z\u00e9sek \u00e1ltal\u00e1nosan<\/p>\n<h6>Adagol\u00e1s:<\/h6>\n<p>Megel\u0151z\u00e9s: 5 g Caremycin 5 liter iv\u00f3v\u00edzhez, vagy 1 tasak 25 liter iv\u00f3v\u00edzhez, 4-5 egym\u00e1st k\u00f6vet\u0151 napon.<\/p>\n<p>Kezel\u00e9s: 5 g Caremycin 2,5 liter iv\u00f3v\u00edzhez, vagy 1 tasak 12,5 liter iv\u00f3v\u00edzhez, 4-5 egym\u00e1st k\u00f6vet\u0151 napon. Versenyszezonban: \u00e9rkez\u00e9s napj\u00e1n: 5 g Caremycin 2,5 liter iv\u00f3v\u00edzhez, vagy 1 tasak 12,5 liter iv\u00f3v\u00edzhez, 1-2 egym\u00e1st k\u00f6vet\u0151 napon.<\/p>\n<h6>Interakci\u00f3k:<\/h6>\n<p>Ismeretlen<\/p>\n<h6>Ellenezett kombin\u00e1ci\u00f3k:<\/h6>\n<p>Bromhexine-nel egy\u00fctt \u00e9s t\u00faladagol\u00e1s eset\u00e9n<\/p>\n<h6>Haszn\u00e1lati tan\u00e1csok:<\/h6>\n<ul>\n<li>Helyezze a beteg \u00e1llatokat karant\u00e9nba<\/li>\n<li>Kezelje az \u00f6sszes \u00e1llatot, ne csak a beteget<\/li>\n<li>Keverje a javasolt adagot az iv\u00f3v\u00edzbe<\/li>\n<li>Biztos\u00edtsa, hogy a kezel\u00e9s alatt ne legyen m\u00e1s v\u00edz el\u00e9rhet\u0151<\/li>\n<li>Gy\u00f3gyszer ut\u00e1n adja a Care 4 Birds MULTIVIT MIX-et (a kezel\u00e9s utols\u00f3 napja ut\u00e1n)<\/li>\n<li>Fert\u0151tlen\u00edtse a galambd\u00facot a Care 4 Birds LOFT CLEANER-rel<\/li>\n<li>Ne adja a sz\u00e1ll\u00edt\u00e1s napj\u00e1n<\/li>\n<li>Ha k\u00e9ts\u00e9ge van vagy tart\u00f3s probl\u00e9ma, konzult\u00e1ljon szak\u00e9rt\u0151vel<\/li>\n<\/ul>\n<h6>MEGJEGYZ\u00c9SEK: HASZN\u00c1LAT EL\u0150TT OLVASSA EL AZ UTAS\u00cdT\u00c1ST.<\/h6>\n<ul>\n<li>Tartalmaz 25 g \u00e1llatorvosi gy\u00f3gyszert madarak sz\u00e1m\u00e1ra<\/li>\n<li>T\u00e1rolja sz\u00e1raz helyen, k\u00f6zvetlen napf\u00e9nyt\u0151l v\u00e9dve, 0-30 \u00b0C k\u00f6z\u00f6tt<\/li>\n<li>Nyit\u00e1s ut\u00e1n korl\u00e1tozott ideig t\u00e1rolhat\u00f3<\/li>\n<li>Tartsa gyermekekt\u0151l t\u00e1vol<\/li>\n<li>Csak \u00e1llatok kezel\u00e9s\u00e9re. Nem emberi fogyaszt\u00e1sra sz\u00e1nt \u00e1llatok sz\u00e1m\u00e1ra<\/li>\n<li>Ker\u00fclje a gy\u00f3gyszer k\u00e9zzel t\u00f6rt\u00e9n\u0151 \u00e9rint\u00e9s\u00e9t<\/li>\n<li>Az \u00e1llatgy\u00f3gyszer a kis\u00e1llat-mentess\u00e9gi szab\u00e1lyoz\u00e1s szerint ker\u00fcl forgalomba<\/li>\n<\/ul>\n<h6>Tartalmaz 25 g-onk\u00e9nt:<\/h6>\n<p>Chlortetracycline HCl 3,125 g ; Furaltadone HCl 3,125 g ; Chloramphenicol 2,000 g<\/p>\n","protected":false},"excerpt":{"rendered":"<p>Jelz\u00e9s: Salmonellosis (Paratyphus), E-coli, bakteri\u00e1lis fert\u0151z\u00e9sek \u00e1ltal\u00e1nosan Adagol\u00e1s: Megel\u0151z\u00e9s: 5 g Caremycin 5 liter iv\u00f3v\u00edzhez, vagy 1 tasak 25 liter iv\u00f3v\u00edzhez, 4-5&hellip;<\/p>\n","protected":false},"featured_media":13851,"template":"","meta":[],"product_cat":[302],"product_tag":[],"class_list":{"0":"post-13850","1":"product","2":"type-product","3":"status-publish","4":"has-post-thumbnail","6":"product_cat-gyogyszerek-galambok-szamara","8":"first","9":"instock","10":"shipping-taxable","11":"product-type-simple"},"_links":{"self":[{"href":"https:\/\/care4birds.bg\/hu\/wp-json\/wp\/v2\/product\/13850","targetHints":{"allow":["GET"]}}],"collection":[{"href":"https:\/\/care4birds.bg\/hu\/wp-json\/wp\/v2\/product"}],"about":[{"href":"https:\/\/care4birds.bg\/hu\/wp-json\/wp\/v2\/types\/product"}],"wp:featuredmedia":[{"embeddable":true,"href":"https:\/\/care4birds.bg\/hu\/wp-json\/wp\/v2\/media\/13851"}],"wp:attachment":[{"href":"https:\/\/care4birds.bg\/hu\/wp-json\/wp\/v2\/media?parent=13850"}],"wp:term":[{"taxonomy":"product_cat","embeddable":true,"href":"https:\/\/care4birds.bg\/hu\/wp-json\/wp\/v2\/product_cat?post=13850"},{"taxonomy":"product_tag","embeddable":true,"href":"https:\/\/care4birds.bg\/hu\/wp-json\/wp\/v2\/product_tag?post=13850"}],"curies":[{"name":"wp","href":"https:\/\/api.w.org\/{rel}","templated":true}]}}