{"id":13857,"date":"2025-11-03T10:57:19","date_gmt":"2025-11-03T10:57:19","guid":{"rendered":"https:\/\/care4birds.bg\/product\/tricho-magic\/"},"modified":"2026-04-09T10:49:22","modified_gmt":"2026-04-09T10:49:22","slug":"tricho-magic","status":"publish","type":"product","link":"https:\/\/care4birds.bg\/hu\/termek\/tricho-magic\/","title":{"rendered":"Tricho Magic"},"content":{"rendered":"<div>\n<h6>Jelz\u00e9s:<\/h6>\n<p>Trichomoniasis (Trichomonad\u00f3zis), Hexamitiasis. A Tricho Magic k\u00fcl\u00f6n\u00f6sen hat\u00e9kony a trichomonadok \u00e9s hexamit\u00e1k \u00e1ltal okozott fert\u0151z\u00e9sek ellen galambokn\u00e1l. A versenyszezon alatt rendszeres kezel\u00e9sek sz\u00fcks\u00e9gesek ezek ellen a fert\u0151z\u00e9sek ellen. S\u00falyos hexamit\u00e1s b\u00e9lfert\u0151z\u00e9ssel rendelkez\u0151 fiatal madarak hajlamosabbak az E-coli fert\u0151z\u00e9sre. A biztons\u00e1gi hat\u00e1r jelent\u0151s\n<\/p><\/div>\n<div>fiatal \u00e1llatok eset\u00e9ben is.<\/div>\n<h6>T\u00fcnetek:<\/h6>\n<div>\u00c1llapotroml\u00e1s, rossz versenyeredm\u00e9nyek, s\u00e1rg\u00e1s anyag a torokban \u00e9s cs\u0151rben, a ny\u00e1lka mennyis\u00e9ge megn\u0151, piros torok, megn\u00f6vekedett v\u00edzfogyaszt\u00e1s (\u201enedves f\u00e9szkek\u201d).<\/div>\n<h6>Adagol\u00e1s:<\/h6>\n<div><i>TRICHO MAGIC POR<\/i><br \/>\nMegel\u0151z\u00e9s: 2 m\u00e9r\u0151kan\u00e1l (=2g) \/ 1 liter iv\u00f3v\u00edzben, 1-2 napig, k\u00e9thetente, lehet\u0151leg a verseny ut\u00e1ni napt\u00f3l kezdve.<\/div>\n<div>Kezel\u00e9s a versenyszezon alatt: 2 m\u00e9r\u0151kan\u00e1l (=2g) \/ 1 liter iv\u00f3v\u00edzben, 5-7 egym\u00e1st k\u00f6vet\u0151 napon. Sz\u00fcks\u00e9g eset\u00e9n a kezel\u00e9st n\u00e9h\u00e1ny nap m\u00falva ism\u00e9telni lehet. Alaposan keverje fel haszn\u00e1lat el\u0151tt!<\/div>\n<div>A Tricho Magic v\u00edzben old\u00f3d\u00f3 por, etet\u0151 al\u00e1 is adhat\u00f3.<\/div>\n<div>\nM\u00e9r\u0151kan\u00e1l 1+5 g mell\u00e9kelve.<br \/>\n<i>TRICHO MAGIC TABLETTA<\/i><br \/>\nMegel\u0151z\u0151: 1 tabletta\/galamb (400-500 g testt\u00f6meg) 1-2 egym\u00e1st k\u00f6vet\u0151 napon.<br \/>\nGy\u00f3gy\u00edt\u00f3: 1 tabletta\/galamb (400-500 g testt\u00f6meg) 3-5 egym\u00e1st k\u00f6vet\u0151 napon, vagy az \u00e1llatorvos el\u0151\u00edr\u00e1sa szerint.\n<\/div>\n<h6>Tartalmaz:<\/h6>\n<div><i>TRICHO MAGIC POR<\/i><br \/>\nRonidazol 8%, Metronidazol 10%, inakt\u00edv \u00f6sszetev\u0151k q.s. 100 g-ig.<i>TRICHO MAGIC TABLETTA<\/i><br \/>\nCarnidazol 40 mg\/g\n<\/div>\n","protected":false},"excerpt":{"rendered":"<p>Jelz\u00e9s: Trichomoniasis (Trichomonad\u00f3zis), Hexamitiasis. A Tricho Magic k\u00fcl\u00f6n\u00f6sen hat\u00e9kony a trichomonadok \u00e9s hexamit\u00e1k \u00e1ltal okozott fert\u0151z\u00e9sek ellen galambokn\u00e1l. A versenyszezon alatt rendszeres&hellip;<\/p>\n","protected":false},"featured_media":13858,"template":"","meta":[],"product_cat":[302],"product_tag":[],"class_list":{"0":"post-13857","1":"product","2":"type-product","3":"status-publish","4":"has-post-thumbnail","6":"product_cat-gyogyszerek-galambok-szamara","8":"first","9":"instock","10":"shipping-taxable","11":"product-type-simple"},"_links":{"self":[{"href":"https:\/\/care4birds.bg\/hu\/wp-json\/wp\/v2\/product\/13857","targetHints":{"allow":["GET"]}}],"collection":[{"href":"https:\/\/care4birds.bg\/hu\/wp-json\/wp\/v2\/product"}],"about":[{"href":"https:\/\/care4birds.bg\/hu\/wp-json\/wp\/v2\/types\/product"}],"wp:featuredmedia":[{"embeddable":true,"href":"https:\/\/care4birds.bg\/hu\/wp-json\/wp\/v2\/media\/13858"}],"wp:attachment":[{"href":"https:\/\/care4birds.bg\/hu\/wp-json\/wp\/v2\/media?parent=13857"}],"wp:term":[{"taxonomy":"product_cat","embeddable":true,"href":"https:\/\/care4birds.bg\/hu\/wp-json\/wp\/v2\/product_cat?post=13857"},{"taxonomy":"product_tag","embeddable":true,"href":"https:\/\/care4birds.bg\/hu\/wp-json\/wp\/v2\/product_tag?post=13857"}],"curies":[{"name":"wp","href":"https:\/\/api.w.org\/{rel}","templated":true}]}}