{"id":13863,"date":"2025-11-03T10:55:55","date_gmt":"2025-11-03T10:55:55","guid":{"rendered":"https:\/\/care4birds.bg\/product\/fungi-stop\/"},"modified":"2026-04-09T10:50:43","modified_gmt":"2026-04-09T10:50:43","slug":"fungi-stop","status":"publish","type":"product","link":"https:\/\/care4birds.bg\/hu\/termek\/fungi-stop\/","title":{"rendered":"Fungi Stop"},"content":{"rendered":"<div>\n<h6>Jelz\u00e9s:<\/h6>\n<p>A galambtart\u00f3k sz\u00e1m\u00e1ra jelent\u0151s, hogy bizonyos gombafajt\u00e1k sz\u00edvesen n\u0151nek a gabon\u00e1n. A rossz higi\u00e9nia a \u00e9leszt\u0151gomb\u00e1k terjed\u00e9s\u00e9t is el\u0151seg\u00edti. A legt\u00f6bb eg\u00e9szs\u00e9ges madarat nem \u00e9rinti, de az id\u0151sebb, beteg vagy stresszes madarak \u00e1ltal\u00e1ban \u00e9leszt\u0151fert\u0151z\u00e9st kapnak. Ezek a m\u00e1sodlagos fert\u0151z\u00e9sek stresszt okoznak az am\u00fagy is megterhelt immunrendszernek, \u00e9s g\u00e1tolj\u00e1k a gy\u00f3gyul\u00e1si folyamatot.\n<\/p><\/div>\n<h6>T\u00fcnetek:<\/h6>\n<div>A madarak felborzolj\u00e1k a tollukat, \u00e9tv\u00e1gytalans\u00e1g, h\u00e1ny\u00e1s, duzzadt z\u00faza, l\u00e9gz\u00e9si neh\u00e9zs\u00e9g, gyakran hasmen\u00e9ssel kombin\u00e1lva.<\/div>\n<h6>Adagol\u00e1s:<\/h6>\n<div><i>FUNGI STOP POR<\/i><br \/>\nEtet\u00e9si adag: \u00e1ltal\u00e1nos madarak: 5 g \/ 500 g takarm\u00e1ny, naponta k\u00e9tszer, 5-7 napig.<\/div>\n<div>Iv\u00f3v\u00edz adag: \u00e1ltal\u00e1nos madarak: 5 g \/ 1 l iv\u00f3v\u00edz, naponta k\u00e9tszer, 5-7 napig.<\/div>\n<div>Alaposan keverje fel haszn\u00e1lat el\u0151tt!<\/div>\n<div>Megel\u0151z\u00e9shez adjon a madaraknak citromsavat 5 ml \/ 1 liter iv\u00f3v\u00edz naponta.<\/div>\n<div>\nM\u00e9r\u0151kan\u00e1l 1+5 g mell\u00e9kelve.<br \/>\n<i>FUNGI STOP TABLETTA<\/i><br \/>\nGy\u00f3gy\u00edt\u00f3: 1 tabletta\/galamb (400-500 g testt\u00f6meg) 3-5 egym\u00e1st k\u00f6vet\u0151 napon, vagy az \u00e1llatorvos el\u0151\u00edr\u00e1sa szerint.\n<\/div>\n<h6>Tartalmaz:<\/h6>\n<p><i>FUNGI STOP POR<\/i><br \/>\n200.000 NE Nystatin grammonk\u00e9nt. Inakt\u00edv \u00f6sszetev\u0151k q.s. 100 g-ig.<\/p>\n<p><i>FUNGI STOP TABLETTA<\/i><br \/>\nKetokonazol 75 mg\/g<\/p>\n","protected":false},"excerpt":{"rendered":"<p>Jelz\u00e9s: A galambtart\u00f3k sz\u00e1m\u00e1ra jelent\u0151s, hogy bizonyos gombafajt\u00e1k sz\u00edvesen n\u0151nek a gabon\u00e1n. A rossz higi\u00e9nia a \u00e9leszt\u0151gomb\u00e1k terjed\u00e9s\u00e9t is el\u0151seg\u00edti. A legt\u00f6bb&hellip;<\/p>\n","protected":false},"featured_media":13864,"template":"","meta":[],"product_cat":[302],"product_tag":[],"class_list":{"0":"post-13863","1":"product","2":"type-product","3":"status-publish","4":"has-post-thumbnail","6":"product_cat-gyogyszerek-galambok-szamara","8":"first","9":"instock","10":"shipping-taxable","11":"product-type-simple"},"_links":{"self":[{"href":"https:\/\/care4birds.bg\/hu\/wp-json\/wp\/v2\/product\/13863","targetHints":{"allow":["GET"]}}],"collection":[{"href":"https:\/\/care4birds.bg\/hu\/wp-json\/wp\/v2\/product"}],"about":[{"href":"https:\/\/care4birds.bg\/hu\/wp-json\/wp\/v2\/types\/product"}],"wp:featuredmedia":[{"embeddable":true,"href":"https:\/\/care4birds.bg\/hu\/wp-json\/wp\/v2\/media\/13864"}],"wp:attachment":[{"href":"https:\/\/care4birds.bg\/hu\/wp-json\/wp\/v2\/media?parent=13863"}],"wp:term":[{"taxonomy":"product_cat","embeddable":true,"href":"https:\/\/care4birds.bg\/hu\/wp-json\/wp\/v2\/product_cat?post=13863"},{"taxonomy":"product_tag","embeddable":true,"href":"https:\/\/care4birds.bg\/hu\/wp-json\/wp\/v2\/product_tag?post=13863"}],"curies":[{"name":"wp","href":"https:\/\/api.w.org\/{rel}","templated":true}]}}