{"id":13870,"date":"2025-11-03T10:54:21","date_gmt":"2025-11-03T10:54:21","guid":{"rendered":"https:\/\/care4birds.bg\/product\/combi-mix\/"},"modified":"2026-04-09T10:52:26","modified_gmt":"2026-04-09T10:52:26","slug":"combi-mix","status":"publish","type":"product","link":"https:\/\/care4birds.bg\/hu\/termek\/combi-mix\/","title":{"rendered":"Combi Mix"},"content":{"rendered":"<div>\n<h6>Jelz\u00e9s:<\/h6>\n<p>A Combi Mix 4 az 1-ben nagyon alkalmas trichomon\u00e1d\u00e1k, hexamit\u00e1k, kokcidi\u00f3zis \u00e9s torokban l\u00e9v\u0151 ny\u00e1lka kezel\u00e9s\u00e9re. A versenyszezon alatt fontos, hogy a madarak optim\u00e1lis \u00e1llapotban legyenek, hogy semmi ne akad\u00e1lyozza a j\u00f3 teljes\u00edtm\u00e9nyt. A Combi Mix 4 az 1-ben seg\u00edt ezt el\u00e9rni, \u00e9s adhat\u00f3 megel\u0151z\u0151 \u00e9s gy\u00f3gy\u00edt\u00f3 c\u00e9llal egyar\u00e1nt.\n<\/p><\/div>\n<h6>T\u00fcnetek:<\/h6>\n<div>\u00c1llapotroml\u00e1s, em\u00e9szt\u00e9si zavarok, lapos \u00e9s vizes \u00fcr\u00fcl\u00e9k. A galambok tork\u00e1ban t\u00f6bb ny\u00e1lka lesz a norm\u00e1lisn\u00e1l, v\u00f6r\u00f6ses sz\u00edn\u0171, a sz\u00e1j\u00fcregben apr\u00f3 feh\u00e9r vagy s\u00e1rg\u00e1s foltok, l\u00e9gz\u00e9si probl\u00e9m\u00e1k.<\/div>\n<h6>Adagol\u00e1s:<\/h6>\n<div><i>COMBI MIX 4 AZ 1-BEN POR<\/i><br \/>\nMegel\u0151z\u00e9s: 1 m\u00e9r\u0151kan\u00e1l (=5g) 2 liter iv\u00f3v\u00edzhez, 1-2 napig, k\u00e9thetente, lehet\u0151leg a verseny ut\u00e1ni napon. Alaposan keverje fel haszn\u00e1lat el\u0151tt!<\/div>\n<div>Gy\u00f3gy\u00edt\u00e1s: 1 m\u00e9r\u0151kan\u00e1l (=5g) 2 liter iv\u00f3v\u00edzhez, 5-7 egym\u00e1st k\u00f6vet\u0151 napon.<\/div>\n<div>Ha sz\u00fcks\u00e9ges, a kezel\u00e9st n\u00e9h\u00e1ny nap ut\u00e1n meg lehet ism\u00e9telni.<\/div>\n<div>A Combi Mix 4 az 1-ben v\u00edzben old\u00f3d\u00f3 por, ami etet\u00e9shez is adhat\u00f3.<\/div>\n<div>\nM\u00e9r\u0151kan\u00e1l 1+5 g mell\u00e9kelve.<br \/>\n<i>COMBI TABLETTA<\/i><br \/>\nMegel\u0151z\u00e9s: 1 tabletta\/galamb (400-500 g testt\u00f6meg) 1-2 egym\u00e1st k\u00f6vet\u0151 napon.<br \/>\nGy\u00f3gy\u00edt\u00e1s: 1 tabletta\/galamb (400-500 g testt\u00f6meg) 3-5 egym\u00e1st k\u00f6vet\u0151 napon, vagy az \u00e1llatorvos el\u0151\u00edr\u00e1sa szerint.\n<\/div>\n<h6>Tartalmaz:<\/h6>\n<p><i>COMBI MIX POR:<\/i><br \/>\nAmprolium 10%, Secnidazol 15%, inakt\u00edv \u00f6sszetev\u0151k q.s. 100 g-ig.<\/p>\n<p>COMBI TABLETTA<br \/>\nAmprolium HCl 96 mg\/g ; Dimetridazol HCl 50 mg\/g<\/p>\n","protected":false},"excerpt":{"rendered":"<p>Jelz\u00e9s: A Combi Mix 4 az 1-ben nagyon alkalmas trichomon\u00e1d\u00e1k, hexamit\u00e1k, kokcidi\u00f3zis \u00e9s torokban l\u00e9v\u0151 ny\u00e1lka kezel\u00e9s\u00e9re. A versenyszezon alatt fontos, hogy&hellip;<\/p>\n","protected":false},"featured_media":13871,"template":"","meta":[],"product_cat":[302],"product_tag":[],"class_list":{"0":"post-13870","1":"product","2":"type-product","3":"status-publish","4":"has-post-thumbnail","6":"product_cat-gyogyszerek-galambok-szamara","8":"first","9":"instock","10":"shipping-taxable","11":"product-type-simple"},"_links":{"self":[{"href":"https:\/\/care4birds.bg\/hu\/wp-json\/wp\/v2\/product\/13870","targetHints":{"allow":["GET"]}}],"collection":[{"href":"https:\/\/care4birds.bg\/hu\/wp-json\/wp\/v2\/product"}],"about":[{"href":"https:\/\/care4birds.bg\/hu\/wp-json\/wp\/v2\/types\/product"}],"wp:featuredmedia":[{"embeddable":true,"href":"https:\/\/care4birds.bg\/hu\/wp-json\/wp\/v2\/media\/13871"}],"wp:attachment":[{"href":"https:\/\/care4birds.bg\/hu\/wp-json\/wp\/v2\/media?parent=13870"}],"wp:term":[{"taxonomy":"product_cat","embeddable":true,"href":"https:\/\/care4birds.bg\/hu\/wp-json\/wp\/v2\/product_cat?post=13870"},{"taxonomy":"product_tag","embeddable":true,"href":"https:\/\/care4birds.bg\/hu\/wp-json\/wp\/v2\/product_tag?post=13870"}],"curies":[{"name":"wp","href":"https:\/\/api.w.org\/{rel}","templated":true}]}}