{"id":13876,"date":"2025-11-03T10:52:56","date_gmt":"2025-11-03T10:52:56","guid":{"rendered":"https:\/\/care4birds.bg\/product\/intestinal\/"},"modified":"2026-04-09T10:53:45","modified_gmt":"2026-04-09T10:53:45","slug":"intestinal","status":"publish","type":"product","link":"https:\/\/care4birds.bg\/hu\/termek\/intestinal\/","title":{"rendered":"Intestinal"},"content":{"rendered":"<div>\n<h6>Jelz\u00e9s:<\/h6>\n<p>Adeno-Coli szindr\u00f3ma, kokcidi\u00f3zis, trichomon\u00e1d\u00e1k \u00e9s bakteri\u00e1lis fert\u0151z\u00e9sek \u00e1ltal\u00e1ban. Ez a kever\u00e9k akt\u00edv \u00f6sszetev\u0151k kombin\u00e1ci\u00f3j\u00e1t tartalmazza, amelyek hat\u00e9konyak az Adeno\/E-coli szindr\u00f3ma \u00e9s a kokcidi\u00f3zis ellen. Az Adeno\/E-coli szindr\u00f3ma fiatal galambpopul\u00e1ci\u00f3kban fordul el\u0151, \u00e9s nagyon k\u00e1ros lehet. A korai kezel\u00e9s fontos.\n<\/p><\/div>\n<h6>T\u00fcnetek:<\/h6>\n<div>S\u00faly- \u00e9s kond\u00edci\u00f3veszt\u00e9s, h\u00e1ny\u00e1s, ny\u00e1lk\u00e1s \u00e9s z\u00f6ld \u00fcr\u00fcl\u00e9k, hal\u00e1loz\u00e1s.<\/div>\n<h6>Adagol\u00e1s:<\/h6>\n<div><i>INTESTINAL POR<\/i><br \/>\nMegel\u0151z\u00e9s: 1 m\u00e9r\u0151kan\u00e1l (=5 g) 2 liter iv\u00f3v\u00edzhez, 1-2 napig, k\u00e9thetente, lehet\u0151leg a verseny ut\u00e1ni napon.<\/div>\n<div>Gy\u00f3gy\u00edt\u00e1s: 1 m\u00e9r\u0151kan\u00e1l (=5 g) 2 liter iv\u00f3v\u00edzhez, 5-7 egym\u00e1st k\u00f6vet\u0151 napon.<\/div>\n<div>Alaposan keverje fel haszn\u00e1lat el\u0151tt!<\/div>\n<div>Ha sz\u00fcks\u00e9ges, a kezel\u00e9st n\u00e9h\u00e1ny nap ut\u00e1n meg lehet ism\u00e9telni.<\/div>\n<div>Az Intestinal v\u00edzben old\u00f3d\u00f3 por, ami etet\u00e9shez is adhat\u00f3.<\/div>\n<div>\nM\u00e9r\u0151kan\u00e1l 1+5 g mell\u00e9kelve.<br \/>\n<i>INTESTINAL TABLETTA<\/i><br \/>\nMegel\u0151z\u00e9s: 1 tabletta\/galamb (400-500 g testt\u00f6meg) 1-2 egym\u00e1st k\u00f6vet\u0151 napon.<br \/>\nGy\u00f3gy\u00edt\u00e1s: 1 tabletta\/galamb (400-500 g testt\u00f6meg) 3-5 egym\u00e1st k\u00f6vet\u0151 napon, vagy az \u00e1llatorvos el\u0151\u00edr\u00e1sa szerint.\n<\/div>\n<h6>Tartalmaz:<\/h6>\n<p><i>INTESTINAL POR:<\/i><br \/>\nTrimethoprim 2,5%, Szulfadiazin N\u00e1trium 12,5%, Furaltadon HCl 5%, Ronidazol 5%, inakt\u00edv \u00f6sszetev\u0151k q.s. 100 g-ig.<\/p>\n<p><i>INTESTINAL TABLETTA<\/i><br \/>\nTrimethoprim 37,5 mg\/g ; Szulfametoxazol 187,5 mg\/g<\/p>\n","protected":false},"excerpt":{"rendered":"<p>Jelz\u00e9s: Adeno-Coli szindr\u00f3ma, kokcidi\u00f3zis, trichomon\u00e1d\u00e1k \u00e9s bakteri\u00e1lis fert\u0151z\u00e9sek \u00e1ltal\u00e1ban. Ez a kever\u00e9k akt\u00edv \u00f6sszetev\u0151k kombin\u00e1ci\u00f3j\u00e1t tartalmazza, amelyek hat\u00e9konyak az Adeno\/E-coli szindr\u00f3ma \u00e9s&hellip;<\/p>\n","protected":false},"featured_media":13877,"template":"","meta":[],"product_cat":[302],"product_tag":[],"class_list":{"0":"post-13876","1":"product","2":"type-product","3":"status-publish","4":"has-post-thumbnail","6":"product_cat-gyogyszerek-galambok-szamara","8":"first","9":"instock","10":"shipping-taxable","11":"product-type-simple"},"_links":{"self":[{"href":"https:\/\/care4birds.bg\/hu\/wp-json\/wp\/v2\/product\/13876","targetHints":{"allow":["GET"]}}],"collection":[{"href":"https:\/\/care4birds.bg\/hu\/wp-json\/wp\/v2\/product"}],"about":[{"href":"https:\/\/care4birds.bg\/hu\/wp-json\/wp\/v2\/types\/product"}],"wp:featuredmedia":[{"embeddable":true,"href":"https:\/\/care4birds.bg\/hu\/wp-json\/wp\/v2\/media\/13877"}],"wp:attachment":[{"href":"https:\/\/care4birds.bg\/hu\/wp-json\/wp\/v2\/media?parent=13876"}],"wp:term":[{"taxonomy":"product_cat","embeddable":true,"href":"https:\/\/care4birds.bg\/hu\/wp-json\/wp\/v2\/product_cat?post=13876"},{"taxonomy":"product_tag","embeddable":true,"href":"https:\/\/care4birds.bg\/hu\/wp-json\/wp\/v2\/product_tag?post=13876"}],"curies":[{"name":"wp","href":"https:\/\/api.w.org\/{rel}","templated":true}]}}