{"id":13882,"date":"2025-11-03T10:52:08","date_gmt":"2025-11-03T10:52:08","guid":{"rendered":"https:\/\/care4birds.bg\/product\/eye-drops\/"},"modified":"2026-04-09T10:55:21","modified_gmt":"2026-04-09T10:55:21","slug":"eye-drops","status":"publish","type":"product","link":"https:\/\/care4birds.bg\/hu\/termek\/eye-drops\/","title":{"rendered":"Eye drops"},"content":{"rendered":"<div>\n<h6>Adagol\u00e1s<\/h6>\n<\/div>\n<div>Mindenf\u00e9le fert\u0151z\u00e9s; szem- vagy f\u00fclbetegs\u00e9gek, melyeket gram+ \u00e9s gram- bakt\u00e9riumok okoznak<\/div>\n<h6>Adagol\u00e1s<\/h6>\n<div>1-2 csepp vagy az \u00e1llatorvos el\u0151\u00edr\u00e1sa szerint<\/div>\n<h6>Keze\u00e9s<\/h6>\n<div>\nNaponta 1-2 alkalommal, am\u00edg javul\u00e1s nem tapasztalhat\u00f3, vagy az \u00e1llatorvos el\u0151\u00edr\u00e1sa szerint\n<\/div>\n<div><b>A TERM\u00c9K SZTEROIDOT TARTALMAZ.<\/b><\/div>\n<h6>\u00d6sszet\u00e9tel<\/h6>\n<div>Tartalmaz: Prednisolone Sodium Phosphate 55 mg\/g, Neomycin Sulfate 50 mg\/g<\/div>\n<h6>Tartalom:<\/h6>\n<div>10 ml \u00e1llatgy\u00f3gy\u00e1szati k\u00e9sz\u00edtm\u00e9ny madarak sz\u00e1m\u00e1ra<\/div>\n","protected":false},"excerpt":{"rendered":"<p>Adagol\u00e1s Mindenf\u00e9le fert\u0151z\u00e9s; szem- vagy f\u00fclbetegs\u00e9gek, melyeket gram+ \u00e9s gram- bakt\u00e9riumok okoznak Adagol\u00e1s 1-2 csepp vagy az \u00e1llatorvos el\u0151\u00edr\u00e1sa szerint Keze\u00e9s Naponta&hellip;<\/p>\n","protected":false},"featured_media":13883,"template":"","meta":[],"product_cat":[302],"product_tag":[],"class_list":{"0":"post-13882","1":"product","2":"type-product","3":"status-publish","4":"has-post-thumbnail","6":"product_cat-gyogyszerek-galambok-szamara","8":"first","9":"instock","10":"shipping-taxable","11":"product-type-simple"},"_links":{"self":[{"href":"https:\/\/care4birds.bg\/hu\/wp-json\/wp\/v2\/product\/13882","targetHints":{"allow":["GET"]}}],"collection":[{"href":"https:\/\/care4birds.bg\/hu\/wp-json\/wp\/v2\/product"}],"about":[{"href":"https:\/\/care4birds.bg\/hu\/wp-json\/wp\/v2\/types\/product"}],"wp:featuredmedia":[{"embeddable":true,"href":"https:\/\/care4birds.bg\/hu\/wp-json\/wp\/v2\/media\/13883"}],"wp:attachment":[{"href":"https:\/\/care4birds.bg\/hu\/wp-json\/wp\/v2\/media?parent=13882"}],"wp:term":[{"taxonomy":"product_cat","embeddable":true,"href":"https:\/\/care4birds.bg\/hu\/wp-json\/wp\/v2\/product_cat?post=13882"},{"taxonomy":"product_tag","embeddable":true,"href":"https:\/\/care4birds.bg\/hu\/wp-json\/wp\/v2\/product_tag?post=13882"}],"curies":[{"name":"wp","href":"https:\/\/api.w.org\/{rel}","templated":true}]}}