{"id":13888,"date":"2025-11-03T10:51:24","date_gmt":"2025-11-03T10:51:24","guid":{"rendered":"https:\/\/care4birds.bg\/product\/general-care\/"},"modified":"2026-04-09T10:56:57","modified_gmt":"2026-04-09T10:56:57","slug":"general-care","status":"publish","type":"product","link":"https:\/\/care4birds.bg\/hu\/termek\/general-care\/","title":{"rendered":"General Care"},"content":{"rendered":"<div>\n<h6>Jelz\u00e9s:<\/h6>\n<p>Trichomoniasis, hexamitiasis, paratyphoid, E-coli \u00e9s \u00e1ltal\u00e1nos bakteri\u00e1lis fert\u0151z\u00e9sek\n<\/p><\/div>\n<h6>T\u00fcnetek:<\/h6>\n<div>Tests\u00faly \u00e9s \u00e1ltal\u00e1nos \u00e1llapot cs\u00f6kken\u00e9se, ny\u00e1lk\u00e1s, z\u00f6ld \u00fcr\u00fcl\u00e9k, duzzadt l\u00e1b- \u00e9s sz\u00e1rnyt\u0151 \u00edz\u00fcletek, medd\u0151 toj\u00e1sok, a nyak oldalra fordul, fiatal madarak betegs\u00e9ge, hirtelen elhull\u00e1s.<\/div>\n<h6>Adagol\u00e1s:<\/h6>\n<div><i>GENERAL CARE POR<\/i><br \/>\nMegel\u0151z\u00e9s: 1 m\u00e9r\u0151kan\u00e1l (=5g) 2 liter iv\u00f3v\u00edzhez 1-2 napig k\u00e9thetente,<\/div>\n<div>lehet\u0151leg a verseny ut\u00e1ni napon kezdve.<\/div>\n<div>Keze\u00e9s: 1 m\u00e9r\u0151kan\u00e1l (=5g) 2 liter iv\u00f3v\u00edzhez 5-7 egym\u00e1st k\u00f6vet\u0151 napon.<\/div>\n<div>A kezel\u00e9st sz\u00fcks\u00e9g eset\u00e9n n\u00e9h\u00e1ny nap ut\u00e1n meg lehet ism\u00e9telni. Alaposan keverje fel haszn\u00e1lat el\u0151tt!<\/div>\n<div>General Care v\u00edzben old\u00f3d\u00f3 por, mely az etet\u0151 al\u00e1 is adhat\u00f3.<\/div>\n<div>\nM\u00e9r\u0151kan\u00e1l 1+5 g mell\u00e9kelve.<\/p>\n<p><i>GENERAL CARE TABLETTAK<\/i><br \/>\nMegel\u0151z\u0151: 1 tabletta \/ mad\u00e1r (400-500 g testt\u00f6meg) 1-2 egym\u00e1st k\u00f6vet\u0151 napig.<br \/>\nGy\u00f3gy\u00edt\u00f3: 1 tabletta \/ mad\u00e1r (400-500 g testt\u00f6meg) 3-5 egym\u00e1st k\u00f6vet\u0151 napig, vagy az \u00e1llatorvos el\u0151\u00edr\u00e1sa szerint.\n<\/div>\n<h6>Tartalmaz:<\/h6>\n<div><i>GENERAL CARE POR<\/i><br \/>\nFuraltadon HCl 12%, Metronidazol 20%, Chlortetracycline HCl 10%, Inakt\u00edv \u00f6sszetev\u0151k q.s. 100 g-ig.<br \/>\n<i>GENERAL CARE TABLETTAK<\/i><br \/>\nFuraltadon HCl 75 mg\/g; Ronidazol 25 mg\/g\n<\/div>\n","protected":false},"excerpt":{"rendered":"<p>Jelz\u00e9s: Trichomoniasis, hexamitiasis, paratyphoid, E-coli \u00e9s \u00e1ltal\u00e1nos bakteri\u00e1lis fert\u0151z\u00e9sek T\u00fcnetek: Tests\u00faly \u00e9s \u00e1ltal\u00e1nos \u00e1llapot cs\u00f6kken\u00e9se, ny\u00e1lk\u00e1s, z\u00f6ld \u00fcr\u00fcl\u00e9k, duzzadt l\u00e1b- \u00e9s sz\u00e1rnyt\u0151&hellip;<\/p>\n","protected":false},"featured_media":13889,"template":"","meta":[],"product_cat":[302],"product_tag":[],"class_list":{"0":"post-13888","1":"product","2":"type-product","3":"status-publish","4":"has-post-thumbnail","6":"product_cat-gyogyszerek-galambok-szamara","8":"first","9":"instock","10":"shipping-taxable","11":"product-type-simple"},"_links":{"self":[{"href":"https:\/\/care4birds.bg\/hu\/wp-json\/wp\/v2\/product\/13888","targetHints":{"allow":["GET"]}}],"collection":[{"href":"https:\/\/care4birds.bg\/hu\/wp-json\/wp\/v2\/product"}],"about":[{"href":"https:\/\/care4birds.bg\/hu\/wp-json\/wp\/v2\/types\/product"}],"wp:featuredmedia":[{"embeddable":true,"href":"https:\/\/care4birds.bg\/hu\/wp-json\/wp\/v2\/media\/13889"}],"wp:attachment":[{"href":"https:\/\/care4birds.bg\/hu\/wp-json\/wp\/v2\/media?parent=13888"}],"wp:term":[{"taxonomy":"product_cat","embeddable":true,"href":"https:\/\/care4birds.bg\/hu\/wp-json\/wp\/v2\/product_cat?post=13888"},{"taxonomy":"product_tag","embeddable":true,"href":"https:\/\/care4birds.bg\/hu\/wp-json\/wp\/v2\/product_tag?post=13888"}],"curies":[{"name":"wp","href":"https:\/\/api.w.org\/{rel}","templated":true}]}}