{"id":13894,"date":"2025-11-03T10:49:37","date_gmt":"2025-11-03T10:49:37","guid":{"rendered":"https:\/\/care4birds.bg\/product\/coli-stop\/"},"modified":"2026-04-09T10:58:18","modified_gmt":"2026-04-09T10:58:18","slug":"coli-stop","status":"publish","type":"product","link":"https:\/\/care4birds.bg\/hu\/termek\/coli-stop\/","title":{"rendered":"Coli Stop"},"content":{"rendered":"<h6>Jelz\u00e9s:<\/h6>\n<div>E-Coli, Paratyphoid, Streptococcus, Staphylococcus \u00e9s \u00e1ltal\u00e1nos bakteri\u00e1lis fert\u0151z\u00e9sek.<\/div>\n<h6>T\u00fcnetek:<\/h6>\n<div>\u00c9tkez\u00e9si kedv cs\u00f6kken\u00e9se, lass\u00fa begy\u00fcr\u00fcl\u00e9s, tests\u00falycs\u00f6kken\u00e9s, h\u00e1ny\u00e1s, barna-z\u00f6ld vizes vagy ny\u00e1lk\u00e1s \u00fcr\u00fcl\u00e9k, hirtelen elhull\u00e1s.<\/div>\n<h6>Adagol\u00e1s:<\/h6>\n<div><i>COLI STOP POR<\/i><br \/>\nMegel\u0151z\u00e9s: 1 m\u00e9r\u0151kan\u00e1l (=5g) 2 liter iv\u00f3v\u00edzhez 1-2 napig k\u00e9thetente,<\/div>\n<div>lehet\u0151leg a verseny ut\u00e1ni napon kezdve.<\/div>\n<div>Keze\u00e9s: 1 m\u00e9r\u0151kan\u00e1l (=5g) 2 liter iv\u00f3v\u00edzhez 5-7 egym\u00e1st k\u00f6vet\u0151 napon.<\/div>\n<div>A kezel\u00e9st sz\u00fcks\u00e9g eset\u00e9n n\u00e9h\u00e1ny nap ut\u00e1n meg lehet ism\u00e9telni.<\/div>\n<div>Coli Stop v\u00edzben old\u00f3d\u00f3 por, mely az etet\u0151 al\u00e1 is adhat\u00f3.<\/div>\n<div>\nM\u00e9r\u0151kan\u00e1l 1+5 g mell\u00e9kelve.<\/p>\n<p><i>COLI STOP TABLETTAK<\/i><br \/>\nMegel\u0151z\u0151: 1 tabletta \/ mad\u00e1r (400-500 g testt\u00f6meg) 1-2 egym\u00e1st k\u00f6vet\u0151 napig.<br \/>\nGy\u00f3gy\u00edt\u00f3: 1 tabletta \/ mad\u00e1r (400-500 g testt\u00f6meg) 3-5 egym\u00e1st k\u00f6vet\u0151 napig, vagy az \u00e1llatorvos el\u0151\u00edr\u00e1sa szerint.\n<\/div>\n<h6>Tartalmaz:<\/h6>\n<p><i>COLI STOP POR<\/i><br \/>\nStreptomycine Sulfate 13,9%, Neomycine Sulfate 4%, Colistine Sulfate 2%, inakt\u00edv \u00f6sszetev\u0151k q.s. 100 g-ig.<\/p>\n<p><i>COLI STOP TABLETTAK<\/i><br \/>\nNeomycine sulfate 5,0 mg\/g; Streptomycine sulfate 17,4 mg\/g; Colistine sulfate 2,5 mg\/g<\/p>\n","protected":false},"excerpt":{"rendered":"<p>Jelz\u00e9s: E-Coli, Paratyphoid, Streptococcus, Staphylococcus \u00e9s \u00e1ltal\u00e1nos bakteri\u00e1lis fert\u0151z\u00e9sek. T\u00fcnetek: \u00c9tkez\u00e9si kedv cs\u00f6kken\u00e9se, lass\u00fa begy\u00fcr\u00fcl\u00e9s, tests\u00falycs\u00f6kken\u00e9s, h\u00e1ny\u00e1s, barna-z\u00f6ld vizes vagy ny\u00e1lk\u00e1s \u00fcr\u00fcl\u00e9k,&hellip;<\/p>\n","protected":false},"featured_media":13895,"template":"","meta":[],"product_cat":[302],"product_tag":[],"class_list":{"0":"post-13894","1":"product","2":"type-product","3":"status-publish","4":"has-post-thumbnail","6":"product_cat-gyogyszerek-galambok-szamara","8":"first","9":"instock","10":"shipping-taxable","11":"product-type-simple"},"_links":{"self":[{"href":"https:\/\/care4birds.bg\/hu\/wp-json\/wp\/v2\/product\/13894","targetHints":{"allow":["GET"]}}],"collection":[{"href":"https:\/\/care4birds.bg\/hu\/wp-json\/wp\/v2\/product"}],"about":[{"href":"https:\/\/care4birds.bg\/hu\/wp-json\/wp\/v2\/types\/product"}],"wp:featuredmedia":[{"embeddable":true,"href":"https:\/\/care4birds.bg\/hu\/wp-json\/wp\/v2\/media\/13895"}],"wp:attachment":[{"href":"https:\/\/care4birds.bg\/hu\/wp-json\/wp\/v2\/media?parent=13894"}],"wp:term":[{"taxonomy":"product_cat","embeddable":true,"href":"https:\/\/care4birds.bg\/hu\/wp-json\/wp\/v2\/product_cat?post=13894"},{"taxonomy":"product_tag","embeddable":true,"href":"https:\/\/care4birds.bg\/hu\/wp-json\/wp\/v2\/product_tag?post=13894"}],"curies":[{"name":"wp","href":"https:\/\/api.w.org\/{rel}","templated":true}]}}