{"id":13900,"date":"2025-11-03T10:49:34","date_gmt":"2025-11-03T10:49:34","guid":{"rendered":"https:\/\/care4birds.bg\/product\/eye-cream\/"},"modified":"2026-04-09T10:59:48","modified_gmt":"2026-04-09T10:59:48","slug":"eye-cream","status":"publish","type":"product","link":"https:\/\/care4birds.bg\/hu\/termek\/eye-cream\/","title":{"rendered":"Eye cream"},"content":{"rendered":"<div>\n<h6>Jelz\u00e9s<\/h6>\n<\/div>\n<div>Mindenf\u00e9le fert\u0151z\u00e9s; szem- vagy f\u00fclbetegs\u00e9gek, allergi\u00e1s reakci\u00f3kkal bonyol\u00edtva.<\/div>\n<h6>Adagol\u00e1s<\/h6>\n<div>Kis mennyis\u00e9g a szem vagy f\u00fcl k\u00f6r\u00e9, vagy az \u00e1llatorvos utas\u00edt\u00e1sa szerint.<\/div>\n<h6>Keze\u00e9s<\/h6>\n<div>Naponta 1-2 alkalommal, am\u00edg javul\u00e1s nem tapasztalhat\u00f3, vagy az \u00e1llatorvos utas\u00edt\u00e1sa szerint.<\/div>\n<h6><b>A TERM\u00c9K SZTEROIDOT TARTALMAZ, NE HASZN\u00c1LJA VERSENY EL\u0150TT.<\/b><\/h6>\n<h6>\u00d6sszet\u00e9tel<\/h6>\n<div>Tartalmaz: Oxytetracycline HCl 5,4 mg\/g, Polymyxine B.Sulfate 1,27 mg\/g,<\/div>\n<div>Hydrocortisone micr. 1,5 mg\/g (5 grammos tubusban sz\u00e1ll\u00edtva)<\/div>\n<h6>Tartalom:<\/h6>\n<div>5 g \u00e1llatgy\u00f3gy\u00e1szati k\u00e9sz\u00edtm\u00e9ny madarak sz\u00e1m\u00e1ra<\/div>\n","protected":false},"excerpt":{"rendered":"<p>Jelz\u00e9s Mindenf\u00e9le fert\u0151z\u00e9s; szem- vagy f\u00fclbetegs\u00e9gek, allergi\u00e1s reakci\u00f3kkal bonyol\u00edtva. Adagol\u00e1s Kis mennyis\u00e9g a szem vagy f\u00fcl k\u00f6r\u00e9, vagy az \u00e1llatorvos utas\u00edt\u00e1sa szerint.&hellip;<\/p>\n","protected":false},"featured_media":13901,"template":"","meta":[],"product_cat":[302],"product_tag":[],"class_list":{"0":"post-13900","1":"product","2":"type-product","3":"status-publish","4":"has-post-thumbnail","6":"product_cat-gyogyszerek-galambok-szamara","8":"first","9":"instock","10":"shipping-taxable","11":"product-type-simple"},"_links":{"self":[{"href":"https:\/\/care4birds.bg\/hu\/wp-json\/wp\/v2\/product\/13900","targetHints":{"allow":["GET"]}}],"collection":[{"href":"https:\/\/care4birds.bg\/hu\/wp-json\/wp\/v2\/product"}],"about":[{"href":"https:\/\/care4birds.bg\/hu\/wp-json\/wp\/v2\/types\/product"}],"wp:featuredmedia":[{"embeddable":true,"href":"https:\/\/care4birds.bg\/hu\/wp-json\/wp\/v2\/media\/13901"}],"wp:attachment":[{"href":"https:\/\/care4birds.bg\/hu\/wp-json\/wp\/v2\/media?parent=13900"}],"wp:term":[{"taxonomy":"product_cat","embeddable":true,"href":"https:\/\/care4birds.bg\/hu\/wp-json\/wp\/v2\/product_cat?post=13900"},{"taxonomy":"product_tag","embeddable":true,"href":"https:\/\/care4birds.bg\/hu\/wp-json\/wp\/v2\/product_tag?post=13900"}],"curies":[{"name":"wp","href":"https:\/\/api.w.org\/{rel}","templated":true}]}}