{"id":13906,"date":"2025-11-03T10:44:11","date_gmt":"2025-11-03T10:44:11","guid":{"rendered":"https:\/\/care4birds.bg\/product\/endo-ecto-drops\/"},"modified":"2026-04-09T11:01:13","modified_gmt":"2026-04-09T11:01:13","slug":"endo-ecto-drops","status":"publish","type":"product","link":"https:\/\/care4birds.bg\/hu\/termek\/endo-ecto-drops\/","title":{"rendered":"Endo-ecto drops"},"content":{"rendered":"<h6>Jelz\u00e9s:<\/h6>\n<div>Rovarok (tetvek), atk\u00e1k \u00e9s f\u00e9regfert\u0151z\u00e9sek megel\u0151z\u00e9s\u00e9re \u00e9s kezel\u00e9s\u00e9re.<\/div>\n<h6>ELLENJAVALLAT:<\/h6>\n<div>T\u00faladagol\u00e1s, ne kezelje vedl\u00e9s alatt \u00e9s 14 napn\u00e1l fiatalabb madarakat.<\/div>\n<h6>K\u00d6LCS\u00d6NHAT\u00c1S:<\/h6>\n<div>Ebben az adagol\u00e1sban nem ismert.<\/div>\n<h6>\u00d6SSZET\u00c9TEL:<\/h6>\n<div>Ivermectin 0,3%, inakt\u00edv \u00f6sszetev\u0151k q.s.<\/div>\n<div>10 ml-ig.<\/div>\n<h6>TARTALMAZ:<\/h6>\n<div>10 ml folyad\u00e9k helyi alkalmaz\u00e1sra (pipett\u00e1s) galambok sz\u00e1m\u00e1ra, 250\u20133000 g testt\u00f6megig.<\/div>\n<h6>Adagol\u00e1s:<\/h6>\n<div>A nyak b\u0151r\u00e9n, sz\u0151rmentes fel\u00fcleten: 1 csepp 200 g testt\u00f6megre, 2 csepp 500 g testt\u00f6megre.<\/div>\n<div>Sz\u00fcks\u00e9g eset\u00e9n ism\u00e9telje meg a kezel\u00e9st 4\u20136 h\u00e9t ut\u00e1n, vagy az \u00e1llatorvos utas\u00edt\u00e1sa szerint.<\/div>\n<div>F\u00fcrd\u0151v\u00edzhez: 40 csepp 10 liter f\u00fcrd\u0151v\u00edzhez.<\/div>\n","protected":false},"excerpt":{"rendered":"<p>Jelz\u00e9s: Rovarok (tetvek), atk\u00e1k \u00e9s f\u00e9regfert\u0151z\u00e9sek megel\u0151z\u00e9s\u00e9re \u00e9s kezel\u00e9s\u00e9re. ELLENJAVALLAT: T\u00faladagol\u00e1s, ne kezelje vedl\u00e9s alatt \u00e9s 14 napn\u00e1l fiatalabb madarakat. K\u00d6LCS\u00d6NHAT\u00c1S: Ebben&hellip;<\/p>\n","protected":false},"featured_media":13907,"template":"","meta":[],"product_cat":[302],"product_tag":[],"class_list":{"0":"post-13906","1":"product","2":"type-product","3":"status-publish","4":"has-post-thumbnail","6":"product_cat-gyogyszerek-galambok-szamara","8":"first","9":"instock","10":"shipping-taxable","11":"product-type-simple"},"_links":{"self":[{"href":"https:\/\/care4birds.bg\/hu\/wp-json\/wp\/v2\/product\/13906","targetHints":{"allow":["GET"]}}],"collection":[{"href":"https:\/\/care4birds.bg\/hu\/wp-json\/wp\/v2\/product"}],"about":[{"href":"https:\/\/care4birds.bg\/hu\/wp-json\/wp\/v2\/types\/product"}],"wp:featuredmedia":[{"embeddable":true,"href":"https:\/\/care4birds.bg\/hu\/wp-json\/wp\/v2\/media\/13907"}],"wp:attachment":[{"href":"https:\/\/care4birds.bg\/hu\/wp-json\/wp\/v2\/media?parent=13906"}],"wp:term":[{"taxonomy":"product_cat","embeddable":true,"href":"https:\/\/care4birds.bg\/hu\/wp-json\/wp\/v2\/product_cat?post=13906"},{"taxonomy":"product_tag","embeddable":true,"href":"https:\/\/care4birds.bg\/hu\/wp-json\/wp\/v2\/product_tag?post=13906"}],"curies":[{"name":"wp","href":"https:\/\/api.w.org\/{rel}","templated":true}]}}