{"id":13913,"date":"2025-11-03T10:20:24","date_gmt":"2025-11-03T10:20:24","guid":{"rendered":"https:\/\/care4birds.bg\/product\/salmo-stop\/"},"modified":"2026-04-09T11:02:42","modified_gmt":"2026-04-09T11:02:42","slug":"salmo-stop","status":"publish","type":"product","link":"https:\/\/care4birds.bg\/hu\/termek\/salmo-stop\/","title":{"rendered":"Salmo-Stop"},"content":{"rendered":"<div>\n<h6>Jelz\u00e9s:<\/h6>\n<p>Salmonella (paratyphoid), E-coli \u00e9s bakteri\u00e1lis fert\u0151z\u00e9sek.\n<\/p><\/div>\n<h6>Jellegzetess\u00e9gek:<\/h6>\n<div>Hasmen\u00e9s (z\u00f6ld hasmen\u00e9s, egyes madarak h\u00e1nyhatnak), lass\u00fa begy\u00fcr\u00fcl\u00e9s, fert\u0151z\u0151 \u00edz\u00fcleti gyullad\u00e1s (s\u00e1nt\u00edt\u00e1s vagy lel\u00f3g\u00f3 sz\u00e1rny), b\u0151r alatti t\u00e1lyogok (\u00e1ltal\u00e1ban a szem alatt, kis duzzanat kem\u00e9ny, s\u00e1rga, sz\u00e1raz gennyel), term\u00e9ketlens\u00e9g, hirtelen elhull\u00e1s.<\/div>\n<h6>Adagol\u00e1s:<\/h6>\n<div><i>SALMO STOP POR<\/i><br \/>\nMegel\u0151z\u00e9s: 1 m\u00e9r\u0151kan\u00e1l (=5g) 2 liter iv\u00f3v\u00edzhez 1\u20132 napig, k\u00e9thetente, lehet\u0151leg a verseny ut\u00e1ni napon kezdve.<\/div>\n<div>Kezeletk\u00e9nt: 1 m\u00e9r\u0151kan\u00e1l (=5g) 2 liter iv\u00f3v\u00edzhez 5\u20137 egym\u00e1st k\u00f6vet\u0151 napon kereszt\u00fcl.<\/div>\n<div>Ha sz\u00fcks\u00e9ges, a kezel\u00e9st n\u00e9h\u00e1ny nap m\u00falva meg lehet ism\u00e9telni. Haszn\u00e1lat el\u0151tt j\u00f3l keverje fel!<\/div>\n<div>Salmo Stop v\u00edzben old\u00f3d\u00f3 por, amelyet takarm\u00e1nyhoz is adhat.<\/div>\n<div>\nM\u00e9r\u0151kan\u00e1l 1+5 g mell\u00e9kelve.<br \/>\n<i>SALMO STOP TABLETTA<\/i><br \/>\nMegel\u0151z\u00e9s: 1 tabletta galambonk\u00e9nt (400\u2013500 g testt\u00f6meg) 1\u20132 egym\u00e1st k\u00f6vet\u0151 napon.<br \/>\nGy\u00f3gykezel\u00e9s: 1 tabletta galambonk\u00e9nt (400\u2013500 g testt\u00f6meg) 3\u20135 egym\u00e1st k\u00f6vet\u0151 napon, vagy \u00e1llatorvos utas\u00edt\u00e1sa szerint.\n<\/div>\n<h6>Tartalmaz:<\/h6>\n<div><i>SALMO STOP POR<\/i><br \/>\nFuraltadon HCl 12,5%, Chlortetracycline HCl 12,5%, Chloramphenicol 8%. Inakt\u00edv \u00f6sszetev\u0151k q.s. 100 g-ig<br \/>\n<i>SALMO STOP TABLETTA<\/i><br \/>\nChlortetracycline HCl 78 mg\/g; Furaltadon HCl 80 mg\/g; Chloramphenicol 50 mg\/g<\/div>\n","protected":false},"excerpt":{"rendered":"<p>Jelz\u00e9s: Salmonella (paratyphoid), E-coli \u00e9s bakteri\u00e1lis fert\u0151z\u00e9sek. Jellegzetess\u00e9gek: Hasmen\u00e9s (z\u00f6ld hasmen\u00e9s, egyes madarak h\u00e1nyhatnak), lass\u00fa begy\u00fcr\u00fcl\u00e9s, fert\u0151z\u0151 \u00edz\u00fcleti gyullad\u00e1s (s\u00e1nt\u00edt\u00e1s vagy lel\u00f3g\u00f3&hellip;<\/p>\n","protected":false},"featured_media":13914,"template":"","meta":[],"product_cat":[302],"product_tag":[],"class_list":{"0":"post-13913","1":"product","2":"type-product","3":"status-publish","4":"has-post-thumbnail","6":"product_cat-gyogyszerek-galambok-szamara","8":"first","9":"instock","10":"shipping-taxable","11":"product-type-simple"},"_links":{"self":[{"href":"https:\/\/care4birds.bg\/hu\/wp-json\/wp\/v2\/product\/13913","targetHints":{"allow":["GET"]}}],"collection":[{"href":"https:\/\/care4birds.bg\/hu\/wp-json\/wp\/v2\/product"}],"about":[{"href":"https:\/\/care4birds.bg\/hu\/wp-json\/wp\/v2\/types\/product"}],"wp:featuredmedia":[{"embeddable":true,"href":"https:\/\/care4birds.bg\/hu\/wp-json\/wp\/v2\/media\/13914"}],"wp:attachment":[{"href":"https:\/\/care4birds.bg\/hu\/wp-json\/wp\/v2\/media?parent=13913"}],"wp:term":[{"taxonomy":"product_cat","embeddable":true,"href":"https:\/\/care4birds.bg\/hu\/wp-json\/wp\/v2\/product_cat?post=13913"},{"taxonomy":"product_tag","embeddable":true,"href":"https:\/\/care4birds.bg\/hu\/wp-json\/wp\/v2\/product_tag?post=13913"}],"curies":[{"name":"wp","href":"https:\/\/api.w.org\/{rel}","templated":true}]}}