{"id":10832,"date":"2025-11-03T11:38:17","date_gmt":"2025-11-03T11:38:17","guid":{"rendered":"https:\/\/care4birds.bg\/product\/intestinal-2\/"},"modified":"2026-04-01T08:01:10","modified_gmt":"2026-04-01T08:01:10","slug":"intestinal-2","status":"publish","type":"product","link":"https:\/\/care4birds.bg\/it\/prodotto\/intestinal-2\/","title":{"rendered":"Intestinal"},"content":{"rendered":"<div>\n<h6>Indicazione:<\/h6>\n<p>Infezioni gastrointestinali batteriche, come Staphylococcus, Streptococcus ed Enterococcus, negli uccelli.\n<\/p><\/div>\n<h6>Sintomi:<\/h6>\n<div>\u2022 Evidente cambiamento nel comportamento e nell\u2019aspetto<\/div>\n<div>\u2022 Piume arruffate e gonfie<\/div>\n<div>\u2022 Occhi rossi e lacrimosi, secrezione nasale<\/div>\n<div>\u2022 Diarrea<\/div>\n<div>\u2022 Respirazione insolita o difficoltosa<\/div>\n<div>\u2022 Riduzione dell\u2019appetito e posizione bassa sul posatoio<\/div>\n<h6>Dosaggio<\/h6>\n<div>Come trattamento normale, aggiungere una dose di 5 g in 2 L di acqua potabile tiepida per 3-5 giorni.<\/div>\n<div>In caso di infezioni gravi: prolungare il trattamento a 5-7 giorni consecutivi. Il trattamento pu\u00f2 essere ripetuto, se necessario, dopo alcuni giorni.<\/div>\n<div>Cucchiaio dosatore da 1+5 g incluso.<\/div>\n<h6>Interazione(i): non nota(e).<\/h6>\n<h6>Controindicazione(i): sovradosaggio.<\/h6>\n<h6>Consigli per l\u2019uso:<\/h6>\n<p>Isolare gli uccelli malati (temperatura 28-33 \u00baC, luci soffuse).<br \/>\nDurante il trattamento, fornire un trattamento preventivo anche agli altri uccelli.<br \/>\nAssicurarsi che gli uccelli assumano le quantit\u00e0 raccomandate di medicinale; pertanto, evitare l\u2019assunzione di cibo o acqua non medicati.<br \/>\nSomministrare glucosio e MULTIVIT MIX durante il trattamento.<br \/>\nIn condizioni gravi, si raccomanda un trattamento prolungato.<br \/>\nAssicurarsi di disinfettare adeguatamente l\u2019alloggio.<br \/>\nSe non si osserva un rapido miglioramento, consultare uno specialista.<\/p>\n<h6>NOTE: LEGGERE LE ISTRUZIONI PRIMA DELL\u2019USO.<\/h6>\n<p>Conservare in luogo asciutto, al riparo dalla luce solare diretta, tra 0-30 \u00b0C.<br \/>\nDurata di conservazione dopo la prima apertura: un (1) anno.<br \/>\nN. lotto e data di scadenza: vedere la confezione.<br \/>\nEvitare il contatto del medicinale con le mani.<br \/>\nTenere fuori dalla portata dei bambini.<br \/>\nSolo per uso veterinario. Non destinato ad animali destinati al consumo umano.<br \/>\nSmaltire l\u2019imballaggio vuoto e il prodotto residuo nei rifiuti domestici.<br \/>\nQuesto medicinale veterinario \u00e8 commercializzato in conformit\u00e0 con il regime di esenzione per piccoli animali.<\/p>\n<h6>Contiene:<\/h6>\n<p>Trimetoprim 4 %, Sulfadiazina sodica 20 %, eccipienti q.s. fino a 100 g<\/p>\n<h6>IMPORTANTE<\/h6>\n<p>Nel tempo pu\u00f2 verificarsi un leggero indurimento della polvere. Tuttavia, ci\u00f2 non influisce sulla qualit\u00e0, sull\u2019efficacia o sulle propriet\u00e0 utili del prodotto.<\/p>\n","protected":false},"excerpt":{"rendered":"<p>Indicazione: Infezioni gastrointestinali batteriche, come Staphylococcus, Streptococcus ed Enterococcus, negli uccelli. Sintomi: \u2022 Evidente cambiamento nel comportamento e nell\u2019aspetto \u2022 Piume arruffate&hellip;<\/p>\n","protected":false},"featured_media":10833,"template":"","meta":[],"product_cat":[235],"product_tag":[],"class_list":{"0":"post-10832","1":"product","2":"type-product","3":"status-publish","4":"has-post-thumbnail","6":"product_cat-medicinali-per-uccelli","8":"first","9":"instock","10":"shipping-taxable","11":"product-type-simple"},"_links":{"self":[{"href":"https:\/\/care4birds.bg\/it\/wp-json\/wp\/v2\/product\/10832","targetHints":{"allow":["GET"]}}],"collection":[{"href":"https:\/\/care4birds.bg\/it\/wp-json\/wp\/v2\/product"}],"about":[{"href":"https:\/\/care4birds.bg\/it\/wp-json\/wp\/v2\/types\/product"}],"wp:featuredmedia":[{"embeddable":true,"href":"https:\/\/care4birds.bg\/it\/wp-json\/wp\/v2\/media\/10833"}],"wp:attachment":[{"href":"https:\/\/care4birds.bg\/it\/wp-json\/wp\/v2\/media?parent=10832"}],"wp:term":[{"taxonomy":"product_cat","embeddable":true,"href":"https:\/\/care4birds.bg\/it\/wp-json\/wp\/v2\/product_cat?post=10832"},{"taxonomy":"product_tag","embeddable":true,"href":"https:\/\/care4birds.bg\/it\/wp-json\/wp\/v2\/product_tag?post=10832"}],"curies":[{"name":"wp","href":"https:\/\/api.w.org\/{rel}","templated":true}]}}