{"id":10850,"date":"2025-11-03T11:34:48","date_gmt":"2025-11-03T11:34:48","guid":{"rendered":"https:\/\/care4birds.bg\/product\/salmo-mix\/"},"modified":"2026-04-01T08:03:28","modified_gmt":"2026-04-01T08:03:28","slug":"salmo-mix","status":"publish","type":"product","link":"https:\/\/care4birds.bg\/it\/prodotto\/salmo-mix\/","title":{"rendered":"Salmo-mix"},"content":{"rendered":"<h6>Indicazioni:<\/h6>\n<div>Salmonellosi, colibacillosi (malattia della sudorazione) e infezioni batteriche comuni negli uccelli.<\/div>\n<h6>Sintomi:<\/h6>\n<div>SINTOMI COMUNI DELLE INFEZIONI BATTERICHE:<\/div>\n<div>SINTOMI AGGIUNTIVI DELLA COLIBACILLOSI (MALATTIA DELLA SUDORAZIONE):<\/div>\n<div>\u2022 Cambiamenti evidenti nel comportamento e nell\u2019aspetto<\/div>\n<div>\u2022 Piume arruffate e disordinate<\/div>\n<div>\u2022 Diarrea<\/div>\n<div>\u2022 Respirazione insolita o difficile<\/div>\n<div>\u2022 Riduzione dell\u2019appetito e posizione bassa sul trespolo<\/div>\n<div>\u2022 Interno dei nidi macchiato dalla diarrea gialla dei pulli<\/div>\n<div>\u2022 Crescita ritardata dei pulcini<\/div>\n<div>\u2022 Aumento della mortalit\u00e0 nei primi giorni di vita<\/div>\n<div><\/div>\n<div>La salmonellosi \u00e8 pi\u00f9 diffusa nei periodi pi\u00f9 umidi dell\u2019anno, all\u2019esterno della voliera, quando non vengono adottate adeguate misure igieniche; l\u2019esposizione a topi o escrementi di uccelli selvatici \u00e8 una fonte di infezione.<\/div>\n<h6>Dosaggio:<\/h6>\n<div>DOSAGGIO: COME TRATTAMENTO NORMALE, aggiungere 5 g in 1 litro di acqua potabile<\/div>\n<div>per 5\u20137 giorni consecutivi.<\/div>\n<div>IN CASO DI SALMONELLOSI O COLIBACILLOSI (MALATTIA DELLA SUDORAZIONE), ripetere<\/div>\n<div>il trattamento dopo 2 giorni<\/div>\n<div>Cucchiaino dosatore 1+5 g incluso.<\/div>\n<div><\/div>\n<p>Interazioni: non note.<\/p>\n<p>Controindicazioni: sovradosaggio.<\/p>\n<h6>Consigli per l\u2019uso:<\/h6>\n<p>Isolare gli uccelli malati (temperatura 28\u201333 \u00baC, luce attenuata).<br \/>\nDurante il trattamento, fornire anche agli altri uccelli un trattamento preventivo.<br \/>\nAssicurarsi che gli uccelli assumano le quantit\u00e0 raccomandate di medicinale; quindi, evitare cibo o acqua non medicati.<br \/>\nSomministrare glucosio e MULTIVIT MIX durante il trattamento.<br \/>\nPer condizioni gravi, si consiglia un trattamento prolungato.<br \/>\nAssicurarsi di disinfettare adeguatamente l\u2019alloggio.<br \/>\nSe non si osserva un rapido miglioramento, consultare un esperto.<\/p>\n<h6>NOTE: LEGGERE LE ISTRUZIONI PRIMA DELL\u2019USO.<\/h6>\n<p>Conservare in luogo asciutto, lontano dalla luce diretta del sole, tra 0-30 \u00b0C.<br \/>\nDurata di conservazione dopo la prima apertura: un (1) anno.<br \/>\nNumero di lotto e data di scadenza: vedere la confezione.<br \/>\nEvitare il contatto del medicinale con le mani.<br \/>\nTenere fuori dalla portata dei bambini.<br \/>\nSolo per uso veterinario. Non destinato ad animali destinati al consumo umano.<br \/>\nSmaltire l\u2019imballaggio vuoto e il prodotto residuo nei rifiuti domestici.<br \/>\nQuesto medicinale veterinario \u00e8 commercializzato secondo lo schema di esenzione per piccoli animali.<\/p>\n<h6>Contiene:<\/h6>\n<p>Furaltadone HCl 12,8%, Cloramfenicolo 8%, Clortetraciclina HCl 12,5%, eccipienti q.s. fino a 100 g<\/p>\n","protected":false},"excerpt":{"rendered":"<p>Indicazioni: Salmonellosi, colibacillosi (malattia della sudorazione) e infezioni batteriche comuni negli uccelli. Sintomi: SINTOMI COMUNI DELLE INFEZIONI BATTERICHE: SINTOMI AGGIUNTIVI DELLA COLIBACILLOSI&hellip;<\/p>\n","protected":false},"featured_media":10851,"template":"","meta":[],"product_cat":[235],"product_tag":[],"class_list":{"0":"post-10850","1":"product","2":"type-product","3":"status-publish","4":"has-post-thumbnail","6":"product_cat-medicinali-per-uccelli","8":"first","9":"instock","10":"shipping-taxable","11":"product-type-simple"},"_links":{"self":[{"href":"https:\/\/care4birds.bg\/it\/wp-json\/wp\/v2\/product\/10850","targetHints":{"allow":["GET"]}}],"collection":[{"href":"https:\/\/care4birds.bg\/it\/wp-json\/wp\/v2\/product"}],"about":[{"href":"https:\/\/care4birds.bg\/it\/wp-json\/wp\/v2\/types\/product"}],"wp:featuredmedia":[{"embeddable":true,"href":"https:\/\/care4birds.bg\/it\/wp-json\/wp\/v2\/media\/10851"}],"wp:attachment":[{"href":"https:\/\/care4birds.bg\/it\/wp-json\/wp\/v2\/media?parent=10850"}],"wp:term":[{"taxonomy":"product_cat","embeddable":true,"href":"https:\/\/care4birds.bg\/it\/wp-json\/wp\/v2\/product_cat?post=10850"},{"taxonomy":"product_tag","embeddable":true,"href":"https:\/\/care4birds.bg\/it\/wp-json\/wp\/v2\/product_tag?post=10850"}],"curies":[{"name":"wp","href":"https:\/\/api.w.org\/{rel}","templated":true}]}}