{"id":10886,"date":"2025-11-03T11:33:19","date_gmt":"2025-11-03T11:33:19","guid":{"rendered":"https:\/\/care4birds.bg\/product\/fungi-mix\/"},"modified":"2026-03-30T08:59:04","modified_gmt":"2026-03-30T08:59:04","slug":"fungi-mix","status":"publish","type":"product","link":"https:\/\/care4birds.bg\/it\/prodotto\/fungi-mix\/","title":{"rendered":"Fungi-mix"},"content":{"rendered":"<div>\n<h6>Indicazione:<\/h6>\n<\/div>\n<div>Infezioni fungine come Candidiasi, Moniliasi e Aspergillosi negli uccelli.<\/div>\n<div>Il lievito si trova ovunque nell&#8217;ambiente, compreso il cibo avariato. Per questo motivo, frutta e verdura fresca non devono essere lasciate nella gabbia per lunghi periodi. Con il caldo e l&#8217;umidit\u00e0 estiva, il cibo pu\u00f2 deteriorarsi in poche ore. Una scarsa igiene pu\u00f2 diffondere le infezioni da lievito. La mancata sterilizzazione dell&#8217;attrezzatura per l&#8217;alimentazione manuale, la pulizia inadeguata della gabbia e anche il non lavarsi le mani possono diffondere il lievito. La maggior parte degli uccelli sani non sar\u00e0 colpita. Gli uccelli anziani, i neonati, gli uccelli malati e stressati sviluppano generalmente infezioni da lievito. Queste infezioni secondarie<\/div>\n<div>mettono ulteriore stress sul loro sistema immunitario gi\u00e0 sovraccarico e interferiscono con il processo di guarigione.<\/div>\n<h6>Sintomi:<\/h6>\n<div>\u2022 Piumaggio arruffato<\/div>\n<div>\u2022 Scarso appetito<\/div>\n<div>\u2022 Vomito<\/div>\n<div>\u2022 Croce gonfia<\/div>\n<div>\u2022 Difficolt\u00e0 respiratorie<\/div>\n<div>\u2022 Spesso associato a diarrea.<\/div>\n<h6>Dosaggio:<\/h6>\n<div>Cibo a base di uova: uccelli in generale: 5 g \/ 500 g di cibo morbido, due volte al giorno, 5\u20137 giorni<\/div>\n<div>Acqua da bere: uccelli in generale: 5 g \/ 1 L di acqua, due volte al giorno, 5\u20137 giorni (mescolare bene prima dell&#8217;uso!) Nystatin pu\u00f2 essere mescolato direttamente nella formula per l&#8217;allattamento a mano, ma \u00e8 pi\u00f9 efficace se somministrato puro circa 1\/2 ora prima dell&#8217;alimentazione. Ci\u00f2 consente di rivestire la parete dello stomaco e attaccare gli organismi Candida nocivi. Per prevenzione, somministrare agli uccelli 5 ml di acido citrico per 1 litro di acqua quotidianamente. Cucchiaio dosatore 1+5 g incluso.<\/div>\n<h6>Interazioni: non note.<\/h6>\n<h6>Controindicazioni: sovradosaggio.<\/h6>\n<h6>Consigli per l&#8217;uso:<\/h6>\n<p>Isolare gli uccelli malati (temperatura 28\u201333 \u00baC, luce soffusa).<br \/>\nDurante il trattamento degli animali malati, fornire anche trattamento preventivo agli altri uccelli.<br \/>\nAssicurarsi che gli uccelli assumano le quantit\u00e0 raccomandate di farmaco; evitare cibo o acqua non medicati.<br \/>\nSomministrare glucosio e MULTIVIT MIX durante il trattamento.<br \/>\nPer condizioni gravi, si consiglia un trattamento esteso.<br \/>\nAssicurarsi di disinfettare adeguatamente l&#8217;alloggio.<br \/>\nSe non si verifica un miglioramento rapido, consultare un esperto.<\/p>\n<h6>NOTE: LEGGERE LE ISTRUZIONI PRIMA DELL&#8217;USO.<\/h6>\n<p>Conservare in luogo asciutto, lontano dalla luce solare diretta, tra 0\u201330 \u00baC.<br \/>\nDurata dopo la prima apertura: un (1) anno.<br \/>\nNumero di lotto e data di scadenza: vedi confezione.<br \/>\nEvitare il contatto del farmaco con le mani.<br \/>\nTenere fuori dalla portata dei bambini.<br \/>\nSolo per uso animale. Non per animali destinati alla produzione di alimenti per il consumo umano.<br \/>\nSmaltire la confezione vuota e il prodotto residuo con i rifiuti domestici.<br \/>\nQuesto medicinale veterinario \u00e8 commercializzato secondo lo schema di esenzione per piccoli animali.<\/p>\n<h6>Contiene:<\/h6>\n<p>100 g Nystatina (200.000 UI\/grammo)<\/p>\n","protected":false},"excerpt":{"rendered":"<p>Indicazione: Infezioni fungine come Candidiasi, Moniliasi e Aspergillosi negli uccelli. Il lievito si trova ovunque nell&#8217;ambiente, compreso il cibo avariato. Per questo&hellip;<\/p>\n","protected":false},"featured_media":10887,"template":"","meta":[],"product_cat":[235],"product_tag":[],"class_list":{"0":"post-10886","1":"product","2":"type-product","3":"status-publish","4":"has-post-thumbnail","6":"product_cat-medicinali-per-uccelli","8":"first","9":"instock","10":"shipping-taxable","11":"product-type-simple"},"_links":{"self":[{"href":"https:\/\/care4birds.bg\/it\/wp-json\/wp\/v2\/product\/10886","targetHints":{"allow":["GET"]}}],"collection":[{"href":"https:\/\/care4birds.bg\/it\/wp-json\/wp\/v2\/product"}],"about":[{"href":"https:\/\/care4birds.bg\/it\/wp-json\/wp\/v2\/types\/product"}],"wp:featuredmedia":[{"embeddable":true,"href":"https:\/\/care4birds.bg\/it\/wp-json\/wp\/v2\/media\/10887"}],"wp:attachment":[{"href":"https:\/\/care4birds.bg\/it\/wp-json\/wp\/v2\/media?parent=10886"}],"wp:term":[{"taxonomy":"product_cat","embeddable":true,"href":"https:\/\/care4birds.bg\/it\/wp-json\/wp\/v2\/product_cat?post=10886"},{"taxonomy":"product_tag","embeddable":true,"href":"https:\/\/care4birds.bg\/it\/wp-json\/wp\/v2\/product_tag?post=10886"}],"curies":[{"name":"wp","href":"https:\/\/api.w.org\/{rel}","templated":true}]}}