{"id":11049,"date":"2025-11-03T11:19:23","date_gmt":"2025-11-03T11:19:23","guid":{"rendered":"https:\/\/care4birds.bg\/product\/brewers-yeast\/"},"modified":"2026-03-30T10:37:56","modified_gmt":"2026-03-30T10:37:56","slug":"brewers-yeast","status":"publish","type":"product","link":"https:\/\/care4birds.bg\/it\/prodotto\/brewers-yeast\/","title":{"rendered":"Brewer`s yeast"},"content":{"rendered":"<h6>Indicazioni:<\/h6>\n<div>Il lievito di birra \u00e8 un alimento naturale con propriet\u00e0 salutari. \u00c8 ricco di vitamine naturali (compreso il complesso B), minerali, proteine, aminoacidi e oligoelementi. Questi sono importanti per la condizione e la forma dei tuoi piccioni. Somministra ai tuoi piccioni il lievito di birra almeno una volta a settimana, insieme all\u2019olio d\u2019aglio tutto l\u2019anno.<\/div>\n<h6>Dosaggio:<\/h6>\n<div>25 g (circa 1 cucchiaio raso) sopra il mangime per 1-2 giorni alla settimana per 40\/50 piccioni o uccelli di 20 kg di peso vivo<\/div>\n<h6>Controindicazioni:<\/h6>\n<div>Non note a questa dose<\/div>\n<h6>Contenuto:<\/h6>\n<div>800 g di prodotto dietetico per uccelli sportivi<\/div>\n","protected":false},"excerpt":{"rendered":"<p>Indicazioni: Il lievito di birra \u00e8 un alimento naturale con propriet\u00e0 salutari. \u00c8 ricco di vitamine naturali (compreso il complesso B), minerali,&hellip;<\/p>\n","protected":false},"featured_media":9561,"template":"","meta":[],"product_cat":[253],"product_tag":[],"class_list":{"0":"post-11049","1":"product","2":"type-product","3":"status-publish","4":"has-post-thumbnail","6":"product_cat-integratori-per-piccioni","8":"first","9":"instock","10":"shipping-taxable","11":"product-type-simple"},"_links":{"self":[{"href":"https:\/\/care4birds.bg\/it\/wp-json\/wp\/v2\/product\/11049","targetHints":{"allow":["GET"]}}],"collection":[{"href":"https:\/\/care4birds.bg\/it\/wp-json\/wp\/v2\/product"}],"about":[{"href":"https:\/\/care4birds.bg\/it\/wp-json\/wp\/v2\/types\/product"}],"wp:featuredmedia":[{"embeddable":true,"href":"https:\/\/care4birds.bg\/it\/wp-json\/wp\/v2\/media\/9561"}],"wp:attachment":[{"href":"https:\/\/care4birds.bg\/it\/wp-json\/wp\/v2\/media?parent=11049"}],"wp:term":[{"taxonomy":"product_cat","embeddable":true,"href":"https:\/\/care4birds.bg\/it\/wp-json\/wp\/v2\/product_cat?post=11049"},{"taxonomy":"product_tag","embeddable":true,"href":"https:\/\/care4birds.bg\/it\/wp-json\/wp\/v2\/product_tag?post=11049"}],"curies":[{"name":"wp","href":"https:\/\/api.w.org\/{rel}","templated":true}]}}