{"id":11072,"date":"2025-11-03T11:18:01","date_gmt":"2025-11-03T11:18:01","guid":{"rendered":"https:\/\/care4birds.bg\/product\/optimal-caps\/"},"modified":"2026-03-30T10:59:33","modified_gmt":"2026-03-30T10:59:33","slug":"optimal-caps","status":"publish","type":"product","link":"https:\/\/care4birds.bg\/it\/prodotto\/optimal-caps\/","title":{"rendered":"Optimal caps"},"content":{"rendered":"<div>Le capsule di olio di fegato di merluzzo sono una fonte naturale di vitamine A e D3, arricchite con vitamina E extra per supportare la fertilit\u00e0 durante il periodo di riproduzione. Queste capsule favoriscono:<\/div>\n<ul>\n<li>Lo sviluppo dello scheletro e la crescita dei giovani piccioni<\/li>\n<li>La libido nei maschi<\/li>\n<li>Un sistema immunitario sano<\/li>\n<\/ul>\n<div>La capsula di olio di fegato di merluzzo con Vitamina E extra \u00e8 una fonte naturale di vitamine A, D3, E ed \u00e8 ricca di acidi grassi omega-3, importante per la costruzione dello scheletro, ossa, fertilit\u00e0 e crescita. \u00c8 anche una buona fonte di fosforo e iodio. Entrambi i minerali promuovono resistenza ed energia.<\/div>\n<h6>Composizione:<\/h6>\n<div>Olio di fegato di merluzzo 18\/12; Vitamina A 300 \u00b5g RE (1000 IU); Vitamina D 2,5 \u00b5g RE (100 IU); Vitamina E 6,7 mg a-TE (10 IU); Gelatina<\/div>\n<p><i>Componenti analitici:<\/i> Proteine grezze 18,12%, Fibre grezze 18,20%, Grassi grezzi 0,05%, Ceneri grezze 0,03%<\/p>\n<h6>Istruzioni per l\u2019uso:<\/h6>\n<ul>\n<li>1 capsula somministrata direttamente nel becco<\/li>\n<li>Durante il periodo di riproduzione: quotidianamente da 8 giorni prima dell\u2019accoppiamento fino al secondo uovo<\/li>\n<li>Durante la stagione delle gare: 2 capsule a settimana<\/li>\n<li>Piccioni giovani in crescita: 1 capsula al giorno<\/li>\n<\/ul>\n<p><i>Consigli: Pu\u00f2 essere utilizzato anche nei piccioni adulti per stimolare la fertilit\u00e0<\/i><\/p>\n<h6>NOTE: LEGGERE LE ISTRUZIONI PRIMA DELL\u2019USO.<\/h6>\n<ul>\n<li>Conservare in luogo asciutto, lontano dalla luce diretta, tra 0-30 \u00b0C<\/li>\n<li>Durata dopo la prima apertura: 1 anno<\/li>\n<li>Numero di lotto e data di scadenza: vedere confezione<\/li>\n<li>Solo per trattamento animale. Non per animali destinati alla produzione di cibo per consumo umano<\/li>\n<li>Mantenere fuori dalla portata dei bambini<\/li>\n<\/ul>\n<h6>Contenuto:<\/h6>\n<div>300 capsule, prodotto dietetico per uccelli<\/div>\n","protected":false},"excerpt":{"rendered":"<p>Le capsule di olio di fegato di merluzzo sono una fonte naturale di vitamine A e D3, arricchite con vitamina E extra&hellip;<\/p>\n","protected":false},"featured_media":11073,"template":"","meta":[],"product_cat":[253],"product_tag":[],"class_list":{"0":"post-11072","1":"product","2":"type-product","3":"status-publish","4":"has-post-thumbnail","6":"product_cat-integratori-per-piccioni","8":"first","9":"instock","10":"shipping-taxable","11":"product-type-simple"},"_links":{"self":[{"href":"https:\/\/care4birds.bg\/it\/wp-json\/wp\/v2\/product\/11072","targetHints":{"allow":["GET"]}}],"collection":[{"href":"https:\/\/care4birds.bg\/it\/wp-json\/wp\/v2\/product"}],"about":[{"href":"https:\/\/care4birds.bg\/it\/wp-json\/wp\/v2\/types\/product"}],"wp:featuredmedia":[{"embeddable":true,"href":"https:\/\/care4birds.bg\/it\/wp-json\/wp\/v2\/media\/11073"}],"wp:attachment":[{"href":"https:\/\/care4birds.bg\/it\/wp-json\/wp\/v2\/media?parent=11072"}],"wp:term":[{"taxonomy":"product_cat","embeddable":true,"href":"https:\/\/care4birds.bg\/it\/wp-json\/wp\/v2\/product_cat?post=11072"},{"taxonomy":"product_tag","embeddable":true,"href":"https:\/\/care4birds.bg\/it\/wp-json\/wp\/v2\/product_tag?post=11072"}],"curies":[{"name":"wp","href":"https:\/\/api.w.org\/{rel}","templated":true}]}}