{"id":11193,"date":"2025-11-03T11:11:16","date_gmt":"2025-11-03T11:11:16","guid":{"rendered":"https:\/\/care4birds.bg\/product\/herbal-care\/"},"modified":"2026-03-31T09:54:25","modified_gmt":"2026-03-31T09:54:25","slug":"herbal-care","status":"publish","type":"product","link":"https:\/\/care4birds.bg\/it\/prodotto\/herbal-care\/","title":{"rendered":"Herbal Care"},"content":{"rendered":"<p>Tintura erbale con acidi organici aggiunti, vitamine, minerali e oligoelementi.<br \/>\nHerbal Care \u00e8 un prodotto completamente naturale che fornisce una base solida sia durante la stagione di volo che fuori stagione. Il prodotto \u00e8 una tintura erbale con acidi organici aggiuntivi ed \u00e8 ricco di vitamine, minerali e oligoelementi, molto efficaci contro i problemi gastrointestinali. Herbal Care migliora la condizione dei vostri piccioni, aumenta la resistenza e favorisce un recupero pi\u00f9 rapido dopo lo sforzo. Herbal Care aumenta la fertilit\u00e0 e rende i giovani piccioni pi\u00f9 resistenti.<\/p>\n<h6>Dosaggio<\/h6>\n<p> 10 ml di Herbal Care in 1 litro di acqua da bere &#8211; Durante la muta: una o due volte a settimana &#8211; Durante la stagione di gara: una o due volte a settimana &#8211; Giovani: da tre a quattro volte a settimana &#8211; Periodo di riproduzione: due volte a settimana Agitare bene prima dell\u2019uso! <\/p>\n<h6>Consigli<\/h6>\n<p> Prima dell\u2019inizio della stagione di gara trattamento preventivo per 7-10 giorni. <\/p>\n<h6>Composizione:<\/h6>\n<p> Tintura erbale di radice di ginseng, echinacea, centaurea minore, foglia di vaccinium myrtillus, corteccia di salice, alghe, radice di sedano selvatico, satureja hortensis, cannella, crocus sativus; concentrato di sambucus nigra; concentrato di vaccinium myrtillus; acido citrico; aceto di mele; glucosio<\/p>\n","protected":false},"excerpt":{"rendered":"<p>Tintura erbale con acidi organici aggiunti, vitamine, minerali e oligoelementi. Herbal Care \u00e8 un prodotto completamente naturale che fornisce una base solida&hellip;<\/p>\n","protected":false},"featured_media":9563,"template":"","meta":[],"product_cat":[253,244],"product_tag":[],"class_list":{"0":"post-11193","1":"product","2":"type-product","3":"status-publish","4":"has-post-thumbnail","6":"product_cat-integratori-per-piccioni","7":"product_cat-integratori-per-uccelli","9":"first","10":"instock","11":"shipping-taxable","12":"product-type-simple"},"_links":{"self":[{"href":"https:\/\/care4birds.bg\/it\/wp-json\/wp\/v2\/product\/11193","targetHints":{"allow":["GET"]}}],"collection":[{"href":"https:\/\/care4birds.bg\/it\/wp-json\/wp\/v2\/product"}],"about":[{"href":"https:\/\/care4birds.bg\/it\/wp-json\/wp\/v2\/types\/product"}],"wp:featuredmedia":[{"embeddable":true,"href":"https:\/\/care4birds.bg\/it\/wp-json\/wp\/v2\/media\/9563"}],"wp:attachment":[{"href":"https:\/\/care4birds.bg\/it\/wp-json\/wp\/v2\/media?parent=11193"}],"wp:term":[{"taxonomy":"product_cat","embeddable":true,"href":"https:\/\/care4birds.bg\/it\/wp-json\/wp\/v2\/product_cat?post=11193"},{"taxonomy":"product_tag","embeddable":true,"href":"https:\/\/care4birds.bg\/it\/wp-json\/wp\/v2\/product_tag?post=11193"}],"curies":[{"name":"wp","href":"https:\/\/api.w.org\/{rel}","templated":true}]}}