{"id":11373,"date":"2025-11-03T10:54:21","date_gmt":"2025-11-03T10:54:21","guid":{"rendered":"https:\/\/care4birds.bg\/product\/combi-mix\/"},"modified":"2026-03-31T09:02:07","modified_gmt":"2026-03-31T09:02:07","slug":"combi-mix","status":"publish","type":"product","link":"https:\/\/care4birds.bg\/it\/prodotto\/combi-mix\/","title":{"rendered":"Combi Mix"},"content":{"rendered":"<div>\n<h6>Indicazioni:<\/h6>\n<p>Combi mix 4 in 1 \u00e8 molto adatto per il trattamento di tricomonadi, esamiti, coccidiosi e muco nella gola. Durante la stagione delle gare \u00e8 importante che gli uccelli siano in condizioni ottimali per ottenere le migliori prestazioni. Combi mix 4 in 1 aiuta a raggiungere questo obiettivo e pu\u00f2 essere somministrato sia preventivamente che come trattamento.\n<\/p><\/div>\n<h6>Sintomi:<\/h6>\n<div>Condizione generale scarsa, digestione disturbata, feci liquide e acquose. La gola del piccione contiene pi\u00f9 muco del normale ed \u00e8 di colore rossastro, piccole aree bianche o giallastre nella cavit\u00e0 orale, problemi respiratori.<\/div>\n<h6>Dosaggio:<\/h6>\n<div><i>POLVERE COMBI MIX 4 IN 1<\/i><br \/>\nPrevenzione: 1 misurino (=5g) in 2 litri di acqua da bere per 1 o 2 giorni ogni 2 settimane, preferibilmente dal giorno dopo la gara. Mescolare bene prima dell\u2019uso!<\/div>\n<div>Trattamento: 1 misurino (=5g) in 2 litri di acqua per 5-7 giorni consecutivi.<\/div>\n<div>Il trattamento pu\u00f2 essere ripetuto se necessario dopo alcuni giorni.<\/div>\n<div>\u00c8 una polvere solubile in acqua che pu\u00f2 essere somministrata anche con il mangime.<\/div>\n<div>\nMisurino 1+5 g incluso.<\/p>\n<p><i>COMPRESSE COMBI<\/i><br \/>\nPreventivo: 1 compressa per piccione (400-500 g) per 1-2 giorni.<br \/>\nCurativo: 1 compressa per piccione (400-500 g) per 3-5 giorni o secondo prescrizione veterinaria.\n<\/div>\n<h6>Composizione:<\/h6>\n<p><i>POLVERE COMBI MIX:<\/i><br \/>\nAmprolium 10%, Secnidazolo 15%, eccipienti q.s. a 100 g.<\/p>\n<p><i>COMPRESSE COMBI<\/i><br \/>\nAmprolium HCl 96 mg\/g; Dimetridazolo HCl 50 mg\/g<\/p>\n","protected":false},"excerpt":{"rendered":"<p>Indicazioni: Combi mix 4 in 1 \u00e8 molto adatto per il trattamento di tricomonadi, esamiti, coccidiosi e muco nella gola. Durante la&hellip;<\/p>\n","protected":false},"featured_media":11374,"template":"","meta":[],"product_cat":[226],"product_tag":[],"class_list":{"0":"post-11373","1":"product","2":"type-product","3":"status-publish","4":"has-post-thumbnail","6":"product_cat-medicinali-per-piccioni","8":"first","9":"instock","10":"shipping-taxable","11":"product-type-simple"},"_links":{"self":[{"href":"https:\/\/care4birds.bg\/it\/wp-json\/wp\/v2\/product\/11373","targetHints":{"allow":["GET"]}}],"collection":[{"href":"https:\/\/care4birds.bg\/it\/wp-json\/wp\/v2\/product"}],"about":[{"href":"https:\/\/care4birds.bg\/it\/wp-json\/wp\/v2\/types\/product"}],"wp:featuredmedia":[{"embeddable":true,"href":"https:\/\/care4birds.bg\/it\/wp-json\/wp\/v2\/media\/11374"}],"wp:attachment":[{"href":"https:\/\/care4birds.bg\/it\/wp-json\/wp\/v2\/media?parent=11373"}],"wp:term":[{"taxonomy":"product_cat","embeddable":true,"href":"https:\/\/care4birds.bg\/it\/wp-json\/wp\/v2\/product_cat?post=11373"},{"taxonomy":"product_tag","embeddable":true,"href":"https:\/\/care4birds.bg\/it\/wp-json\/wp\/v2\/product_tag?post=11373"}],"curies":[{"name":"wp","href":"https:\/\/api.w.org\/{rel}","templated":true}]}}