{"id":11390,"date":"2025-11-03T10:52:56","date_gmt":"2025-11-03T10:52:56","guid":{"rendered":"https:\/\/care4birds.bg\/product\/intestinal\/"},"modified":"2026-03-30T09:35:28","modified_gmt":"2026-03-30T09:35:28","slug":"intestinal","status":"publish","type":"product","link":"https:\/\/care4birds.bg\/it\/prodotto\/intestinal\/","title":{"rendered":"Intestinal"},"content":{"rendered":"<div>\n<h6>Indicazioni:<\/h6>\n<p>Sindrome Adeno-Coli, Coccidiosi, Canker e infezioni batteriche in generale. Questa miscela contiene una combinazione di principi attivi efficaci contro la sindrome Adeno\/E-coli e la Coccidiosi. La sindrome Adeno\/E-coli \u00e8 un problema frequente nei giovani piccioni e pu\u00f2 essere molto dannoso. Il trattamento precoce \u00e8 importante.\n<\/p><\/div>\n<h6>Sintomi:<\/h6>\n<div>Perdita di peso e delle condizioni generali, vomito, feci mucose e verdi, morte.<\/div>\n<h6>Dosaggio:<\/h6>\n<div><i>POLVERE INTESTINALE<\/i><br \/>\nPrevenzione: 1 misurino (=5g) in 2 litri di acqua da bere per 1 o 2 giorni ogni 2 settimane,<\/div>\n<div>preferibilmente dal giorno successivo alla gara.<\/div>\n<div>Come trattamento: 1 misurino (=5g) in 2 litri di acqua da bere per 5-7 giorni consecutivi.<\/div>\n<div>Mescolare bene prima dell\u2019uso!<\/div>\n<div>Il trattamento pu\u00f2 essere ripetuto se necessario dopo alcuni giorni.<\/div>\n<div>\u00c8 una polvere solubile che pu\u00f2 essere somministrata anche con il mangime.<\/div>\n<div>\nMisurino 1+5 g incluso.<\/p>\n<p><i>COMPRESSE INTESTINALI<\/i><br \/>\nPreventivo: 1 compressa per piccione (400-500 g) per 1-2 giorni consecutivi.<br \/>\nCurativo: 1 compressa per piccione (400-500 g) per 3-5 giorni consecutivi o secondo prescrizione veterinaria.\n<\/div>\n<h6>Composizione:<\/h6>\n<p><i>POLVERE INTESTINALE<\/i><br \/>\nTrimetoprim 2,5%, Sulfadiazina sodica 12,5%, Furaltadone HCl 5%, Ronidazolo 5%, eccipienti q.s. a 100 g.<\/p>\n<p><i>COMPRESSE INTESTINALI<\/i><br \/>\nTrimetoprim 37,5 mg\/g; Sulfametossazolo 187,5 mg\/g<\/p>\n","protected":false},"excerpt":{"rendered":"<p>Indicazioni: Sindrome Adeno-Coli, Coccidiosi, Canker e infezioni batteriche in generale. Questa miscela contiene una combinazione di principi attivi efficaci contro la sindrome&hellip;<\/p>\n","protected":false},"featured_media":11391,"template":"","meta":[],"product_cat":[226],"product_tag":[],"class_list":{"0":"post-11390","1":"product","2":"type-product","3":"status-publish","4":"has-post-thumbnail","6":"product_cat-medicinali-per-piccioni","8":"first","9":"instock","10":"shipping-taxable","11":"product-type-simple"},"_links":{"self":[{"href":"https:\/\/care4birds.bg\/it\/wp-json\/wp\/v2\/product\/11390","targetHints":{"allow":["GET"]}}],"collection":[{"href":"https:\/\/care4birds.bg\/it\/wp-json\/wp\/v2\/product"}],"about":[{"href":"https:\/\/care4birds.bg\/it\/wp-json\/wp\/v2\/types\/product"}],"wp:featuredmedia":[{"embeddable":true,"href":"https:\/\/care4birds.bg\/it\/wp-json\/wp\/v2\/media\/11391"}],"wp:attachment":[{"href":"https:\/\/care4birds.bg\/it\/wp-json\/wp\/v2\/media?parent=11390"}],"wp:term":[{"taxonomy":"product_cat","embeddable":true,"href":"https:\/\/care4birds.bg\/it\/wp-json\/wp\/v2\/product_cat?post=11390"},{"taxonomy":"product_tag","embeddable":true,"href":"https:\/\/care4birds.bg\/it\/wp-json\/wp\/v2\/product_tag?post=11390"}],"curies":[{"name":"wp","href":"https:\/\/api.w.org\/{rel}","templated":true}]}}