{"id":13679,"date":"2025-11-03T11:34:48","date_gmt":"2025-11-03T11:34:48","guid":{"rendered":"https:\/\/care4birds.bg\/product\/salmo-mix\/"},"modified":"2026-04-09T09:42:02","modified_gmt":"2026-04-09T09:42:02","slug":"salmo-mix","status":"publish","type":"product","link":"https:\/\/care4birds.bg\/pl\/produkt\/salmo-mix\/","title":{"rendered":"Salmo-mix"},"content":{"rendered":"<h6>Wskazania:<\/h6>\n<div>Salmonelloza, kolibakterioza (choroba potowa) oraz bakteryjne infekcje powszechne u ptak\u00f3w.<\/div>\n<h6>Objawy:<\/h6>\n<div>OBJAWY OG\u00d3LNE INFEKCJI BAKTERYJNYCH:<\/div>\n<div>DODATKOWE OBJAWY KOLIBAKTERIOZY (CHOROBY POTOWEJ):<\/div>\n<div>\u2022 Wyra\u017ane zmiany w zachowaniu i wygl\u0105dzie<\/div>\n<div>\u2022 Nastroszone pi\u00f3ra<\/div>\n<div>\u2022 Biegunka<\/div>\n<div>\u2022 Nietypowe lub utrudnione oddychanie<\/div>\n<div>\u2022 Zmniejszony apetyt i siedzenie nisko na grz\u0119dzie<\/div>\n<div>\u2022 Wn\u0119trze gniazd zabrudzone \u017c\u00f3\u0142t\u0105 biegunk\u0105 piskl\u0105t<\/div>\n<div>\u2022 Zahamowanie wzrostu m\u0142odych<\/div>\n<div>\u2022 Zwi\u0119kszona \u015bmiertelno\u015b\u0107 w pierwszych dniach \u017cycia<\/div>\n<div><\/div>\n<div>Salmonelloza cz\u0119\u015bciej wyst\u0119puje w wilgotnych okresach roku, w zewn\u0119trznych wolierach, przy braku odpowiedniej higieny oraz kontakcie z gryzoniami lub odchodami dzikich ptak\u00f3w.<\/div>\n<h6>Dawkowanie:<\/h6>\n<div>DAWKOWANIE: STANDARDOWO 5 g na 1 litr wody pitnej<\/div>\n<div>przez 5\u20137 kolejnych dni.<\/div>\n<div>W PRZYPADKU SALMONELLOZY LUB KOLIBAKTERIOZY powt\u00f3rzy\u0107 leczenie po 2 dniach<\/div>\n<div>Miarka 1+5 g w zestawie.<\/div>\n<div><\/div>\n<p>Interakcje: brak danych.<\/p>\n<p>Przeciwwskazania: przedawkowanie.<\/p>\n<h6>Zalecenia dotycz\u0105ce stosowania:<\/h6>\n<p>Odizolowa\u0107 chore ptaki (28\u201333 \u00baC, przyciemnione \u015bwiat\u0142o).<br \/>\nPodczas leczenia zapewni\u0107 profilaktyk\u0119 dla pozosta\u0142ych ptak\u00f3w.<br \/>\nZapewni\u0107 odpowiedni\u0105 ilo\u015b\u0107 przyjmowanego leku.<br \/>\nPodawa\u0107 glukoz\u0119 i MULTIVIT MIX podczas leczenia.<br \/>\nW ci\u0119\u017ckich przypadkach zaleca si\u0119 przed\u0142u\u017cenie terapii.<br \/>\nZdezynfekowa\u0107 pomieszczenie.<br \/>\nW przypadku braku poprawy skonsultowa\u0107 si\u0119 ze specjalist\u0105.<\/p>\n<h6>UWAGA: PRZECZYTA\u0106 INSTRUKCJ\u0118 PRZED U\u017bYCIEM.<\/h6>\n<p>Przechowywa\u0107 w suchym miejscu, z dala od \u015bwiat\u0142a s\u0142onecznego, w temperaturze 0\u201330 \u00b0C.<br \/>\nOkres trwa\u0142o\u015bci po otwarciu: 1 rok.<br \/>\nNumer partii i data wa\u017cno\u015bci: patrz opakowanie.<br \/>\nUnika\u0107 kontaktu ze sk\u00f3r\u0105.<br \/>\nPrzechowywa\u0107 poza zasi\u0119giem dzieci.<br \/>\nWy\u0142\u0105cznie do leczenia zwierz\u0105t.<br \/>\nUsuwa\u0107 opakowanie zgodnie z odpadami domowymi.<\/p>\n<h6>Sk\u0142ad:<\/h6>\n<p>Furaltadon HCl 12,8%, Chloramfenikol 8%, Chlorotetracyklina HCl 12,5%, substancje pomocnicze do 100 g<\/p>\n","protected":false},"excerpt":{"rendered":"<p>Wskazania: Salmonelloza, kolibakterioza (choroba potowa) oraz bakteryjne infekcje powszechne u ptak\u00f3w. Objawy: OBJAWY OG\u00d3LNE INFEKCJI BAKTERYJNYCH: DODATKOWE OBJAWY KOLIBAKTERIOZY (CHOROBY POTOWEJ): \u2022&hellip;<\/p>\n","protected":false},"featured_media":13680,"template":"","meta":[],"product_cat":[298],"product_tag":[],"class_list":{"0":"post-13679","1":"product","2":"type-product","3":"status-publish","4":"has-post-thumbnail","6":"product_cat-leki-dla-ptakow","8":"first","9":"instock","10":"shipping-taxable","11":"product-type-simple"},"_links":{"self":[{"href":"https:\/\/care4birds.bg\/pl\/wp-json\/wp\/v2\/product\/13679","targetHints":{"allow":["GET"]}}],"collection":[{"href":"https:\/\/care4birds.bg\/pl\/wp-json\/wp\/v2\/product"}],"about":[{"href":"https:\/\/care4birds.bg\/pl\/wp-json\/wp\/v2\/types\/product"}],"wp:featuredmedia":[{"embeddable":true,"href":"https:\/\/care4birds.bg\/pl\/wp-json\/wp\/v2\/media\/13680"}],"wp:attachment":[{"href":"https:\/\/care4birds.bg\/pl\/wp-json\/wp\/v2\/media?parent=13679"}],"wp:term":[{"taxonomy":"product_cat","embeddable":true,"href":"https:\/\/care4birds.bg\/pl\/wp-json\/wp\/v2\/product_cat?post=13679"},{"taxonomy":"product_tag","embeddable":true,"href":"https:\/\/care4birds.bg\/pl\/wp-json\/wp\/v2\/product_tag?post=13679"}],"curies":[{"name":"wp","href":"https:\/\/api.w.org\/{rel}","templated":true}]}}