{"id":13685,"date":"2025-11-03T11:34:46","date_gmt":"2025-11-03T11:34:46","guid":{"rendered":"https:\/\/care4birds.bg\/product\/worm-mix\/"},"modified":"2026-04-09T09:43:33","modified_gmt":"2026-04-09T09:43:33","slug":"worm-mix","status":"publish","type":"product","link":"https:\/\/care4birds.bg\/pl\/produkt\/worm-mix\/","title":{"rendered":"Worm-mix"},"content":{"rendered":"<div>\n<h6>Wskazania:<\/h6>\n<\/div>\n<div>Zapobieganie i leczenie inwazji glist i w\u0142osog\u0142\u00f3wek u ptak\u00f3w.<\/div>\n<h6>Objawy:<\/h6>\n<div>OBJAWY PASO\u017bYT\u00d3W JELITOWYCH<\/div>\n<div><\/div>\n<div>\u2022 Utrata masy cia\u0142a<\/div>\n<div>\u2022 Pogorszenie kondycji<\/div>\n<div>\u2022 Zwi\u0119kszona podatno\u015b\u0107 na inne choroby<\/div>\n<h6>KIEDY NALE\u017bY LECZY\u0106 ZWIERZ\u0118TA:<\/h6>\n<div>\u2022 Rutynowo po pierzeniu<\/div>\n<div>\u2022 Przy zakupie nowych ptak\u00f3w<\/div>\n<div>\u2022 W przypadku zaka\u017cenia robakami<\/div>\n<h6>Dawkowanie:<\/h6>\n<div>DAWKOWANIE: OG\u00d3LNE LECZENIE DLA PTAK\u00d3W:<\/div>\n<div>1 g na 500 g masy cia\u0142a \/ 5 g na 2500 g masy cia\u0142a przez 2 kolejne dni<\/div>\n<div>Podawa\u0107 Worm-mix z karm\u0105 lub w wodzie pitnej.<\/div>\n<div>Powt\u00f3rzy\u0107 leczenie po 10\u201312 dniach.<\/div>\n<div>Miarka 1+5 g w zestawie<\/div>\n<h6>Interakcje: brak danych.<\/h6>\n<h6>Przeciwwskazania: przedawkowanie: Nie stosowa\u0107<\/h6>\n<div>podczas l\u0119g\u00f3w, karmienia m\u0142odych, pierzenia du\u017cych pi\u00f3r ani u ptak\u00f3w m\u0142odszych ni\u017c 14 dni.<\/div>\n<h6>Zalecenia dotycz\u0105ce stosowania:<\/h6>\n<p>Odizolowa\u0107 chore ptaki (28\u201333 \u00baC, przyciemnione \u015bwiat\u0142o).<br \/>\nPodczas leczenia zapewni\u0107 profilaktyk\u0119 dla pozosta\u0142ych ptak\u00f3w.<br \/>\nZapewni\u0107 przyjmowanie odpowiedniej ilo\u015bci leku.<br \/>\nPodawa\u0107 glukoz\u0119 i MULTIVIT MIX podczas leczenia.<br \/>\nW ci\u0119\u017ckich przypadkach zaleca si\u0119 przed\u0142u\u017cenie leczenia.<br \/>\nZdezynfekowa\u0107 pomieszczenie.<br \/>\nW przypadku braku poprawy skonsultowa\u0107 si\u0119 ze specjalist\u0105.<\/p>\n<h6>UWAGA: PRZECZYTA\u0106 INSTRUKCJ\u0118 PRZED U\u017bYCIEM.<\/h6>\n<p>Przechowywa\u0107 w suchym miejscu, z dala od \u015bwiat\u0142a s\u0142onecznego, w temperaturze 0\u201330 \u00b0C.<br \/>\nOkres trwa\u0142o\u015bci po otwarciu: 1 rok.<br \/>\nNumer partii i data wa\u017cno\u015bci: patrz opakowanie.<br \/>\nUnika\u0107 kontaktu ze sk\u00f3r\u0105.<br \/>\nPrzechowywa\u0107 poza zasi\u0119giem dzieci.<br \/>\nWy\u0142\u0105cznie do leczenia zwierz\u0105t.<br \/>\nUsuwa\u0107 opakowanie zgodnie z odpadami domowymi.<\/p>\n<h6>Sk\u0142ad:<\/h6>\n<p>Lewamizol HCl 2%, substancje pomocnicze do 100 g<\/p>\n","protected":false},"excerpt":{"rendered":"<p>Wskazania: Zapobieganie i leczenie inwazji glist i w\u0142osog\u0142\u00f3wek u ptak\u00f3w. Objawy: OBJAWY PASO\u017bYT\u00d3W JELITOWYCH \u2022 Utrata masy cia\u0142a \u2022 Pogorszenie kondycji \u2022&hellip;<\/p>\n","protected":false},"featured_media":13686,"template":"","meta":[],"product_cat":[298],"product_tag":[],"class_list":{"0":"post-13685","1":"product","2":"type-product","3":"status-publish","4":"has-post-thumbnail","6":"product_cat-leki-dla-ptakow","8":"first","9":"instock","10":"shipping-taxable","11":"product-type-simple"},"_links":{"self":[{"href":"https:\/\/care4birds.bg\/pl\/wp-json\/wp\/v2\/product\/13685","targetHints":{"allow":["GET"]}}],"collection":[{"href":"https:\/\/care4birds.bg\/pl\/wp-json\/wp\/v2\/product"}],"about":[{"href":"https:\/\/care4birds.bg\/pl\/wp-json\/wp\/v2\/types\/product"}],"wp:featuredmedia":[{"embeddable":true,"href":"https:\/\/care4birds.bg\/pl\/wp-json\/wp\/v2\/media\/13686"}],"wp:attachment":[{"href":"https:\/\/care4birds.bg\/pl\/wp-json\/wp\/v2\/media?parent=13685"}],"wp:term":[{"taxonomy":"product_cat","embeddable":true,"href":"https:\/\/care4birds.bg\/pl\/wp-json\/wp\/v2\/product_cat?post=13685"},{"taxonomy":"product_tag","embeddable":true,"href":"https:\/\/care4birds.bg\/pl\/wp-json\/wp\/v2\/product_tag?post=13685"}],"curies":[{"name":"wp","href":"https:\/\/api.w.org\/{rel}","templated":true}]}}