{"id":13691,"date":"2025-11-03T11:33:19","date_gmt":"2025-11-03T11:33:19","guid":{"rendered":"https:\/\/care4birds.bg\/product\/fungi-mix\/"},"modified":"2026-04-09T09:45:17","modified_gmt":"2026-04-09T09:45:17","slug":"fungi-mix","status":"publish","type":"product","link":"https:\/\/care4birds.bg\/pl\/produkt\/fungi-mix\/","title":{"rendered":"Fungi-mix"},"content":{"rendered":"<div>\n<h6>Wskazania:<\/h6>\n<\/div>\n<div>Infekcje grzybicze takie jak kandydoza, monilioza i aspergiloza u ptak\u00f3w.<\/div>\n<div>Dro\u017cd\u017ce wyst\u0119puj\u0105 powszechnie w \u015brodowisku, r\u00f3wnie\u017c w zepsutej \u017cywno\u015bci. Dlatego \u015bwie\u017ce owoce i warzywa nie powinny pozostawa\u0107 d\u0142ugo w klatce ptaka. W letnich warunkach ciep\u0142a i wilgoci jedzenie mo\u017ce zepsu\u0107 si\u0119 nawet w ci\u0105gu kilku godzin. Niew\u0142a\u015bciwa higiena r\u00f3wnie\u017c sprzyja rozprzestrzenianiu si\u0119 infekcji. Brak sterylizacji sprz\u0119tu do karmienia r\u0119cznego, niew\u0142a\u015bciwe czyszczenie klatki oraz brak mycia r\u0105k mog\u0105 prowadzi\u0107 do zaka\u017ce\u0144. Wi\u0119kszo\u015b\u0107 zdrowych ptak\u00f3w nie ulega zaka\u017ceniu. Starsze ptaki, m\u0142ode, chore oraz zestresowane osobniki cz\u0119\u015bciej rozwijaj\u0105 infekcje jako wt\u00f3rne. Te infekcje<\/div>\n<div>dodatkowo obci\u0105\u017caj\u0105 uk\u0142ad odporno\u015bciowy i utrudniaj\u0105 proces leczenia.<\/div>\n<h6>Objawy:<\/h6>\n<div>\u2022 Wypadanie pi\u00f3r<\/div>\n<div>\u2022 S\u0142aby apetyt<\/div>\n<div>\u2022 Wymioty<\/div>\n<div>\u2022 Opuchni\u0119te wole<\/div>\n<div>\u2022 Trudno\u015bci w oddychaniu<\/div>\n<div>\u2022 Cz\u0119sto towarzyszy biegunka<\/div>\n<h6>Dawkowanie:<\/h6>\n<p>Dawkowanie z pokarmem: dla ptak\u00f3w og\u00f3lnie: 5 g \/ 500 g mi\u0119kkiego pokarmu, dwa razy dziennie przez 5\u20137 dni<br \/>\nDawkowanie z wod\u0105: dla ptak\u00f3w og\u00f3lnie: 5 g \/ 1 L wody pitnej, dwa razy dziennie przez 5\u20137 dni (dok\u0142adnie wymiesza\u0107 przed u\u017cyciem!) Nystatyna mo\u017ce by\u0107 mieszana bezpo\u015brednio z pokarmem, ale jest bardziej skuteczna, gdy podana osobno oko\u0142o 30 minut przed karmieniem. Zapewnia to pokrycie \u015bcian wola i dzia\u0142anie przeciwko Candida. Profilaktycznie mo\u017cna podawa\u0107 kwas cytrynowy: 5 ml \/ 1 L wody dziennie. Miarka 1+5 g w zestawie.<\/p>\n<p>Interaction(s): brak danych.<\/p>\n<p>Contra-indication(s): przedawkowanie.<\/p>\n<h6>Zalecenia dotycz\u0105ce stosowania:<\/h6>\n<p>Odizolowa\u0107 chore ptaki (28\u201333 \u00baC, przyciemnione \u015bwiat\u0142o).<br \/>\nPodczas leczenia zapewni\u0107 profilaktyk\u0119 dla pozosta\u0142ych ptak\u00f3w.<br \/>\nZapewni\u0107 odpowiednie spo\u017cycie leku.<br \/>\nPodawa\u0107 glukoz\u0119 i MULTIVIT MIX podczas leczenia.<br \/>\nW ci\u0119\u017ckich przypadkach zaleca si\u0119 przed\u0142u\u017cenie terapii.<br \/>\nZdezynfekowa\u0107 pomieszczenie.<br \/>\nW przypadku braku poprawy skonsultowa\u0107 si\u0119 ze specjalist\u0105.<\/p>\n<h6>UWAGA: PRZECZYTA\u0106 INSTRUKCJ\u0118 PRZED U\u017bYCIEM.<\/h6>\n<p>Przechowywa\u0107 w suchym miejscu, z dala od \u015bwiat\u0142a s\u0142onecznego, w temperaturze 0\u201330 \u00b0C.<br \/>\nOkres trwa\u0142o\u015bci po otwarciu: 1 rok.<br \/>\nNumer partii i data wa\u017cno\u015bci: patrz opakowanie.<br \/>\nUnika\u0107 kontaktu ze sk\u00f3r\u0105.<br \/>\nPrzechowywa\u0107 poza zasi\u0119giem dzieci.<br \/>\nWy\u0142\u0105cznie do leczenia zwierz\u0105t.<br \/>\nUsuwa\u0107 opakowanie zgodnie z odpadami domowymi.<\/p>\n<h6>Sk\u0142ad:<\/h6>\n<p>100 g Nystatyna (200 000 j.m.\/gram)<\/p>\n","protected":false},"excerpt":{"rendered":"<p>Wskazania: Infekcje grzybicze takie jak kandydoza, monilioza i aspergiloza u ptak\u00f3w. Dro\u017cd\u017ce wyst\u0119puj\u0105 powszechnie w \u015brodowisku, r\u00f3wnie\u017c w zepsutej \u017cywno\u015bci. Dlatego \u015bwie\u017ce&hellip;<\/p>\n","protected":false},"featured_media":13692,"template":"","meta":[],"product_cat":[298],"product_tag":[],"class_list":{"0":"post-13691","1":"product","2":"type-product","3":"status-publish","4":"has-post-thumbnail","6":"product_cat-leki-dla-ptakow","8":"first","9":"instock","10":"shipping-taxable","11":"product-type-simple"},"_links":{"self":[{"href":"https:\/\/care4birds.bg\/pl\/wp-json\/wp\/v2\/product\/13691","targetHints":{"allow":["GET"]}}],"collection":[{"href":"https:\/\/care4birds.bg\/pl\/wp-json\/wp\/v2\/product"}],"about":[{"href":"https:\/\/care4birds.bg\/pl\/wp-json\/wp\/v2\/types\/product"}],"wp:featuredmedia":[{"embeddable":true,"href":"https:\/\/care4birds.bg\/pl\/wp-json\/wp\/v2\/media\/13692"}],"wp:attachment":[{"href":"https:\/\/care4birds.bg\/pl\/wp-json\/wp\/v2\/media?parent=13691"}],"wp:term":[{"taxonomy":"product_cat","embeddable":true,"href":"https:\/\/care4birds.bg\/pl\/wp-json\/wp\/v2\/product_cat?post=13691"},{"taxonomy":"product_tag","embeddable":true,"href":"https:\/\/care4birds.bg\/pl\/wp-json\/wp\/v2\/product_tag?post=13691"}],"curies":[{"name":"wp","href":"https:\/\/api.w.org\/{rel}","templated":true}]}}