{"id":13697,"date":"2025-11-03T11:31:54","date_gmt":"2025-11-03T11:31:54","guid":{"rendered":"https:\/\/care4birds.bg\/product\/protozoal-mix\/"},"modified":"2026-04-09T09:48:17","modified_gmt":"2026-04-09T09:48:17","slug":"protozoal-mix","status":"publish","type":"product","link":"https:\/\/care4birds.bg\/pl\/produkt\/protozoal-mix\/","title":{"rendered":"Protozoal-mix"},"content":{"rendered":"<div>\n<div>\n<h6>Wskazania:<\/h6>\n<\/div>\n<div>Infekcje pierwotniakowe: rz\u0119sistkowica (Trichomoniasis), giardioza<\/div>\n<\/div>\n<div>\n<div>oraz Cochlosoma u ptak\u00f3w.<\/div>\n<\/div>\n<h6>Objawy:<\/h6>\n<div>\n<div>\u2022 Rz\u0119sistkowica: utrata masy cia\u0142a, cofanie pokarmu, zaschni\u0119ta \u015blina wok\u00f3\u0142 dzioba<\/div>\n<\/div>\n<div>\n<div>\u2022 Giardioza: biegunka i sporadyczne zgony<\/div>\n<\/div>\n<div>\n<div>\u2022 Cochlosomoza: u piskl\u0105t odwodnienie, os\u0142abienie i \u017c\u00f3\u0142ta biegunka<\/div>\n<\/div>\n<div>\n<div>U amadyn wychowywanych przez bengalki, kt\u00f3re mog\u0105 by\u0107 bezobjawowymi nosicielami.<\/div>\n<\/div>\n<div>\n<div>Objawy s\u0105 najbardziej nasilone u piskl\u0105t w wieku od 10 dni do 6 tygodni. Zaka\u017cenie mo\u017ce rozprzestrzenia\u0107 si\u0119 poprzez odchody, pokarm i wod\u0119.<\/div>\n<\/div>\n<h6>Dawkowanie<\/h6>\n<div>DAWKOWANIE: Rz\u0119sistkowica i giardioza: doda\u0107 5 g do 1 litra wody pitnej<\/div>\n<div>przez 5\u20137 kolejnych dni.<\/div>\n<div>Papugi: 1 g na 1 litr wody pitnej przez 5\u20137 dni.<\/div>\n<div>DAWKOWANIE: Cochlosomoza: doda\u0107 5 g do 1 litra wody lub 500 g mi\u0119kkiego pokarmu<\/div>\n<div>przez 5 kolejnych dni. Powtarza\u0107 kuracj\u0119 co miesi\u0105c przez 6 miesi\u0119cy.<\/div>\n<div>Miarka 1+5 g w zestawie.<\/div>\n<h6>Interakcje: brak danych.<\/h6>\n<h6>Przeciwwskazania: przedawkowanie.<\/h6>\n<h6>Zalecenia dotycz\u0105ce stosowania:<\/h6>\n<p>Odizolowa\u0107 chore ptaki (28\u201333 \u00baC, przyciemnione \u015bwiat\u0142o).<br \/>\nPodczas leczenia zapewni\u0107 profilaktyk\u0119 dla pozosta\u0142ych ptak\u00f3w.<br \/>\nZapewni\u0107 odpowiedni\u0105 ilo\u015b\u0107 przyjmowanego leku.<br \/>\nPodawa\u0107 glukoz\u0119 i MULTIVIT MIX podczas leczenia.<br \/>\nW ci\u0119\u017ckich przypadkach zaleca si\u0119 przed\u0142u\u017cenie terapii.<br \/>\nZdezynfekowa\u0107 pomieszczenie.<br \/>\nW przypadku braku poprawy skonsultowa\u0107 si\u0119 ze specjalist\u0105.<\/p>\n<h6>UWAGA: PRZECZYTA\u0106 INSTRUKCJ\u0118 PRZED U\u017bYCIEM.<\/h6>\n<p>Okres trwa\u0142o\u015bci po otwarciu: 1 rok.<br \/>\nNumer partii i data wa\u017cno\u015bci: patrz opakowanie.<br \/>\nUnika\u0107 kontaktu ze sk\u00f3r\u0105.<br \/>\nPrzechowywa\u0107 poza zasi\u0119giem dzieci.<br \/>\nWy\u0142\u0105cznie do leczenia zwierz\u0105t.<br \/>\nUsuwa\u0107 opakowanie zgodnie z odpadami domowymi.<br \/>\nTen produkt weterynaryjny jest sprzedawany zgodnie z systemem wy\u0142\u0105cze\u0144 dla ma\u0142ych zwierz\u0105t.<\/p>\n<h6>Sk\u0142ad:<\/h6>\n<p>Ronidazol 10%, substancje pomocnicze do 100 g<\/p>\n","protected":false},"excerpt":{"rendered":"<p>Wskazania: Infekcje pierwotniakowe: rz\u0119sistkowica (Trichomoniasis), giardioza oraz Cochlosoma u ptak\u00f3w. Objawy: \u2022 Rz\u0119sistkowica: utrata masy cia\u0142a, cofanie pokarmu, zaschni\u0119ta \u015blina wok\u00f3\u0142 dzioba&hellip;<\/p>\n","protected":false},"featured_media":13698,"template":"","meta":[],"product_cat":[298],"product_tag":[],"class_list":{"0":"post-13697","1":"product","2":"type-product","3":"status-publish","4":"has-post-thumbnail","6":"product_cat-leki-dla-ptakow","8":"first","9":"instock","10":"shipping-taxable","11":"product-type-simple"},"_links":{"self":[{"href":"https:\/\/care4birds.bg\/pl\/wp-json\/wp\/v2\/product\/13697","targetHints":{"allow":["GET"]}}],"collection":[{"href":"https:\/\/care4birds.bg\/pl\/wp-json\/wp\/v2\/product"}],"about":[{"href":"https:\/\/care4birds.bg\/pl\/wp-json\/wp\/v2\/types\/product"}],"wp:featuredmedia":[{"embeddable":true,"href":"https:\/\/care4birds.bg\/pl\/wp-json\/wp\/v2\/media\/13698"}],"wp:attachment":[{"href":"https:\/\/care4birds.bg\/pl\/wp-json\/wp\/v2\/media?parent=13697"}],"wp:term":[{"taxonomy":"product_cat","embeddable":true,"href":"https:\/\/care4birds.bg\/pl\/wp-json\/wp\/v2\/product_cat?post=13697"},{"taxonomy":"product_tag","embeddable":true,"href":"https:\/\/care4birds.bg\/pl\/wp-json\/wp\/v2\/product_tag?post=13697"}],"curies":[{"name":"wp","href":"https:\/\/api.w.org\/{rel}","templated":true}]}}