{"id":13703,"date":"2025-11-03T11:31:44","date_gmt":"2025-11-03T11:31:44","guid":{"rendered":"https:\/\/care4birds.bg\/product\/combi-mix-2\/"},"modified":"2026-04-09T09:49:48","modified_gmt":"2026-04-09T09:49:48","slug":"combi-mix-2","status":"publish","type":"product","link":"https:\/\/care4birds.bg\/pl\/produkt\/combi-mix-2\/","title":{"rendered":"Combi-mix"},"content":{"rendered":"<div>\n<h6>Wskazania:<\/h6>\n<\/div>\n<div>Kokcydioza oraz atoksoplazmoza (Lankesterella) u ptak\u00f3w.<\/div>\n<h6>Objawy:<\/h6>\n<div>\u2022 Utrata apetytu<\/div>\n<div>\u2022 Nastroszone pi\u00f3ra<\/div>\n<div>\u2022 Wodnisty, \u015bluzowaty ka\u0142<\/div>\n<div>\u2022 Zabrudzone pi\u00f3ra wok\u00f3\u0142 kloaki<\/div>\n<div>\u2022 Powi\u0119kszona w\u0105troba<\/div>\n<div>\u2022 Obrz\u0119k jelit<\/div>\n<h6>Dawkowanie:<\/h6>\n<div>Dawkowanie kokcydiozy: ptaki klatkowe, kanarki: 1 g\/200 ml wody (5 g\/1 L), 7 dni; powt\u00f3rzy\u0107 leczenie po 2 dniach.<\/div>\n<div>Dawkowanie atoksoplazmozy (Lankesterella): ptaki klatkowe, kanarki: 1 g\/400 ml wody (5 g\/2 L), ci\u0105gle w okresie l\u0119gowym a\u017c do pierwszego pierzenia. Miarka 1+5 g w zestawie.<\/div>\n<p>Interakcje: brak danych.<\/p>\n<p>Przeciwwskazania: przedawkowanie.<\/p>\n<h6>Zalecenia dotycz\u0105ce stosowania:<\/h6>\n<p>Odizolowa\u0107 chore ptaki (28\u201333 \u00baC, przyciemnione \u015bwiat\u0142o).<br \/>\nPodczas leczenia zapewni\u0107 profilaktyk\u0119 dla pozosta\u0142ych ptak\u00f3w.<br \/>\nZapewni\u0107 odpowiednie spo\u017cycie leku.<br \/>\nPodawa\u0107 glukoz\u0119 i MULTIVIT MIX podczas leczenia.<br \/>\nW ci\u0119\u017ckich przypadkach zaleca si\u0119 przed\u0142u\u017cenie terapii.<br \/>\nZdezynfekowa\u0107 pomieszczenie.<br \/>\nW przypadku braku poprawy skonsultowa\u0107 si\u0119 ze specjalist\u0105.<\/p>\n<h6>UWAGA: PRZECZYTA\u0106 INSTRUKCJ\u0118 PRZED U\u017bYCIEM.<\/h6>\n<p>Przechowywa\u0107 w suchym miejscu, z dala od \u015bwiat\u0142a s\u0142onecznego, w temperaturze 0\u201330 \u00b0C.<br \/>\nOkres trwa\u0142o\u015bci po otwarciu: 1 rok.<br \/>\nNumer partii i data wa\u017cno\u015bci: patrz opakowanie.<br \/>\nUnika\u0107 kontaktu ze sk\u00f3r\u0105.<br \/>\nPrzechowywa\u0107 poza zasi\u0119giem dzieci.<br \/>\nWy\u0142\u0105cznie do leczenia zwierz\u0105t.<br \/>\nUsuwa\u0107 opakowanie zgodnie z odpadami domowymi.<\/p>\n<h6>Sk\u0142ad:<\/h6>\n<p>S\u00f3l sodowa sulfakloropirydazyny 5%, substancje pomocnicze do 100 g<\/p>\n<h6>WA\u017bNE<\/h6>\n<p>Mo\u017ce wyst\u0105pi\u0107 lekkie zbrylenie proszku, co nie wp\u0142ywa na jego jako\u015b\u0107 ani skuteczno\u015b\u0107.<\/p>\n","protected":false},"excerpt":{"rendered":"<p>Wskazania: Kokcydioza oraz atoksoplazmoza (Lankesterella) u ptak\u00f3w. Objawy: \u2022 Utrata apetytu \u2022 Nastroszone pi\u00f3ra \u2022 Wodnisty, \u015bluzowaty ka\u0142 \u2022 Zabrudzone pi\u00f3ra wok\u00f3\u0142&hellip;<\/p>\n","protected":false},"featured_media":13704,"template":"","meta":[],"product_cat":[298],"product_tag":[],"class_list":{"0":"post-13703","1":"product","2":"type-product","3":"status-publish","4":"has-post-thumbnail","6":"product_cat-leki-dla-ptakow","8":"first","9":"instock","10":"shipping-taxable","11":"product-type-simple"},"_links":{"self":[{"href":"https:\/\/care4birds.bg\/pl\/wp-json\/wp\/v2\/product\/13703","targetHints":{"allow":["GET"]}}],"collection":[{"href":"https:\/\/care4birds.bg\/pl\/wp-json\/wp\/v2\/product"}],"about":[{"href":"https:\/\/care4birds.bg\/pl\/wp-json\/wp\/v2\/types\/product"}],"wp:featuredmedia":[{"embeddable":true,"href":"https:\/\/care4birds.bg\/pl\/wp-json\/wp\/v2\/media\/13704"}],"wp:attachment":[{"href":"https:\/\/care4birds.bg\/pl\/wp-json\/wp\/v2\/media?parent=13703"}],"wp:term":[{"taxonomy":"product_cat","embeddable":true,"href":"https:\/\/care4birds.bg\/pl\/wp-json\/wp\/v2\/product_cat?post=13703"},{"taxonomy":"product_tag","embeddable":true,"href":"https:\/\/care4birds.bg\/pl\/wp-json\/wp\/v2\/product_tag?post=13703"}],"curies":[{"name":"wp","href":"https:\/\/api.w.org\/{rel}","templated":true}]}}