{"id":13709,"date":"2025-11-03T11:29:59","date_gmt":"2025-11-03T11:29:59","guid":{"rendered":"https:\/\/care4birds.bg\/product\/orni-mix\/"},"modified":"2026-04-09T09:51:13","modified_gmt":"2026-04-09T09:51:13","slug":"orni-mix","status":"publish","type":"product","link":"https:\/\/care4birds.bg\/pl\/produkt\/orni-mix\/","title":{"rendered":"Orni-mix"},"content":{"rendered":"<div>\n<h6>Wskazania:<\/h6>\n<\/div>\n<div>\n<div>Zaka\u017cenia dr\u00f3g oddechowych spowodowane przez ornitoz\u0119, zapalenie p\u0142uc, mykoplazmoz\u0119, psitakoz\u0119 (chlamydioz\u0119) u ptak\u00f3w.<\/div>\n<\/div>\n<h6>Objawy:<\/h6>\n<div>\n<div>\u2022 Zapalenie zatok, utrudnione oddychanie, duszno\u015b\u0107, g\u0142o\u015bny oddech lub katar<\/div>\n<\/div>\n<div>\n<div>\u2022 Wydzielina z oczu lub obrz\u0119k, sklejone pi\u00f3ra wok\u00f3\u0142 oczu<\/div>\n<\/div>\n<div>\n<div>\u2022 Letarg, nastroszone pi\u00f3ra, brak apetytu, utrata masy cia\u0142a, os\u0142abienie<\/div>\n<\/div>\n<h6>Dawkowanie<\/h6>\n<div>\n<div>Dawkowanie: ptaki klatkowe i wolierowe (kanarki, zi\u0119by):<\/div>\n<\/div>\n<div>\n<div>5 g \/ 2 litry wody pitnej, przez 5\u201310 kolejnych dni.<\/div>\n<\/div>\n<div>\n<div>Dawkowanie: papu\u017cki, papugi:<\/div>\n<\/div>\n<div>\n<div>1 g \/ 2 kg masy cia\u0142a lub 3 g \/ 200 ml wody pitnej, przez 5\u201310 dni.<\/div>\n<\/div>\n<div>\n<div>Leczenie psitakozy (choroba papug): 1 g \/ 2 kg masy cia\u0142a lub 3 g \/ 200 ml wody pitnej. Czas leczenia wynosi 45 dni. W tym okresie nale\u017cy usun\u0105\u0107 wszystkie \u017ar\u00f3d\u0142a wapnia, poniewa\u017c wp\u0142ywa on na wch\u0142anianie antybiotyku.<\/div>\n<\/div>\n<div>\n<div>Miarka 1+5 g w zestawie.<\/div>\n<\/div>\n<div><\/div>\n<p>Interakcje: brak danych.<\/p>\n<p>Przeciwwskazania: przedawkowanie.<\/p>\n<h6>Zalecenia dotycz\u0105ce stosowania:<\/h6>\n<p>Odizolowa\u0107 chore ptaki (28\u201333 \u00baC, przyciemnione \u015bwiat\u0142o).<br \/>\nPodczas leczenia zapewni\u0107 profilaktyk\u0119 dla pozosta\u0142ych ptak\u00f3w.<br \/>\nZapewni\u0107 odpowiednie spo\u017cycie leku.<br \/>\nPodawa\u0107 glukoz\u0119 i MULTIVIT MIX podczas leczenia.<br \/>\nW ci\u0119\u017ckich przypadkach zaleca si\u0119 przed\u0142u\u017cenie terapii.<br \/>\nZdezynfekowa\u0107 pomieszczenie.<br \/>\nW przypadku braku poprawy skonsultowa\u0107 si\u0119 ze specjalist\u0105.<\/p>\n<h6>UWAGA: PRZECZYTA\u0106 INSTRUKCJ\u0118 PRZED U\u017bYCIEM.<\/h6>\n<p>Przechowywa\u0107 w suchym miejscu, z dala od \u015bwiat\u0142a s\u0142onecznego, w temperaturze 0\u201330 \u00b0C.<br \/>\nOkres trwa\u0142o\u015bci po otwarciu: 1 rok.<br \/>\nNumer partii i data wa\u017cno\u015bci: patrz opakowanie.<br \/>\nUnika\u0107 kontaktu ze sk\u00f3r\u0105.<br \/>\nPrzechowywa\u0107 poza zasi\u0119giem dzieci.<br \/>\nWy\u0142\u0105cznie do leczenia zwierz\u0105t.<br \/>\nUsuwa\u0107 opakowanie zgodnie z odpadami domowymi.<\/p>\n<h6>Sk\u0142ad:<\/h6>\n<p>Doksycyklina (hyclate) 6%, spiramycyna adipinian 10%, metronidazol 10%, bromheksyna HCl 2%, substancje pomocnicze do 100 g<\/p>\n","protected":false},"excerpt":{"rendered":"<p>Wskazania: Zaka\u017cenia dr\u00f3g oddechowych spowodowane przez ornitoz\u0119, zapalenie p\u0142uc, mykoplazmoz\u0119, psitakoz\u0119 (chlamydioz\u0119) u ptak\u00f3w. Objawy: \u2022 Zapalenie zatok, utrudnione oddychanie, duszno\u015b\u0107, g\u0142o\u015bny&hellip;<\/p>\n","protected":false},"featured_media":13710,"template":"","meta":[],"product_cat":[298],"product_tag":[],"class_list":{"0":"post-13709","1":"product","2":"type-product","3":"status-publish","4":"has-post-thumbnail","6":"product_cat-leki-dla-ptakow","8":"first","9":"instock","10":"shipping-taxable","11":"product-type-simple"},"_links":{"self":[{"href":"https:\/\/care4birds.bg\/pl\/wp-json\/wp\/v2\/product\/13709","targetHints":{"allow":["GET"]}}],"collection":[{"href":"https:\/\/care4birds.bg\/pl\/wp-json\/wp\/v2\/product"}],"about":[{"href":"https:\/\/care4birds.bg\/pl\/wp-json\/wp\/v2\/types\/product"}],"wp:featuredmedia":[{"embeddable":true,"href":"https:\/\/care4birds.bg\/pl\/wp-json\/wp\/v2\/media\/13710"}],"wp:attachment":[{"href":"https:\/\/care4birds.bg\/pl\/wp-json\/wp\/v2\/media?parent=13709"}],"wp:term":[{"taxonomy":"product_cat","embeddable":true,"href":"https:\/\/care4birds.bg\/pl\/wp-json\/wp\/v2\/product_cat?post=13709"},{"taxonomy":"product_tag","embeddable":true,"href":"https:\/\/care4birds.bg\/pl\/wp-json\/wp\/v2\/product_tag?post=13709"}],"curies":[{"name":"wp","href":"https:\/\/api.w.org\/{rel}","templated":true}]}}