{"id":13715,"date":"2025-11-03T11:29:04","date_gmt":"2025-11-03T11:29:04","guid":{"rendered":"https:\/\/care4birds.bg\/product\/multivit-mix\/"},"modified":"2026-04-09T09:52:36","modified_gmt":"2026-04-09T09:52:36","slug":"multivit-mix","status":"publish","type":"product","link":"https:\/\/care4birds.bg\/pl\/produkt\/multivit-mix\/","title":{"rendered":"Multivit-Mix"},"content":{"rendered":"<div>Multivit-mix to specjalna mieszanka rozpuszczalnych w wodzie witamin i glukozy. Witaminy te maj\u0105 ogromne znaczenie dla metabolizmu ptak\u00f3w. Glukoza zosta\u0142a dodana, aby zapewni\u0107 ptakom bezpo\u015bredni\u0105 energi\u0119.<\/div>\n<div><\/div>\n<div>Multivit-mix przyczynia si\u0119 do:<\/div>\n<div>Multivit-mix przyczynia si\u0119 do:<\/div>\n<div>\u2022 zwi\u0119kszonej odporno\u015bci<\/div>\n<div>\u2022 dobrego rozmna\u017cania<\/div>\n<div>\u2022 optymalnej regeneracji<\/div>\n<div><\/div>\n<div>Dzienne zapotrzebowanie ptak\u00f3w na witaminy jest bardzo wa\u017cne; ich niedob\u00f3r mo\u017ce powodowa\u0107 wiele problem\u00f3w, na przyk\u0142ad:<\/div>\n<div>\u2022 Niedob\u00f3r witaminy A mo\u017ce powodowa\u0107 nisk\u0105 p\u0142odno\u015b\u0107 u samc\u00f3w i samic, zmiany w uk\u0142adzie oddechowym i pokarmowym, u\u0142atwia\u0107 infekcje, wp\u0142ywa\u0107 na wzrok oraz powodowa\u0107 \u015bmier\u0107 zarodka.<\/div>\n<div>\u2022 Niedob\u00f3r witamin z grupy B mo\u017ce powodowa\u0107 zaburzenia nerwowe, zahamowanie wzrostu i rozwoju pi\u00f3r, zaburzenia metabolizmu t\u0142uszcz\u00f3w, s\u0142ab\u0105 wyl\u0119gowo\u015b\u0107 jaj oraz s\u0142aby rozw\u00f3j piskl\u0105t.<\/div>\n<div>\u2022 Niedob\u00f3r witaminy D powoduje krzywic\u0119 oraz jajka o mi\u0119kkiej skorupce.<\/div>\n<div><\/div>\n<div>Witaminy nale\u017cy podawa\u0107 przynajmniej raz w tygodniu:<\/div>\n<div>\u2022 W okresie wzrostu, pierzenia i rozrodu<\/div>\n<div>\u2022 W czasie du\u017cego wysi\u0142ku i stresu<\/div>\n<div>\u2022 Po chorobach, odrobaczaniu i szczepieniach<\/div>\n<h6>Dawkowanie<\/h6>\n<p>Dawkowanie: ptaki ozdobne:<br \/>\n\u2022 Jednorazowo po leczeniu: 2 g\/0,5 l wody lub 2 g\/250 g karmy<br \/>\n\u2022 Dawka podtrzymuj\u0105ca: dwa razy w tygodniu 1 g\/0,5 l wody lub 1 g\/250 g karmy<br \/>\nMultivit-mix mo\u017cna dodawa\u0107 do wody lub podawa\u0107 z pokarmem. Miarka 1+5 g w zestawie.<\/p>\n<h6>Interakcje: brak danych.<\/h6>\n<h6>Przeciwwskazania: przedawkowanie.<\/h6>\n<p>&nbsp;<\/p>\n<h6>UWAGA: PRZECZYTA\u0106 INSTRUKCJ\u0118 PRZED U\u017bYCIEM.<\/h6>\n<p>Przechowywa\u0107 w suchym miejscu, z dala od \u015bwiat\u0142a s\u0142onecznego, w temperaturze 0\u201330 \u00b0C.<br \/>\nOkres trwa\u0142o\u015bci po otwarciu: 1 rok.<br \/>\nNumer partii i data wa\u017cno\u015bci: patrz opakowanie.<br \/>\nUnika\u0107 kontaktu ze sk\u00f3r\u0105.<br \/>\nPrzechowywa\u0107 poza zasi\u0119giem dzieci.<br \/>\nWy\u0142\u0105cznie do leczenia zwierz\u0105t.<br \/>\nUsuwa\u0107 opakowanie zgodnie z odpadami domowymi.<br \/>\nProdukt weterynaryjny dopuszczony w ramach systemu wy\u0142\u0105cze\u0144 dla ma\u0142ych zwierz\u0105t.<\/p>\n<h6>Sk\u0142ad:<\/h6>\n<p>200 g multiwitamin<\/p>\n","protected":false},"excerpt":{"rendered":"<p>Multivit-mix to specjalna mieszanka rozpuszczalnych w wodzie witamin i glukozy. Witaminy te maj\u0105 ogromne znaczenie dla metabolizmu ptak\u00f3w. Glukoza zosta\u0142a dodana, aby&hellip;<\/p>\n","protected":false},"featured_media":13716,"template":"","meta":[],"product_cat":[298],"product_tag":[],"class_list":{"0":"post-13715","1":"product","2":"type-product","3":"status-publish","4":"has-post-thumbnail","6":"product_cat-leki-dla-ptakow","8":"first","9":"instock","10":"shipping-taxable","11":"product-type-simple"},"_links":{"self":[{"href":"https:\/\/care4birds.bg\/pl\/wp-json\/wp\/v2\/product\/13715","targetHints":{"allow":["GET"]}}],"collection":[{"href":"https:\/\/care4birds.bg\/pl\/wp-json\/wp\/v2\/product"}],"about":[{"href":"https:\/\/care4birds.bg\/pl\/wp-json\/wp\/v2\/types\/product"}],"wp:featuredmedia":[{"embeddable":true,"href":"https:\/\/care4birds.bg\/pl\/wp-json\/wp\/v2\/media\/13716"}],"wp:attachment":[{"href":"https:\/\/care4birds.bg\/pl\/wp-json\/wp\/v2\/media?parent=13715"}],"wp:term":[{"taxonomy":"product_cat","embeddable":true,"href":"https:\/\/care4birds.bg\/pl\/wp-json\/wp\/v2\/product_cat?post=13715"},{"taxonomy":"product_tag","embeddable":true,"href":"https:\/\/care4birds.bg\/pl\/wp-json\/wp\/v2\/product_tag?post=13715"}],"curies":[{"name":"wp","href":"https:\/\/api.w.org\/{rel}","templated":true}]}}