{"id":13727,"date":"2025-11-03T11:27:22","date_gmt":"2025-11-03T11:27:22","guid":{"rendered":"https:\/\/care4birds.bg\/product\/eye-cream-2\/"},"modified":"2026-04-09T09:55:17","modified_gmt":"2026-04-09T09:55:17","slug":"eye-cream-2","status":"publish","type":"product","link":"https:\/\/care4birds.bg\/pl\/produkt\/eye-cream-2\/","title":{"rendered":"Eye cream"},"content":{"rendered":"<h6>Wskazania:<\/h6>\n<div>Wszystkie rodzaje infekcji; choroby oczu lub uszu skomplikowane reakcjami alergicznymi.<\/div>\n<h6>Dawkowanie<\/h6>\n<div>Ma\u0142a ilo\u015b\u0107 wok\u00f3\u0142 oka lub ucha, lub zgodnie z zaleceniem weterynarza<\/div>\n<h6>Leczenie<\/h6>\n<div>1-2 razy dziennie a\u017c do poprawy lub zgodnie z zaleceniem weterynarza<\/div>\n<h6>UWAGA: PRZECZYTA\u0106 INSTRUKCJ\u0118 PRZED U\u017bYCIEM.<\/h6>\n<div><\/div>\n<ul>\n<li>Przechowywa\u0107 w suchym miejscu, z dala od \u015bwiat\u0142a s\u0142onecznego, 0-30 \u00b0C.<\/li>\n<li>Ograniczony czas przechowywania po otwarciu.<\/li>\n<li>Unika\u0107 kontaktu leku z r\u0119kami.<\/li>\n<li>Trzyma\u0107 poza zasi\u0119giem dzieci.<\/li>\n<li>Tylko do leczenia zwierz\u0105t. Nie stosowa\u0107 u zwierz\u0105t przeznaczonych do spo\u017cycia przez ludzi.<\/li>\n<li>W razie w\u0105tpliwo\u015bci lub utrzymuj\u0105cych si\u0119 problem\u00f3w skonsultowa\u0107 si\u0119 ze specjalist\u0105.<\/li>\n<\/ul>\n<div>PRODUKT ZAWIERA STEROIDY.<\/div>\n<h6>Formu\u0142a<\/h6>\n<div>Zawiera: Oxytetracycline HCl 5,4 mg\/g, Polimyksyna B siarczan 1,27 mg\/g, Hydrokortyzon mikr. 1,5 mg\/g (dostarczany w tubie 5 g)<\/div>\n<h6>Zawiera:<\/h6>\n<div>5 g weterynaryjnego leku dla ptak\u00f3w<\/div>\n","protected":false},"excerpt":{"rendered":"<p>Wskazania: Wszystkie rodzaje infekcji; choroby oczu lub uszu skomplikowane reakcjami alergicznymi. Dawkowanie Ma\u0142a ilo\u015b\u0107 wok\u00f3\u0142 oka lub ucha, lub zgodnie z zaleceniem&hellip;<\/p>\n","protected":false},"featured_media":13728,"template":"","meta":[],"product_cat":[298],"product_tag":[],"class_list":{"0":"post-13727","1":"product","2":"type-product","3":"status-publish","4":"has-post-thumbnail","6":"product_cat-leki-dla-ptakow","8":"first","9":"instock","10":"shipping-taxable","11":"product-type-simple"},"_links":{"self":[{"href":"https:\/\/care4birds.bg\/pl\/wp-json\/wp\/v2\/product\/13727","targetHints":{"allow":["GET"]}}],"collection":[{"href":"https:\/\/care4birds.bg\/pl\/wp-json\/wp\/v2\/product"}],"about":[{"href":"https:\/\/care4birds.bg\/pl\/wp-json\/wp\/v2\/types\/product"}],"wp:featuredmedia":[{"embeddable":true,"href":"https:\/\/care4birds.bg\/pl\/wp-json\/wp\/v2\/media\/13728"}],"wp:attachment":[{"href":"https:\/\/care4birds.bg\/pl\/wp-json\/wp\/v2\/media?parent=13727"}],"wp:term":[{"taxonomy":"product_cat","embeddable":true,"href":"https:\/\/care4birds.bg\/pl\/wp-json\/wp\/v2\/product_cat?post=13727"},{"taxonomy":"product_tag","embeddable":true,"href":"https:\/\/care4birds.bg\/pl\/wp-json\/wp\/v2\/product_tag?post=13727"}],"curies":[{"name":"wp","href":"https:\/\/api.w.org\/{rel}","templated":true}]}}