{"id":13733,"date":"2025-11-03T11:22:42","date_gmt":"2025-11-03T11:22:42","guid":{"rendered":"https:\/\/care4birds.bg\/product\/multivitamin\/"},"modified":"2026-04-09T09:57:54","modified_gmt":"2026-04-09T09:57:54","slug":"multivitamin","status":"publish","type":"product","link":"https:\/\/care4birds.bg\/pl\/produkt\/multivitamin\/","title":{"rendered":"Multivitamin"},"content":{"rendered":"<h6>SPECJALNA MIESZANKA WITAMIN ROZPUSZCZALNYCH W WODZIE I GLUKOZY<\/h6>\n<h6>Wskazania:<\/h6>\n<div>Multivit-mix to specjalna mieszanka witamin rozpuszczalnych w wodzie i glukozy. Witamin maj\u0105 du\u017ce znaczenie dla metabolizmu ptak\u00f3w. Glukoz\u0119 dodaje si\u0119 do mieszanki, aby zapewni\u0107 ptakom bezpo\u015bredni\u0105 energi\u0119.<\/div>\n<div>Multivit-mix przyczynia si\u0119 do:<\/div>\n<ul>\n<li>Wzmocnienia odporno\u015bci<\/li>\n<li>Dobrej reprodukcji<\/li>\n<li>Optymalnej regeneracji<\/li>\n<\/ul>\n<div>Dzienna potrzeba witamin u ptak\u00f3w jest bardzo wa\u017cna; niedob\u00f3r witamin mo\u017ce powodowa\u0107 r\u00f3\u017cne problemy, np.:<\/div>\n<ul>\n<li>Niedob\u00f3r witaminy A mo\u017ce powodowa\u0107 niep\u0142odno\u015b\u0107 samca i samicy, zmiany w b\u0142onach dr\u00f3g oddechowych i pokarmowych, co u\u0142atwia infekcj\u0119, wp\u0142ywa na wzrok i powoduje \u015bmier\u0107 embrionu.<\/li>\n<li>Niedob\u00f3r witamin z grupy B mo\u017ce powodowa\u0107 zaburzenia nerwowe, op\u00f3\u017anienia w wzro\u015bcie i rozwoju pi\u00f3r, zaburzenia w metabolizmie t\u0142uszcz\u00f3w, s\u0142ab\u0105 wyl\u0119gowo\u015b\u0107 jaj i s\u0142aby rozw\u00f3j piskl\u0105t.<\/li>\n<li>Niedob\u00f3r witaminy D powoduje krzywic\u0119 i jajka o mi\u0119kkiej skorupce.<\/li>\n<\/ul>\n<div>Witaminy podaje si\u0119 co najmniej raz w tygodniu:<\/div>\n<ul>\n<li>Podczas wzrostu, pierzenia i rozmna\u017cania<\/li>\n<li>Podczas du\u017cego obci\u0105\u017cenia i stresu<\/li>\n<li>Po leczeniu chor\u00f3b, odrobaczaniu i szczepieniach<\/li>\n<\/ul>\n<h6>Podawanie: Dawka: Go\u0142\u0119bie:<\/h6>\n<p><i>PROSZEK MULTIWITAMINOWY<\/i><\/p>\n<ul>\n<li>Jednorazowa dawka po leczeniu: 5 g \/ 1 l wody pitnej lub 5 g \/ 500 g pokarmu<\/li>\n<li>Dawka utrzymuj\u0105ca: dwa razy w tygodniu 5 g \/ 2 l wody pitnej lub 5 g \/ 1 kg pokarmu<\/li>\n<\/ul>\n<div>Multivit-mix mo\u017cna doda\u0107 do wody pitnej lub podawa\u0107 z pokarmem.<\/div>\n<div>Do\u0142\u0105czona miarka 1+5 g.<\/div>\n<p><i>TABLETKI MULTIWITAMINOWE<\/i><\/p>\n<ul>\n<li>Utrzymanie: 1 tabletka na go\u0142\u0119bia (400-500 g masy cia\u0142a) przez 1-2 dni w tygodniu<\/li>\n<li>Leczenie: 1 tabletka na go\u0142\u0119bia (400-500 g masy cia\u0142a) przez 5 kolejnych dni lub wed\u0142ug zalece\u0144 weterynarza<\/li>\n<\/ul>\n<h6>Interakcje:<\/h6>\n<div>Nieznane<\/div>\n<h6>Przeciwwskazania:<\/h6>\n<div>Przedawkowanie<\/div>\n<h6>Zawiera:<\/h6>\n<p><i>PROSZEK MULTIWITAMINOWY<\/i><\/p>\n<div class=\"separator\"><a href=\"https:\/\/blogger.googleusercontent.com\/img\/b\/R29vZ2xl\/AVvXsEj7g4Mx4Rvf9SUsWl0-swRcF2lmXal96ez5iMt5o76zV9C2qXmevPTOzIo8bbnuiRiJShjPp-RN_5DKs0AuVhrDoMv95Xf-WRTlYWIjqKO5mpEkvDQCxLV4rzUt6NfKnXPzuPfqHPDr0IKr\/s1600\/composition_multivitamin.JPG\" target=\"_blank\" rel=\"noopener\"><img fetchpriority=\"high\" decoding=\"async\" src=\"https:\/\/blogger.googleusercontent.com\/img\/b\/R29vZ2xl\/AVvXsEj7g4Mx4Rvf9SUsWl0-swRcF2lmXal96ez5iMt5o76zV9C2qXmevPTOzIo8bbnuiRiJShjPp-RN_5DKs0AuVhrDoMv95Xf-WRTlYWIjqKO5mpEkvDQCxLV4rzUt6NfKnXPzuPfqHPDr0IKr\/s320\/composition_multivitamin.JPG\" width=\"238\" height=\"320\" border=\"0\" \/><\/a><\/div>\n<div><\/div>\n<div><i>TABLETKI MULTIWITAMINOWE<\/i><\/div>\n<div>Witaminy (A, B-kompleks, C, D, E), aminokwasy, pierwiastki \u015bladowe.<\/div>\n","protected":false},"excerpt":{"rendered":"<p>SPECJALNA MIESZANKA WITAMIN ROZPUSZCZALNYCH W WODZIE I GLUKOZY Wskazania: Multivit-mix to specjalna mieszanka witamin rozpuszczalnych w wodzie i glukozy. Witamin maj\u0105 du\u017ce&hellip;<\/p>\n","protected":false},"featured_media":13734,"template":"","meta":[],"product_cat":[307],"product_tag":[],"class_list":{"0":"post-13733","1":"product","2":"type-product","3":"status-publish","4":"has-post-thumbnail","6":"product_cat-suplementy-dla-golebi","8":"first","9":"instock","10":"shipping-taxable","11":"product-type-simple"},"_links":{"self":[{"href":"https:\/\/care4birds.bg\/pl\/wp-json\/wp\/v2\/product\/13733","targetHints":{"allow":["GET"]}}],"collection":[{"href":"https:\/\/care4birds.bg\/pl\/wp-json\/wp\/v2\/product"}],"about":[{"href":"https:\/\/care4birds.bg\/pl\/wp-json\/wp\/v2\/types\/product"}],"wp:featuredmedia":[{"embeddable":true,"href":"https:\/\/care4birds.bg\/pl\/wp-json\/wp\/v2\/media\/13734"}],"wp:attachment":[{"href":"https:\/\/care4birds.bg\/pl\/wp-json\/wp\/v2\/media?parent=13733"}],"wp:term":[{"taxonomy":"product_cat","embeddable":true,"href":"https:\/\/care4birds.bg\/pl\/wp-json\/wp\/v2\/product_cat?post=13733"},{"taxonomy":"product_tag","embeddable":true,"href":"https:\/\/care4birds.bg\/pl\/wp-json\/wp\/v2\/product_tag?post=13733"}],"curies":[{"name":"wp","href":"https:\/\/api.w.org\/{rel}","templated":true}]}}