{"id":13739,"date":"2025-11-03T11:20:06","date_gmt":"2025-11-03T11:20:06","guid":{"rendered":"https:\/\/care4birds.bg\/product\/breeding-tabs\/"},"modified":"2026-04-09T09:59:59","modified_gmt":"2026-04-09T09:59:59","slug":"breeding-tabs","status":"publish","type":"product","link":"https:\/\/care4birds.bg\/pl\/produkt\/breeding-tabs\/","title":{"rendered":"Breeding Tabs"},"content":{"rendered":"<h6>A FIATAL MADARAK OPTIM\u00c1LIS N\u00d6VEKED\u00c9S\u00c9\u00c9RT<\/h6>\n<h6>Jelz\u00e9s:<\/h6>\n<div>Szapor\u00edt\u00f3 tablett\u00e1k. K\u00f6nnyen em\u00e9szthet\u0151 feh\u00e9rj\u00e9k a fiatal madarak optim\u00e1lis n\u00f6veked\u00e9s\u00e9hez. Tartalmaz vitaminokat, nyomelemeket \u00e9s aminosavakat, amelyek sz\u00fcks\u00e9gesek a fiatalok t\u00f6k\u00e9letes fejl\u0151d\u00e9s\u00e9hez. Id\u0151sebb teny\u00e9szgalambok sz\u00e1m\u00e1ra az \u00e9letk\u00e9pess\u00e9g \u00e9s term\u00e9kenys\u00e9g megtart\u00e1s\u00e1hoz.<\/div>\n<h6>Haszn\u00e1lat \u00e9s adagol\u00e1s<\/h6>\n<ul>\n<li>1 hetes kort\u00f3l: hetente 2 alkalommal \u2013 1-2 tabletta \u00e9letkort\u00f3l f\u00fcgg\u0151en<\/li>\n<li>5 hetes kort\u00f3l: hetente 1 alkalommal \u2013 2 tabletta<\/li>\n<li>Teny\u00e9szt\u0151k: hetente 1 alkalommal \u2013 1-2 tabletta, vagy az \u00e1llatorvos el\u0151\u00edr\u00e1sa szerint<\/li>\n<\/ul>\n","protected":false},"excerpt":{"rendered":"<p>A FIATAL MADARAK OPTIM\u00c1LIS N\u00d6VEKED\u00c9S\u00c9\u00c9RT Jelz\u00e9s: Szapor\u00edt\u00f3 tablett\u00e1k. K\u00f6nnyen em\u00e9szthet\u0151 feh\u00e9rj\u00e9k a fiatal madarak optim\u00e1lis n\u00f6veked\u00e9s\u00e9hez. Tartalmaz vitaminokat, nyomelemeket \u00e9s aminosavakat, amelyek&hellip;<\/p>\n","protected":false},"featured_media":13740,"template":"","meta":[],"product_cat":[307],"product_tag":[],"class_list":{"0":"post-13739","1":"product","2":"type-product","3":"status-publish","4":"has-post-thumbnail","6":"product_cat-suplementy-dla-golebi","8":"first","9":"instock","10":"shipping-taxable","11":"product-type-simple"},"_links":{"self":[{"href":"https:\/\/care4birds.bg\/pl\/wp-json\/wp\/v2\/product\/13739","targetHints":{"allow":["GET"]}}],"collection":[{"href":"https:\/\/care4birds.bg\/pl\/wp-json\/wp\/v2\/product"}],"about":[{"href":"https:\/\/care4birds.bg\/pl\/wp-json\/wp\/v2\/types\/product"}],"wp:featuredmedia":[{"embeddable":true,"href":"https:\/\/care4birds.bg\/pl\/wp-json\/wp\/v2\/media\/13740"}],"wp:attachment":[{"href":"https:\/\/care4birds.bg\/pl\/wp-json\/wp\/v2\/media?parent=13739"}],"wp:term":[{"taxonomy":"product_cat","embeddable":true,"href":"https:\/\/care4birds.bg\/pl\/wp-json\/wp\/v2\/product_cat?post=13739"},{"taxonomy":"product_tag","embeddable":true,"href":"https:\/\/care4birds.bg\/pl\/wp-json\/wp\/v2\/product_tag?post=13739"}],"curies":[{"name":"wp","href":"https:\/\/api.w.org\/{rel}","templated":true}]}}