{"id":13747,"date":"2025-11-03T11:19:23","date_gmt":"2025-11-03T11:19:23","guid":{"rendered":"https:\/\/care4birds.bg\/product\/brewers-yeast\/"},"modified":"2026-04-09T10:01:54","modified_gmt":"2026-04-09T10:01:54","slug":"brewers-yeast","status":"publish","type":"product","link":"https:\/\/care4birds.bg\/pl\/produkt\/brewers-yeast\/","title":{"rendered":"Brewer`s yeast"},"content":{"rendered":"<div>\n<h6>Wskazania:<\/h6>\n<\/div>\n<div>Dro\u017cd\u017ce piwowarskie s\u0105 naturalnym pokarmem o w\u0142a\u015bciwo\u015bciach prozdrowotnych. Dro\u017cd\u017ce piwowarskie s\u0105 bogate w naturalne witaminy (w tym witaminy z grupy B), minera\u0142y, bia\u0142ka, aminokwasy i pierwiastki \u015bladowe. S\u0105 one wa\u017cne dla kondycji i formy Twoich go\u0142\u0119bi. Podawaj go\u0142\u0119biom dro\u017cd\u017ce piwowarskie co najmniej raz w tygodniu, razem z olejem czosnkowym przez ca\u0142y rok.<\/div>\n<div>\n<h6>Dawkowanie<\/h6>\n<\/div>\n<div>25 gram (oko\u0142o 1 pe\u0142na \u0142y\u017cka sto\u0142owa) na pasz\u0119 przez 1-2 dni w tygodniu dla 40-50 go\u0142\u0119bi lub ptak\u00f3w o masie 20 kg.<\/div>\n<div>\n<h6>Przeciwwskazania:<\/h6>\n<\/div>\n<div>W tym dawkowaniu nieznane<\/div>\n<div>\n<h6>Sk\u0142ad:<\/h6>\n<p>800 g produktu dietetycznego dla ptak\u00f3w sportowych.\n<\/p><\/div>\n","protected":false},"excerpt":{"rendered":"<p>Wskazania: Dro\u017cd\u017ce piwowarskie s\u0105 naturalnym pokarmem o w\u0142a\u015bciwo\u015bciach prozdrowotnych. Dro\u017cd\u017ce piwowarskie s\u0105 bogate w naturalne witaminy (w tym witaminy z grupy B),&hellip;<\/p>\n","protected":false},"featured_media":13544,"template":"","meta":[],"product_cat":[307],"product_tag":[],"class_list":{"0":"post-13747","1":"product","2":"type-product","3":"status-publish","4":"has-post-thumbnail","6":"product_cat-suplementy-dla-golebi","8":"first","9":"instock","10":"shipping-taxable","11":"product-type-simple"},"_links":{"self":[{"href":"https:\/\/care4birds.bg\/pl\/wp-json\/wp\/v2\/product\/13747","targetHints":{"allow":["GET"]}}],"collection":[{"href":"https:\/\/care4birds.bg\/pl\/wp-json\/wp\/v2\/product"}],"about":[{"href":"https:\/\/care4birds.bg\/pl\/wp-json\/wp\/v2\/types\/product"}],"wp:featuredmedia":[{"embeddable":true,"href":"https:\/\/care4birds.bg\/pl\/wp-json\/wp\/v2\/media\/13544"}],"wp:attachment":[{"href":"https:\/\/care4birds.bg\/pl\/wp-json\/wp\/v2\/media?parent=13747"}],"wp:term":[{"taxonomy":"product_cat","embeddable":true,"href":"https:\/\/care4birds.bg\/pl\/wp-json\/wp\/v2\/product_cat?post=13747"},{"taxonomy":"product_tag","embeddable":true,"href":"https:\/\/care4birds.bg\/pl\/wp-json\/wp\/v2\/product_tag?post=13747"}],"curies":[{"name":"wp","href":"https:\/\/api.w.org\/{rel}","templated":true}]}}