{"id":13750,"date":"2025-11-03T11:18:21","date_gmt":"2025-11-03T11:18:21","guid":{"rendered":"https:\/\/care4birds.bg\/product\/garlic-oil\/"},"modified":"2026-04-09T10:04:04","modified_gmt":"2026-04-09T10:04:04","slug":"garlic-oil","status":"publish","type":"product","link":"https:\/\/care4birds.bg\/pl\/produkt\/garlic-oil\/","title":{"rendered":"Garlic Oil"},"content":{"rendered":"<div>\nSpecjalnie opracowany, aby dostarczy\u0107 naturalne korzy\u015bci czosnku ptakom w bezpieczny i skuteczny spos\u00f3b. Czosnek jest niezwykle bogaty w sk\u0142adniki od\u017cywcze, w tym wap\u0144, fosfor, zwi\u0105zki siarki, \u017celazo, tiamin\u0119, ryboflawin\u0119 i witamin\u0119 C, a tak\u017ce antyoksydanty, takie jak german i selen. Dlatego Olej Czosnkowy jest bardzo wa\u017cny dla kondycji pi\u00f3r. Znaczenie czosnku dla go\u0142\u0119bi i ptak\u00f3w jako naturalnego \u015brodka odrobaczaj\u0105cego, kondycjonera i wspomagacza wypadania puchu by\u0142o znane od wielu lat. Czosnek poprawia r\u00f3wnie\u017c kr\u0105\u017cenie krwi, a Olej Czosnkowy sk\u0142ada si\u0119 z czystych ekstrakt\u00f3w czosnkowych i rafinowanego oleju sojowego bogatego w kwas linolowy i linolenowy. Brak dodatku chemikali\u00f3w i brak obr\u00f3bki cieplnej zapewnia, \u017ce skuteczno\u015b\u0107 nie spada. Chroni drogi oddechowe.\n<\/div>\n<h6>Dawkowanie<\/h6>\n<div>\n15 ml (1\/2 miarka) Oleju Czosnkowego na kg paszy \/ ziarna<br \/>\n&#8211; Zim\u0105, w sezonie hodowlanym i wy\u015bcigowym: 1 dzie\u0144 w tygodniu.<br \/>\n&#8211; Przygotowanie do sezonu wy\u015bcigowego: przez ca\u0142y tydzie\u0144.<br \/>\n&#8211; W okresie linienia: 2 dni w tygodniu.<br \/>\nNie miesza\u0107 tego produktu z wod\u0105!\n<\/div>\n<h6>Sk\u0142ad:<\/h6>\n<div>\nAnaliza Oleju Czosnkowego: t\u0142uszcz surowy 100 % <br \/>\nDodatki od\u017cywcze: Witamina E 1.400 mg\/kg\n<\/div>\n","protected":false},"excerpt":{"rendered":"<p>Specjalnie opracowany, aby dostarczy\u0107 naturalne korzy\u015bci czosnku ptakom w bezpieczny i skuteczny spos\u00f3b. Czosnek jest niezwykle bogaty w sk\u0142adniki od\u017cywcze, w tym&hellip;<\/p>\n","protected":false},"featured_media":13543,"template":"","meta":[],"product_cat":[307],"product_tag":[],"class_list":{"0":"post-13750","1":"product","2":"type-product","3":"status-publish","4":"has-post-thumbnail","6":"product_cat-suplementy-dla-golebi","8":"first","9":"instock","10":"shipping-taxable","11":"product-type-simple"},"_links":{"self":[{"href":"https:\/\/care4birds.bg\/pl\/wp-json\/wp\/v2\/product\/13750","targetHints":{"allow":["GET"]}}],"collection":[{"href":"https:\/\/care4birds.bg\/pl\/wp-json\/wp\/v2\/product"}],"about":[{"href":"https:\/\/care4birds.bg\/pl\/wp-json\/wp\/v2\/types\/product"}],"wp:featuredmedia":[{"embeddable":true,"href":"https:\/\/care4birds.bg\/pl\/wp-json\/wp\/v2\/media\/13543"}],"wp:attachment":[{"href":"https:\/\/care4birds.bg\/pl\/wp-json\/wp\/v2\/media?parent=13750"}],"wp:term":[{"taxonomy":"product_cat","embeddable":true,"href":"https:\/\/care4birds.bg\/pl\/wp-json\/wp\/v2\/product_cat?post=13750"},{"taxonomy":"product_tag","embeddable":true,"href":"https:\/\/care4birds.bg\/pl\/wp-json\/wp\/v2\/product_tag?post=13750"}],"curies":[{"name":"wp","href":"https:\/\/api.w.org\/{rel}","templated":true}]}}