{"id":13754,"date":"2025-11-03T11:18:01","date_gmt":"2025-11-03T11:18:01","guid":{"rendered":"https:\/\/care4birds.bg\/product\/optimal-caps\/"},"modified":"2026-04-09T10:06:25","modified_gmt":"2026-04-09T10:06:25","slug":"optimal-caps","status":"publish","type":"product","link":"https:\/\/care4birds.bg\/pl\/produkt\/optimal-caps\/","title":{"rendered":"Optimal caps"},"content":{"rendered":"<div>\nKapsu\u0142ki z olejem z w\u0105troby dorsza s\u0105 naturalnym \u017ar\u00f3d\u0142em witaminy A i D3, wzbogacone dodatkiem witaminy E w celu wsparcia p\u0142odno\u015bci w okresie rozrodu. Te kapsu\u0142ki wspomagaj\u0105:<br \/>\n&#8211; rozw\u00f3j szkieletu i wzrost m\u0142odych go\u0142\u0119bi<br \/>\n&#8211; pop\u0119d seksualny kogut\u00f3w<br \/>\n&#8211; zdrowy uk\u0142ad odporno\u015bciowy\n<\/div>\n<div>\nKapsu\u0142ka z olejem z w\u0105troby dorsza z dodatkiem witaminy E jest naturalnym \u017ar\u00f3d\u0142em witamin A, D3, E i bogata w kwasy t\u0142uszczowe omega-3, wa\u017cna w budowaniu szkieletu, ko\u015bci, p\u0142odno\u015bci i wzrostu. Kapsu\u0142ka jest r\u00f3wnie\u017c dobrym \u017ar\u00f3d\u0142em fosforu i jodu, kt\u00f3re wspomagaj\u0105 odporno\u015b\u0107 i energi\u0119.\n<\/div>\n<h6>Sk\u0142ad:<\/h6>\n<div>\nOlej z w\u0105troby dorsza 18\/12; Witamina A 300 \u00b5g RE (1000 IU); Witamina D 2,5 \u00b5g RE (100 IU); Witamina E 6,7 mg a-TE (10 IU), \u017belatyna<br \/>\n<i>Sk\u0142adniki analityczne:<\/i> Bia\u0142ko surowe 18,12%, B\u0142onnik surowy 18,20%, T\u0142uszcz surowy 0,05%, Popi\u00f3\u0142 surowy 0,03%\n<\/div>\n<h6>Spos\u00f3b u\u017cycia:<\/h6>\n<div>\n&#8211; 1 kapsu\u0142ka podawana bezpo\u015brednio do dzioba<br \/>\n&#8211; W okresie rozrodu: codziennie od 8 dni przed kryciem do drugiego jaja<br \/>\n&#8211; W sezonie wy\u015bcigowym: 2 kapsu\u0142ki tygodniowo<br \/>\n&#8211; M\u0142ode go\u0142\u0119bie rosn\u0105ce: 1 kapsu\u0142ka dziennie\n<\/div>\n<div>\n<i>Wskaz\u00f3wka: Mo\u017ce by\u0107 stosowany r\u00f3wnie\u017c u starszych go\u0142\u0119bi w celu stymulacji p\u0142odno\u015bci<\/i>\n<\/div>\n<h6>UWAGI: PRZECZYTAJ INSTRUKCJ\u0118 PRZED U\u017bYCIEM!<\/h6>\n<ul>\n<li>Przechowywa\u0107 w suchym miejscu, z dala od bezpo\u015bredniego \u015bwiat\u0142a s\u0142onecznego, w temperaturze 0-30 \u00b0C<\/li>\n<li>Okres trwa\u0142o\u015bci po pierwszym otwarciu: jeden (1) rok<\/li>\n<li>Numer partii i data wa\u017cno\u015bci: patrz opakowanie<\/li>\n<li>Tylko do u\u017cytku zwierz\u0119cego. Nie przeznaczone dla zwierz\u0105t produkuj\u0105cych \u017cywno\u015b\u0107 dla ludzi<\/li>\n<li>Trzyma\u0107 z dala od dzieci<\/li>\n<\/ul>\n<h6>Zawarto\u015b\u0107:<\/h6>\n<div>300 kapsu\u0142ek, produkt dietetyczny dla ptak\u00f3w<\/div>\n","protected":false},"excerpt":{"rendered":"<p>Kapsu\u0142ki z olejem z w\u0105troby dorsza s\u0105 naturalnym \u017ar\u00f3d\u0142em witaminy A i D3, wzbogacone dodatkiem witaminy E w celu wsparcia p\u0142odno\u015bci w&hellip;<\/p>\n","protected":false},"featured_media":13755,"template":"","meta":[],"product_cat":[307],"product_tag":[],"class_list":{"0":"post-13754","1":"product","2":"type-product","3":"status-publish","4":"has-post-thumbnail","6":"product_cat-suplementy-dla-golebi","8":"first","9":"instock","10":"shipping-taxable","11":"product-type-simple"},"_links":{"self":[{"href":"https:\/\/care4birds.bg\/pl\/wp-json\/wp\/v2\/product\/13754","targetHints":{"allow":["GET"]}}],"collection":[{"href":"https:\/\/care4birds.bg\/pl\/wp-json\/wp\/v2\/product"}],"about":[{"href":"https:\/\/care4birds.bg\/pl\/wp-json\/wp\/v2\/types\/product"}],"wp:featuredmedia":[{"embeddable":true,"href":"https:\/\/care4birds.bg\/pl\/wp-json\/wp\/v2\/media\/13755"}],"wp:attachment":[{"href":"https:\/\/care4birds.bg\/pl\/wp-json\/wp\/v2\/media?parent=13754"}],"wp:term":[{"taxonomy":"product_cat","embeddable":true,"href":"https:\/\/care4birds.bg\/pl\/wp-json\/wp\/v2\/product_cat?post=13754"},{"taxonomy":"product_tag","embeddable":true,"href":"https:\/\/care4birds.bg\/pl\/wp-json\/wp\/v2\/product_tag?post=13754"}],"curies":[{"name":"wp","href":"https:\/\/api.w.org\/{rel}","templated":true}]}}