{"id":13760,"date":"2025-11-03T11:17:18","date_gmt":"2025-11-03T11:17:18","guid":{"rendered":"https:\/\/care4birds.bg\/product\/protein-mix\/"},"modified":"2026-04-09T10:08:26","modified_gmt":"2026-04-09T10:08:26","slug":"protein-mix","status":"publish","type":"product","link":"https:\/\/care4birds.bg\/pl\/produkt\/protein-mix\/","title":{"rendered":"Protein Mix"},"content":{"rendered":"<h6>Wskazanie:<\/h6>\n<div>\nTa czysta forma zawiera 65% bia\u0142ka w przeliczeniu na wag\u0119. Bia\u0142ka te pomagaj\u0105 zapobiega\u0107 rozpadowi mi\u0119\u015bni i dostarcza\u0107 rezerwy glikogenu podczas treningu i lot\u00f3w. Jednocze\u015bnie bia\u0142ka te stanowi\u0105 wa\u017cne \u017ar\u00f3d\u0142o aminokwas\u00f3w egzogennych i aminokwas\u00f3w rozga\u0142\u0119zionych, takich jak walina, leucyna i izoleucyna. Aminokwasy te s\u0105 obecne w mi\u0119\u015bniach, a podczas intensywnego wysi\u0142ku kom\u00f3rki mi\u0119\u015bniowe mog\u0105 szybko przekszta\u0142ca\u0107 te trzy aminokwasy w energi\u0119. Aminokwasy egzogenne nie mog\u0105 by\u0107 syntetyzowane przez organizm i musz\u0105 by\u0107 dostarczone w diecie. \u0179r\u00f3d\u0142a bia\u0142ka zawieraj\u0105ce wszystkie aminokwasy egzogenne nazywane s\u0105 bia\u0142kami pe\u0142nowarto\u015bciowymi. PROTEIN MIX jest bia\u0142kiem pe\u0142nowarto\u015bciowym i zapewnia ptakom wszystkie aminokwasy egzogenne. Zapotrzebowanie na bia\u0142ko zale\u017cy od wieku ptak\u00f3w, pory roku i wymaga\u0144 dotycz\u0105cych wydajno\u015bci.\n<\/div>\n<h6>Dawkowanie:<\/h6>\n<div>\nOg\u00f3lna dawka (mieszanie z jogurtem):<br \/>\n&#8211; W sezonie wy\u015bcigowym dla szybkiej regeneracji i du\u017cych rezerw energii: 20 g \/ kg zwil\u017conego pokarmu, bezpo\u015brednio po powrocie do domu, przez 3 kolejne dni.<br \/>\n&#8211; Podczas pierzenia dla zdrowych, mocnych pi\u00f3r: 20 g \/ kg zwil\u017conego pokarmu, dwa razy w tygodniu.<br \/>\n&#8211; W okresie l\u0119gowym dla dobrze rozwini\u0119tych m\u0142odych ptak\u00f3w: 20 g \/ kg zwil\u017conego pokarmu, dwa razy w tygodniu.<br \/>\nPe\u0142na miarka to oko\u0142o 20 g produktu.\n<\/div>\n<h6>Zawiera:<\/h6>\n<div>500 g produktu dietetycznego dla ptak\u00f3w sportowych<\/div>\n","protected":false},"excerpt":{"rendered":"<p>Wskazanie: Ta czysta forma zawiera 65% bia\u0142ka w przeliczeniu na wag\u0119. Bia\u0142ka te pomagaj\u0105 zapobiega\u0107 rozpadowi mi\u0119\u015bni i dostarcza\u0107 rezerwy glikogenu podczas&hellip;<\/p>\n","protected":false},"featured_media":13541,"template":"","meta":[],"product_cat":[307,304],"product_tag":[],"class_list":{"0":"post-13760","1":"product","2":"type-product","3":"status-publish","4":"has-post-thumbnail","6":"product_cat-suplementy-dla-golebi","7":"product_cat-suplementy-dla-ptakow","9":"first","10":"instock","11":"shipping-taxable","12":"product-type-simple"},"_links":{"self":[{"href":"https:\/\/care4birds.bg\/pl\/wp-json\/wp\/v2\/product\/13760","targetHints":{"allow":["GET"]}}],"collection":[{"href":"https:\/\/care4birds.bg\/pl\/wp-json\/wp\/v2\/product"}],"about":[{"href":"https:\/\/care4birds.bg\/pl\/wp-json\/wp\/v2\/types\/product"}],"wp:featuredmedia":[{"embeddable":true,"href":"https:\/\/care4birds.bg\/pl\/wp-json\/wp\/v2\/media\/13541"}],"wp:attachment":[{"href":"https:\/\/care4birds.bg\/pl\/wp-json\/wp\/v2\/media?parent=13760"}],"wp:term":[{"taxonomy":"product_cat","embeddable":true,"href":"https:\/\/care4birds.bg\/pl\/wp-json\/wp\/v2\/product_cat?post=13760"},{"taxonomy":"product_tag","embeddable":true,"href":"https:\/\/care4birds.bg\/pl\/wp-json\/wp\/v2\/product_tag?post=13760"}],"curies":[{"name":"wp","href":"https:\/\/api.w.org\/{rel}","templated":true}]}}