{"id":13763,"date":"2025-11-03T11:16:18","date_gmt":"2025-11-03T11:16:18","guid":{"rendered":"https:\/\/care4birds.bg\/product\/fast-form\/"},"modified":"2026-04-09T10:10:09","modified_gmt":"2026-04-09T10:10:09","slug":"fast-form","status":"publish","type":"product","link":"https:\/\/care4birds.bg\/pl\/produkt\/fast-form\/","title":{"rendered":"Fast Form"},"content":{"rendered":"<h6>Poprawa wydajno\u015bci i dezynfekcja wody pitnej. Go\u0142\u0119biom o wysokiej wydajno\u015bci nie wystarczy podawa\u0107 tylko ziarno i wod\u0119, ptaki b\u0119d\u0105 w najlepszej formie dzi\u0119ki FASTFORM!<\/h6>\n<h6>Dawkowanie:<\/h6>\n<div>\nPoprawa wydajno\u015bci w okresie wy\u015bcig\u00f3w: codziennie 5 ml na 2-3 litry (2 ml\/litr) czystej wody pitnej. W bardzo gor\u0105ce dni zwi\u0119kszy\u0107 ilo\u015b\u0107 wody do 5 litr\u00f3w. W dniu lotu podawa\u0107 tylko czyst\u0105 wod\u0119!<br \/>\nPodczas l\u0119g\u00f3w i pierzenia: 5 ml na 5 litr\u00f3w (1 ml\/litr) czystej wody pitnej, 1-2 razy w tygodniu.<\/p>\n<p>Do dezynfekcji wody w poid\u0142ach w pozosta\u0142ej cz\u0119\u015bci roku: raz w tygodniu 5 ml na 5 litr\u00f3w (1 ml\/litr) wody pitnej.<br \/>\nPrzed u\u017cyciem wstrz\u0105sn\u0105\u0107!<br \/>\n<b>Wa\u017cne:<\/b> Nie u\u017cywa\u0107 ocynkowanych ani miedzianych poide\u0142.<br \/>\nMo\u017cna u\u017cywa\u0107 poide\u0142 ze stali nierdzewnej.\n<\/div>\n<h6>Sk\u0142ad (na 1000 ml produktu):<\/h6>\n<div>\nSiarczan kobaltu(II) 7H2O \u00a0 60 mg<br \/>\nJodek potasu \u00a0 90.000 mg<br \/>\nMolybdenian sodu 2H2O \u00a0 20 mg<br \/>\nCytrynian \u017celaza amonowego \u00a0 50.000 mg\n<\/div>\n<h4>Uwagi<\/h4>\n<div>\n&#8211; Przechowywa\u0107 w suchym miejscu, z dala od \u015bwiat\u0142a s\u0142onecznego, w temperaturze 0-30 \u00b0C.<br \/>\n&#8211; Okres przydatno\u015bci po otwarciu: jeden (1) rok.<br \/>\n&#8211; Trzyma\u0107 poza zasi\u0119giem dzieci.<br \/>\n&#8211; Tylko do u\u017cytku weterynaryjnego. Nie dla zwierz\u0105t przeznaczonych do produkcji \u017cywno\u015bci dla ludzi.\n<\/div>\n","protected":false},"excerpt":{"rendered":"<p>Poprawa wydajno\u015bci i dezynfekcja wody pitnej. Go\u0142\u0119biom o wysokiej wydajno\u015bci nie wystarczy podawa\u0107 tylko ziarno i wod\u0119, ptaki b\u0119d\u0105 w najlepszej formie&hellip;<\/p>\n","protected":false},"featured_media":13548,"template":"","meta":[],"product_cat":[307],"product_tag":[],"class_list":{"0":"post-13763","1":"product","2":"type-product","3":"status-publish","4":"has-post-thumbnail","6":"product_cat-suplementy-dla-golebi","8":"first","9":"instock","10":"shipping-taxable","11":"product-type-simple"},"_links":{"self":[{"href":"https:\/\/care4birds.bg\/pl\/wp-json\/wp\/v2\/product\/13763","targetHints":{"allow":["GET"]}}],"collection":[{"href":"https:\/\/care4birds.bg\/pl\/wp-json\/wp\/v2\/product"}],"about":[{"href":"https:\/\/care4birds.bg\/pl\/wp-json\/wp\/v2\/types\/product"}],"wp:featuredmedia":[{"embeddable":true,"href":"https:\/\/care4birds.bg\/pl\/wp-json\/wp\/v2\/media\/13548"}],"wp:attachment":[{"href":"https:\/\/care4birds.bg\/pl\/wp-json\/wp\/v2\/media?parent=13763"}],"wp:term":[{"taxonomy":"product_cat","embeddable":true,"href":"https:\/\/care4birds.bg\/pl\/wp-json\/wp\/v2\/product_cat?post=13763"},{"taxonomy":"product_tag","embeddable":true,"href":"https:\/\/care4birds.bg\/pl\/wp-json\/wp\/v2\/product_tag?post=13763"}],"curies":[{"name":"wp","href":"https:\/\/api.w.org\/{rel}","templated":true}]}}