{"id":13768,"date":"2025-11-03T11:15:22","date_gmt":"2025-11-03T11:15:22","guid":{"rendered":"https:\/\/care4birds.bg\/product\/wonder-care\/"},"modified":"2026-04-09T10:13:02","modified_gmt":"2026-04-09T10:13:02","slug":"wonder-care","status":"publish","type":"product","link":"https:\/\/care4birds.bg\/pl\/produkt\/wonder-care\/","title":{"rendered":"Wonder Care"},"content":{"rendered":"<h6>Poprawa zdrowia jelit i zapobieganie infekcjom bakteryjnym.<\/h6>\n<div>\nWonder Care ma pozytywne dzia\u0142anie, kt\u00f3rego wiele innych produkt\u00f3w nie posiada. Jest skuteczny przeciw infekcjom bakteryjnym, E-coli, Salmonella, a tak\u017ce problemom zwi\u0105zanym z infekcjami wirusem Adeno.<br \/>\nWonder Care poprawia mikroflor\u0119 \u017co\u0142\u0105dka i zapobiega infekcji Entero-bakteriami u go\u0142\u0119bi, co jest bardzo wa\u017cne po wyczerpuj\u0105cych wy\u015bcigach i stresie.\n<\/div>\n<h6>Dawkowanie i instrukcje u\u017cycia:<\/h6>\n<div>\nOkres hodowli i m\u0142ode go\u0142\u0119bie dla mocnego wzrostu: 1,5 ml \/ 1 l wody: 1-2 razy w tygodniu<br \/>\nSezon wy\u015bcigowy:<br \/>\n&#8211; Dzie\u0144 po przybyciu: 1 ml \/ 1 l wody<br \/>\n&#8211; Dzie\u0144 przed wysy\u0142k\u0105: 1 ml \/ 1 l wody<br \/>\nOkres pierzenia i zimowy: 1,5 ml \/ 1 l wody: 1-2 razy w tygodniu\n<\/div>\n","protected":false},"excerpt":{"rendered":"<p>Poprawa zdrowia jelit i zapobieganie infekcjom bakteryjnym. Wonder Care ma pozytywne dzia\u0142anie, kt\u00f3rego wiele innych produkt\u00f3w nie posiada. Jest skuteczny przeciw infekcjom&hellip;<\/p>\n","protected":false},"featured_media":13769,"template":"","meta":[],"product_cat":[307],"product_tag":[],"class_list":{"0":"post-13768","1":"product","2":"type-product","3":"status-publish","4":"has-post-thumbnail","6":"product_cat-suplementy-dla-golebi","8":"first","9":"instock","10":"shipping-taxable","11":"product-type-simple"},"_links":{"self":[{"href":"https:\/\/care4birds.bg\/pl\/wp-json\/wp\/v2\/product\/13768","targetHints":{"allow":["GET"]}}],"collection":[{"href":"https:\/\/care4birds.bg\/pl\/wp-json\/wp\/v2\/product"}],"about":[{"href":"https:\/\/care4birds.bg\/pl\/wp-json\/wp\/v2\/types\/product"}],"wp:featuredmedia":[{"embeddable":true,"href":"https:\/\/care4birds.bg\/pl\/wp-json\/wp\/v2\/media\/13769"}],"wp:attachment":[{"href":"https:\/\/care4birds.bg\/pl\/wp-json\/wp\/v2\/media?parent=13768"}],"wp:term":[{"taxonomy":"product_cat","embeddable":true,"href":"https:\/\/care4birds.bg\/pl\/wp-json\/wp\/v2\/product_cat?post=13768"},{"taxonomy":"product_tag","embeddable":true,"href":"https:\/\/care4birds.bg\/pl\/wp-json\/wp\/v2\/product_tag?post=13768"}],"curies":[{"name":"wp","href":"https:\/\/api.w.org\/{rel}","templated":true}]}}