{"id":13775,"date":"2025-11-03T11:15:11","date_gmt":"2025-11-03T11:15:11","guid":{"rendered":"https:\/\/care4birds.bg\/product\/carni-form\/"},"modified":"2026-04-09T10:14:21","modified_gmt":"2026-04-09T10:14:21","slug":"carni-form","status":"publish","type":"product","link":"https:\/\/care4birds.bg\/pl\/produkt\/carni-form\/","title":{"rendered":"Carni Form"},"content":{"rendered":"<div>\nTa kombinacja odgrywa kluczow\u0105 rol\u0119 w metabolizmie lipid\u00f3w u go\u0142\u0119bi. Go\u0142\u0105b otrzymuje potrzebn\u0105 ilo\u015b\u0107 L-karnityny. Dodatkowo produkt zawiera magnez i selen dla lepszego funkcjonowania mi\u0119\u015bni.\n<\/div>\n<h6>Dawkowanie<\/h6>\n<div>\nCarni-Form mo\u017cna podawa\u0107 w wodzie pitnej lub w paszy:<br \/>\n&#8211; 10 ml na litr wody pitnej lub<br \/>\n&#8211; 15 ml na 1 kg paszy<br \/>\n&#8211; Podawa\u0107 w celu ochrony mi\u0119\u015bni co najmniej 14 dni przed pierwszym lotem, lub codziennie przed rozpocz\u0119ciem lot\u00f3w konkursowych.<br \/>\n&#8211; W sezonie wy\u015bcigowym mi\u0119dzy lotami 1-5 razy w tygodniu.\n<\/div>\n<h6>Sk\u0142ad:<\/h6>\n<div>\nL-Karnityna &#8211; 150 000 mg<br \/>\nChlorek magnezu &#8211; 50 000 mg<br \/>\nSelenian sodu &#8211; 70 mg<br \/>\n\u015arodek konserwuj\u0105cy &#8211; 7000 mg\n<\/div>\n","protected":false},"excerpt":{"rendered":"<p>Ta kombinacja odgrywa kluczow\u0105 rol\u0119 w metabolizmie lipid\u00f3w u go\u0142\u0119bi. Go\u0142\u0105b otrzymuje potrzebn\u0105 ilo\u015b\u0107 L-karnityny. Dodatkowo produkt zawiera magnez i selen dla&hellip;<\/p>\n","protected":false},"featured_media":13552,"template":"","meta":[],"product_cat":[307],"product_tag":[],"class_list":{"0":"post-13775","1":"product","2":"type-product","3":"status-publish","4":"has-post-thumbnail","6":"product_cat-suplementy-dla-golebi","8":"first","9":"instock","10":"shipping-taxable","11":"product-type-simple"},"_links":{"self":[{"href":"https:\/\/care4birds.bg\/pl\/wp-json\/wp\/v2\/product\/13775","targetHints":{"allow":["GET"]}}],"collection":[{"href":"https:\/\/care4birds.bg\/pl\/wp-json\/wp\/v2\/product"}],"about":[{"href":"https:\/\/care4birds.bg\/pl\/wp-json\/wp\/v2\/types\/product"}],"wp:featuredmedia":[{"embeddable":true,"href":"https:\/\/care4birds.bg\/pl\/wp-json\/wp\/v2\/media\/13552"}],"wp:attachment":[{"href":"https:\/\/care4birds.bg\/pl\/wp-json\/wp\/v2\/media?parent=13775"}],"wp:term":[{"taxonomy":"product_cat","embeddable":true,"href":"https:\/\/care4birds.bg\/pl\/wp-json\/wp\/v2\/product_cat?post=13775"},{"taxonomy":"product_tag","embeddable":true,"href":"https:\/\/care4birds.bg\/pl\/wp-json\/wp\/v2\/product_tag?post=13775"}],"curies":[{"name":"wp","href":"https:\/\/api.w.org\/{rel}","templated":true}]}}