{"id":13779,"date":"2025-11-03T11:14:27","date_gmt":"2025-11-03T11:14:27","guid":{"rendered":"https:\/\/care4birds.bg\/product\/energy-mix\/"},"modified":"2026-04-09T10:16:13","modified_gmt":"2026-04-09T10:16:13","slug":"energy-mix","status":"publish","type":"product","link":"https:\/\/care4birds.bg\/pl\/produkt\/energy-mix\/","title":{"rendered":"Energy Mix"},"content":{"rendered":"<h6>Mieszanka energetyczna z kreatyn\u0105 i karnityn\u0105.<\/h6>\n<div>\nEnergy Mix zwi\u0119ksza wytrzyma\u0142o\u015b\u0107 Twoich go\u0142\u0119bi. Dla wysokowydajnej muskulatury. Energy Mix wspomaga szybsz\u0105 regeneracj\u0119 po wysi\u0142ku.\n<\/div>\n<h6>Dawkowanie:<\/h6>\n<div>\n1 miarka (12,5 g) na 1 l wody pitnej lub 1 kg paszy<br \/>\nPrzed lotem: 2 dni z rz\u0119du<br \/>\nPo powrocie do domu: 1 dzie\u0144\n<\/div>\n<h6>Sk\u0142ad:<\/h6>\n<div class=\"separator\"><a href=\"https:\/\/blogger.googleusercontent.com\/img\/b\/R29vZ2xl\/AVvXsEinZnxGHEvWyAoLHJO8gwn2RmFmXd7W5mzsNBXRGuW0JC_nj-f6LDa_nceKJVowWxFKn1d2D6QtfXsocQfoPvBztRN2C2k7pQzjkEr7cszJ35-vM2XDClwYrqi8j6nh36VAGRDaNXMwYvr4\/s1600\/composition_energy_mix1.jpg\" target=\"_blank\" rel=\"noopener\"><img decoding=\"async\" src=\"https:\/\/blogger.googleusercontent.com\/img\/b\/R29vZ2xl\/AVvXsEinZnxGHEvWyAoLHJO8gwn2RmFmXd7W5mzsNBXRGuW0JC_nj-f6LDa_nceKJVowWxFKn1d2D6QtfXsocQfoPvBztRN2C2k7pQzjkEr7cszJ35-vM2XDClwYrqi8j6nh36VAGRDaNXMwYvr4\/s320\/composition_energy_mix1.jpg\" width=\"320\" height=\"147\" border=\"0\" data-original-height=\"426\" data-original-width=\"922\" \/><\/a><\/div>\n<h6>Opakowanie:<\/h6>\n<div>650 g s\u0142oik PVC<\/div>\n","protected":false},"excerpt":{"rendered":"<p>Mieszanka energetyczna z kreatyn\u0105 i karnityn\u0105. Energy Mix zwi\u0119ksza wytrzyma\u0142o\u015b\u0107 Twoich go\u0142\u0119bi. Dla wysokowydajnej muskulatury. Energy Mix wspomaga szybsz\u0105 regeneracj\u0119 po wysi\u0142ku.&hellip;<\/p>\n","protected":false},"featured_media":13553,"template":"","meta":[],"product_cat":[307],"product_tag":[],"class_list":{"0":"post-13779","1":"product","2":"type-product","3":"status-publish","4":"has-post-thumbnail","6":"product_cat-suplementy-dla-golebi","8":"first","9":"instock","10":"shipping-taxable","11":"product-type-simple"},"_links":{"self":[{"href":"https:\/\/care4birds.bg\/pl\/wp-json\/wp\/v2\/product\/13779","targetHints":{"allow":["GET"]}}],"collection":[{"href":"https:\/\/care4birds.bg\/pl\/wp-json\/wp\/v2\/product"}],"about":[{"href":"https:\/\/care4birds.bg\/pl\/wp-json\/wp\/v2\/types\/product"}],"wp:featuredmedia":[{"embeddable":true,"href":"https:\/\/care4birds.bg\/pl\/wp-json\/wp\/v2\/media\/13553"}],"wp:attachment":[{"href":"https:\/\/care4birds.bg\/pl\/wp-json\/wp\/v2\/media?parent=13779"}],"wp:term":[{"taxonomy":"product_cat","embeddable":true,"href":"https:\/\/care4birds.bg\/pl\/wp-json\/wp\/v2\/product_cat?post=13779"},{"taxonomy":"product_tag","embeddable":true,"href":"https:\/\/care4birds.bg\/pl\/wp-json\/wp\/v2\/product_tag?post=13779"}],"curies":[{"name":"wp","href":"https:\/\/api.w.org\/{rel}","templated":true}]}}